{"id":211851,"date":"2024-01-18T10:25:02","date_gmt":"2024-01-18T09:25:02","guid":{"rendered":"https:\/\/desdropi.com\/elparque\/?post_type=product&#038;p=211851"},"modified":"2024-05-17T13:02:07","modified_gmt":"2024-05-17T11:02:07","slug":"smartphone-realme-c53-8-256-674-mighty-black","status":"publish","type":"product","link":"https:\/\/desdropi.com\/elparque\/smartphone-realme-c53-8-256-674-mighty-black\/","title":{"rendered":"SMARTPHONE REALME C53 8\/256 6,74&#8243; MIGHTY BLACK"},"content":{"rendered":"<div class=\"descripcion tab>\nMarca REALME<br \/>\nModelo130010133839<br \/>\nEAN6941764421448<\/p>\n<p><strong>Procesador<\/strong><\/p>\n<ul>\n<li>Frecuencia del procesador turbo 1,82<\/li>\n<li>N\u00famero de n\u00facleos de procesador 8<\/li>\n<\/ul>\n<p><strong>Exhibici\u00f3n<\/strong><\/p>\n<ul>\n<li>N\u00famero de colores de la pantalla 16,7 millones de colores<\/li>\n<li>M\u00e1xima velocidad de actualizaci\u00f3n 90<\/li>\n<li>Forma de la pantalla Plana<\/li>\n<li>Brillo m\u00e1ximo de la pantalla (exteriores) 560<\/li>\n<li>Tama\u00f1o de la pantalla 17,1<\/li>\n<\/ul>\n<p><strong>Puertos e Interfaces<\/strong><\/p>\n<ul>\n<li>Conector USB Tipo C<\/li>\n<li>Puerto USB S\u00ed<\/li>\n<li>Auriculares 3,5 mm<\/li>\n<\/ul>\n<p><strong>Peso y dimensiones<\/strong><\/p>\n<ul>\n<li>Altura 167,3<\/li>\n<li>Peso 182<\/li>\n<li>Profundidad 7,49<\/li>\n<li>Ancho 76,7<\/li>\n<\/ul>\n<p><strong>Medios de almacenaje<\/strong><\/p>\n<ul>\n<li>Tama\u00f1o m\u00e1ximo de tarjeta de memoria 2<\/li>\n<li>Tarjetas de memoria compatibles MicroSD (TransFlash)<\/li>\n<li>Tipo de memoria RAM interna LPDDR4X<\/li>\n<li>Tipo de ranura para tarjeta de memoria Ranura dedicada<\/li>\n<li>RAM interna 8<\/li>\n<li>Memoria interna 256<\/li>\n<\/ul>\n<p><strong>Navegaci\u00f3n<\/strong><\/p>\n<ul>\n<li>GLONASS S\u00ed<\/li>\n<li>GPS (sat\u00e9lite) S\u00ed<\/li>\n<li>GPS S\u00ed<\/li>\n<li>Galileo S\u00ed<\/li>\n<\/ul>\n<p><strong>Software<\/strong><\/p>\n<ul>\n<li>Operating system fork realme UI<\/li>\n<li>Sistema operativo instalado Android 13<\/li>\n<li>Plataforma Android<\/li>\n<\/ul>\n<p><strong>C\u00e1mara fotogr\u00e1fica<\/strong><\/p>\n<ul>\n<li>Panor\u00e1mica S\u00ed<\/li>\n<li>Resoluci\u00f3n de la c\u00e1mara trasera (num\u00e9rica) 50<\/li>\n<li>Tipo de c\u00e1mara frontal C\u00e1mara \u00fanica<\/li>\n<li>Flash en c\u00e1mara trasera S\u00ed<\/li>\n<li>Modo de alto rango din\u00e1mico (HDR) de la c\u00e1mara S\u00ed<\/li>\n<li>Modos de grabaci\u00f3n de v\u00eddeo 480p, 720p, 1080p<\/li>\n<li>Resoluci\u00f3n de captura de video 1920 x 1080<\/li>\n<li>Modo noche S\u00ed<\/li>\n<li>AI scene recognition S\u00ed<\/li>\n<li>Modo de lapso de tiempo S\u00ed<\/li>\n<li>Resoluci\u00f3n de la c\u00e1mara frontal (num\u00e9rica) 8<\/li>\n<li>Modo retrato S\u00ed<\/li>\n<li>Velocidad m\u00e1xima de cuadro 30<\/li>\n<\/ul>\n<p><strong>Contenido del embalaje<\/strong><\/p>\n<ul>\n<li>Funda protectora S\u00ed<\/li>\n<li>Adaptador AC incluido S\u00ed<\/li>\n<li>Tarjeta de garant\u00eda S\u00ed<\/li>\n<li>Gu\u00eda de configuraci\u00f3n r\u00e1pida S\u00ed<\/li>\n<li>Cables incluidos USB Tipo C<\/li>\n<li>Ejection pin S\u00ed<\/li>\n<li>Potencia de adaptador AC33<\/li>\n<\/ul>\n<p><strong>Sensores<\/strong><\/p>\n<ul>\n<li>Aceler\u00f3metro S\u00ed<\/li>\n<li>Sensor de luz ambiental S\u00ed<\/li>\n<li>sensor magn\u00e9tico S\u00ed<\/li>\n<li>Sensor de proximidad S\u00ed<\/li>\n<li>Giroscopio S\u00ed<\/li>\n<\/ul>\n<p><strong>Bater\u00eda<\/strong><\/p>\n<ul>\n<li>Capacidad de bater\u00eda 5000<\/li>\n<\/ul>\n<p><strong>Dise\u00f1o<\/strong><\/p>\n<ul>\n<li>Nombre del color Mighty Black<\/li>\n<li>Factor de forma Barra<\/li>\n<li>Color del tel\u00e9fono Negro<\/li>\n<\/ul>\n<p><strong>Desempe\u00f1o<\/strong><\/p>\n<ul>\n<li>Adaptador gr\u00e1fico Mali-G57<\/li>\n<li>Fast charging technology SuperVOOC<\/li>\n<li>Lector de huella digital S\u00ed<\/li>\n<li>Carga r\u00e1pida S\u00ed<\/li>\n<\/ul>\n<p><strong>Conexi\u00f3n<\/strong><\/p>\n<ul>\n<li>Versi\u00f3n de Bluetooth 5.0<\/li>\n<li>Bluetooth S\u00ed<\/li>\n<li>Capacidad de la tarjeta SIM Ranura h\u00edbrida Dual SIM<\/li>\n<li>Tipo de tarjeta SIM Nano SIM<\/li>\n<li>Est\u00e1ndares 3GW CDMA<\/li>\n<li>Wifi S\u00ed<\/li>\n<li>Est\u00e1ndar 4G TD-LTE &amp; FDD-LTE<\/li>\n<li>Mobile network generation 4G<\/li>\n<li>Est\u00e1ndar 5G No compatible<\/li>\n<\/ul>\n<\/div>\n","protected":false},"excerpt":{"rendered":"","protected":false},"featured_media":211852,"comment_status":"open","ping_status":"closed","template":"","meta":{"_joinchat":[]},"product_cat":[795,6476,7133],"product_tag":[],"class_list":{"0":"post-211851","1":"product","2":"type-product","3":"status-publish","4":"has-post-thumbnail","6":"product_cat-electronica","7":"product_cat-telefonos","8":"product_cat-ofertas-smartphones","10":"first","11":"instock","12":"sale","13":"taxable","14":"shipping-taxable","15":"purchasable","16":"product-type-simple"},"_links":{"self":[{"href":"https:\/\/desdropi.com\/elparque\/wp-json\/wp\/v2\/product\/211851"}],"collection":[{"href":"https:\/\/desdropi.com\/elparque\/wp-json\/wp\/v2\/product"}],"about":[{"href":"https:\/\/desdropi.com\/elparque\/wp-json\/wp\/v2\/types\/product"}],"replies":[{"embeddable":true,"href":"https:\/\/desdropi.com\/elparque\/wp-json\/wp\/v2\/comments?post=211851"}],"version-history":[{"count":0,"href":"https:\/\/desdropi.com\/elparque\/wp-json\/wp\/v2\/product\/211851\/revisions"}],"wp:featuredmedia":[{"embeddable":true,"href":"https:\/\/desdropi.com\/elparque\/wp-json\/wp\/v2\/media\/211852"}],"wp:attachment":[{"href":"https:\/\/desdropi.com\/elparque\/wp-json\/wp\/v2\/media?parent=211851"}],"wp:term":[{"taxonomy":"product_cat","embeddable":true,"href":"https:\/\/desdropi.com\/elparque\/wp-json\/wp\/v2\/product_cat?post=211851"},{"taxonomy":"product_tag","embeddable":true,"href":"https:\/\/desdropi.com\/elparque\/wp-json\/wp\/v2\/product_tag?post=211851"}],"curies":[{"name":"wp","href":"https:\/\/api.w.org\/{rel}","templated":true}]}}