{"id":211954,"date":"2024-01-18T18:35:40","date_gmt":"2024-01-18T17:35:40","guid":{"rendered":"https:\/\/desdropi.com\/elparque\/?post_type=product&#038;p=211954"},"modified":"2024-05-17T13:02:08","modified_gmt":"2024-05-17T11:02:08","slug":"smartphone-samsung-a25-5g-8-256-65-black","status":"publish","type":"product","link":"https:\/\/desdropi.com\/elparque\/smartphone-samsung-a25-5g-8-256-65-black\/","title":{"rendered":"SMARTPHONE SAMSUNG A25 5G 8\/256 6,5&#8243; BLACK"},"content":{"rendered":"<div class=\"descripcion tab\"><\/div>\n<p>Marca SAMSUNG<br \/>\nModeloSM-A256BZBHEUB<br \/>\nEAN8806095382579<\/p>\n<p><strong>Procesador<\/strong><\/p>\n<ul>\n<li>Frecuencia del procesador turbo 2,4<\/li>\n<li>N\u00famero de n\u00facleos de procesador 4<\/li>\n<li>Frecuencia del procesador 2<\/li>\n<\/ul>\n<p><strong>Exhibici\u00f3n<\/strong><\/p>\n<ul>\n<li>Resoluci\u00f3n de la pantalla1080 x 2340<\/li>\n<li>Forma de la pantalla Plana<\/li>\n<li>N\u00famero de colores de la pantalla 16 millones de colores<\/li>\n<li>Tipo de visualizador A MOLED<\/li>\n<li>Display technology marketing name Super AMOLED<\/li>\n<li>Tama\u00f1o de la pantalla 16,5<\/li>\n<\/ul>\n<p><strong>Puertos e Interfaces<\/strong><\/p>\n<ul>\n<li>Versi\u00f3n USB 2.0<\/li>\n<li>Conector USB Tipo C<\/li>\n<li>Puerto USB S\u00ed<\/li>\n<li>Auriculares 3,5 mm<\/li>\n<\/ul>\n<p><strong>Peso y dimensiones<\/strong><\/p>\n<ul>\n<li>Profundidad 8,3<\/li>\n<li>Peso 197<\/li>\n<li>Ancho 76,5<\/li>\n<li>Altura 161<\/li>\n<\/ul>\n<p><strong>Medios de almacenaje<\/strong><\/p>\n<ul>\n<li>Tarjetas de memoria compatibles MicroSD (TransFlash)<\/li>\n<li>Tama\u00f1o m\u00e1ximo de tarjeta de memoria 1<\/li>\n<li>Memoria del usuario 235,9<\/li>\n<li>Memoria interna 256<\/li>\n<li>RAM interna 8<\/li>\n<\/ul>\n<p><strong>Navegaci\u00f3n<\/strong><\/p>\n<ul>\n<li>Galileo S\u00ed<\/li>\n<li>Sistema por Sat\u00e9lite Quasi-Zenith (QZSS) S\u00ed<\/li>\n<li>GPS (sat\u00e9lite) S\u00ed<\/li>\n<li>GPS S\u00ed<\/li>\n<li>BeiDou S\u00ed<\/li>\n<li>GLONASS S\u00ed<\/li>\n<\/ul>\n<p><strong>Software<\/strong><\/p>\n<ul>\n<li>Plataforma Android<\/li>\n<\/ul>\n<p><strong>C\u00e1mara fotogr\u00e1fica<\/strong><\/p>\n<ul>\n<li>Resoluci\u00f3n de captura de video 3840 x 2160<\/li>\n<li>Resoluci\u00f3n de la segunda c\u00e1mara trasera (num\u00e9rica) 8<\/li>\n<li>N\u00famero de apertura de la segunda c\u00e1mara trasera 2,2<\/li>\n<li>Resoluci\u00f3n de la c\u00e1mara frontal (num\u00e9rica) 13<\/li>\n<li>Resoluci\u00f3n en velocidad de captura 1920&#215;1080@60fps, 3840&#215;2160@30fps<\/li>\n<li>Tipo de c\u00e1mara frontal C\u00e1mara \u00fanica<\/li>\n<li>Tipo de c\u00e1mara trasera Triple c\u00e1mara<\/li>\n<li>Autoenfoque S\u00ed<\/li>\n<li>Resoluci\u00f3n de la tercera c\u00e1mara trasera (num\u00e9rica) 2<\/li>\n<li>N\u00famero de diafragma de la tercera c\u00e1mara trasera 2,4<\/li>\n<li>C\u00e1mara frontal con flash No<\/li>\n<li>Flash en c\u00e1mara trasera S\u00ed<\/li>\n<li>Velocidad m\u00e1xima de cuadro 60<\/li>\n<li>N\u00famero de apertura de la c\u00e1mara trasera 1,8<\/li>\n<li>Resoluci\u00f3n de la c\u00e1mara trasera (num\u00e9rica) 50<\/li>\n<li>N\u00famero de apertura de la c\u00e1mara frontal 2,2<\/li>\n<\/ul>\n<p><strong>Sensores<\/strong><\/p>\n<ul>\n<li>Sensor de luz ambiental S\u00ed<\/li>\n<li>Aceler\u00f3metro S\u00ed<\/li>\n<li>Sensor de proximidad S\u00ed<\/li>\n<li>Giroscopio S\u00ed<\/li>\n<li>Sensor geomagn\u00e9tico S\u00ed<\/li>\n<\/ul>\n<p><strong>Bater\u00eda<\/strong><\/p>\n<ul>\n<li>Tiempo continuo de reproducci\u00f3n de video 21<\/li>\n<li>Tiempo de navegaci\u00f3n (4G) 19<\/li>\n<li>Tiempo de navegaci\u00f3n (Wi-Fi) 19<\/li>\n<li>Tiempo continuo de reproducci\u00f3n de audio (pantalla desactivada) 124<\/li>\n<li>Tiempo en conversaci\u00f3n (4G) 38<\/li>\n<li>Capacidad de bater\u00eda 5000<\/li>\n<\/ul>\n<p><strong>Dise\u00f1o<\/strong><\/p>\n<ul>\n<li>Factor de forma Barra<\/li>\n<li>Color del tel\u00e9fono Negro<\/li>\n<\/ul>\n<p><strong>Desempe\u00f1o<\/strong><\/p>\n<ul>\n<li>Lector de huella digital S\u00ed<\/li>\n<\/ul>\n<p><strong>Multimedia<\/strong><\/p>\n<ul>\n<li>Formatos de v\u00eddeo compatibles3G 2, 3GP, AVI, FLV, M4V, MKV, MP4, WEBM<\/li>\n<li>Altavoces Mono<\/li>\n<li>Formatos de audio soportados 3G A, AAC, AMR, AWB, FLAC, IMY, M4A, Semitorre, MIDI, MP3, MXMF, OGA, OGG, OTA, RTTTL, RTX, WAV, XMF<\/li>\n<\/ul>\n<p><strong>Suscripci\u00f3n<\/strong><\/p>\n<ul>\n<li>Tipo de suscripci\u00f3n Sin suscripci\u00f3n<\/li>\n<\/ul>\n<p><strong>Conexi\u00f3n<\/strong><\/p>\n<ul>\n<li>Mobile network generation 5G<\/li>\n<li>Est\u00e1ndar 5G Sub6 FDD, Sub6 TDD<\/li>\n<li>Wi-Fi est\u00e1ndares 802.11a, 802.11b, 802.11g, Wi-Fi 4 (802.11n), Wi-Fi 5 (802.11ac)<\/li>\n<li>Wifi S\u00ed<\/li>\n<li>Bluetooth S\u00ed<\/li>\n<li>Est\u00e1ndar 4G LTE-TDD &amp; LTE-FDD<\/li>\n<li>Tipo de tarjeta SIM Nano SIM<\/li>\n<li>Versi\u00f3n de Bluetooth 5.3<\/li>\n<li>NFC S\u00ed<\/li>\n<li>Capacidad de la tarjeta SIM\u00a0 doble<\/li>\n<li>Est\u00e1ndares 3G UMTS<\/li>\n<\/ul>\n","protected":false},"excerpt":{"rendered":"<p>Marca SAMSUNG ModeloSM-A256BZBHEUB EAN8806095382579 Procesador Frecuencia del procesador turbo 2,4 N\u00famero de n\u00facleos de procesador 4 Frecuencia del procesador 2<\/p>\n","protected":false},"featured_media":211955,"comment_status":"open","ping_status":"closed","template":"","meta":{"_joinchat":[]},"product_cat":[795,6476,7133],"product_tag":[],"class_list":{"0":"post-211954","1":"product","2":"type-product","3":"status-publish","4":"has-post-thumbnail","6":"product_cat-electronica","7":"product_cat-telefonos","8":"product_cat-ofertas-smartphones","10":"first","11":"instock","12":"sale","13":"taxable","14":"shipping-taxable","15":"purchasable","16":"product-type-simple"},"_links":{"self":[{"href":"https:\/\/desdropi.com\/elparque\/wp-json\/wp\/v2\/product\/211954"}],"collection":[{"href":"https:\/\/desdropi.com\/elparque\/wp-json\/wp\/v2\/product"}],"about":[{"href":"https:\/\/desdropi.com\/elparque\/wp-json\/wp\/v2\/types\/product"}],"replies":[{"embeddable":true,"href":"https:\/\/desdropi.com\/elparque\/wp-json\/wp\/v2\/comments?post=211954"}],"version-history":[{"count":0,"href":"https:\/\/desdropi.com\/elparque\/wp-json\/wp\/v2\/product\/211954\/revisions"}],"wp:featuredmedia":[{"embeddable":true,"href":"https:\/\/desdropi.com\/elparque\/wp-json\/wp\/v2\/media\/211955"}],"wp:attachment":[{"href":"https:\/\/desdropi.com\/elparque\/wp-json\/wp\/v2\/media?parent=211954"}],"wp:term":[{"taxonomy":"product_cat","embeddable":true,"href":"https:\/\/desdropi.com\/elparque\/wp-json\/wp\/v2\/product_cat?post=211954"},{"taxonomy":"product_tag","embeddable":true,"href":"https:\/\/desdropi.com\/elparque\/wp-json\/wp\/v2\/product_tag?post=211954"}],"curies":[{"name":"wp","href":"https:\/\/api.w.org\/{rel}","templated":true}]}}