{"id":212002,"date":"2024-01-19T19:23:25","date_gmt":"2024-01-19T18:23:25","guid":{"rendered":"https:\/\/desdropi.com\/elparque\/?post_type=product&#038;p=212002"},"modified":"2024-01-22T20:12:29","modified_gmt":"2024-01-22T19:12:29","slug":"purificador-de-aire-de-filtro-hepa","status":"publish","type":"product","link":"https:\/\/desdropi.com\/elparque\/purificador-de-aire-de-filtro-hepa\/","title":{"rendered":"PURIFICADOR DE AIRE DE FILTRO HEPA"},"content":{"rendered":"<div class=\"descripcion-tab\">\n<p><strong>Purificador de Aire LAICA HI5000W\u00a0<\/strong><\/p>\n<ul>\n<li>Si eres de los que aprecia cuidar cada detalle del hogar y siempre est\u00e1 a la \u00faltima en productos que hacen la vida m\u00e1s f\u00e1cil, no te pierdas la oportunidad de adquirir el Purificador de Aire LAICA HI5000W en elegante color blanco y al mejor precio.<\/li>\n<\/ul>\n<p><strong>Caracter\u00edsticas:<\/strong><\/p>\n<ul>\n<li>Tipo: Purificador de Aire con Filtro HEPA y Generador de Plasma<\/li>\n<li>Color: Blanco<\/li>\n<li>Funciones: Elimina Humo, Malos Olores, Moho, Alergenos como el Polvo y el Polen<\/li>\n<li>CADR: 42 M3\/Hora y 55 M3<\/li>\n<li>Potencia: 25W<\/li>\n<li>Este Purificador de Aire LAICA HI5000W no solo a\u00f1ade un toque moderno a tu hogar con su dise\u00f1o en blanco, sino que tambi\u00e9n ofrece un rendimiento excepcional en la purificaci\u00f3n del aire. Equipado con un filtro HEPA y un generador de plasma, este dispositivo es eficaz para eliminar humo, malos olores, moho, polvo y polen, contribuyendo a un ambiente m\u00e1s limpio y saludable.<\/li>\n<li>Con una capacidad de limpieza (CADR) de 42 M3 por hora y 55 M3, este purificador es capaz de mantener el aire de tu hogar fresco y puro. Adem\u00e1s, su bajo consumo de energ\u00eda de 25W lo convierte en una opci\u00f3n eficiente y respetuosa con el medio ambiente.<\/li>\n<li>Hazte con el Purificador de Aire LAICA HI5000W y disfruta de un aire m\u00e1s limpio y saludable en tu hogar.<\/li>\n<\/ul>\n<\/div>\n","protected":false},"excerpt":{"rendered":"<p>Purificador de Aire LAICA HI5000W\u00a0 Si eres de los que aprecia cuidar cada detalle del hogar y siempre est\u00e1 a<\/p>\n","protected":false},"featured_media":212003,"comment_status":"open","ping_status":"closed","template":"","meta":{"_joinchat":[]},"product_cat":[6576,6577,3301],"product_tag":[],"class_list":{"0":"post-212002","1":"product","2":"type-product","3":"status-publish","4":"has-post-thumbnail","6":"product_cat-ambiente","7":"product_cat-humidificadores-ambiente","8":"product_cat-climatizacion-y-calefaccion","10":"first","11":"instock","12":"taxable","13":"shipping-taxable","14":"purchasable","15":"product-type-simple"},"_links":{"self":[{"href":"https:\/\/desdropi.com\/elparque\/wp-json\/wp\/v2\/product\/212002"}],"collection":[{"href":"https:\/\/desdropi.com\/elparque\/wp-json\/wp\/v2\/product"}],"about":[{"href":"https:\/\/desdropi.com\/elparque\/wp-json\/wp\/v2\/types\/product"}],"replies":[{"embeddable":true,"href":"https:\/\/desdropi.com\/elparque\/wp-json\/wp\/v2\/comments?post=212002"}],"version-history":[{"count":0,"href":"https:\/\/desdropi.com\/elparque\/wp-json\/wp\/v2\/product\/212002\/revisions"}],"wp:featuredmedia":[{"embeddable":true,"href":"https:\/\/desdropi.com\/elparque\/wp-json\/wp\/v2\/media\/212003"}],"wp:attachment":[{"href":"https:\/\/desdropi.com\/elparque\/wp-json\/wp\/v2\/media?parent=212002"}],"wp:term":[{"taxonomy":"product_cat","embeddable":true,"href":"https:\/\/desdropi.com\/elparque\/wp-json\/wp\/v2\/product_cat?post=212002"},{"taxonomy":"product_tag","embeddable":true,"href":"https:\/\/desdropi.com\/elparque\/wp-json\/wp\/v2\/product_tag?post=212002"}],"curies":[{"name":"wp","href":"https:\/\/api.w.org\/{rel}","templated":true}]}}