{"id":212028,"date":"2024-01-19T19:58:05","date_gmt":"2024-01-19T18:58:05","guid":{"rendered":"https:\/\/desdropi.com\/elparque\/?post_type=product&#038;p=212028"},"modified":"2024-01-22T19:57:03","modified_gmt":"2024-01-22T18:57:03","slug":"bascula-de-bano-ps7002","status":"publish","type":"product","link":"https:\/\/desdropi.com\/elparque\/bascula-de-bano-ps7002\/","title":{"rendered":"BASCULA DE BA\u00d1O PS7002"},"content":{"rendered":"<div class=\"descripcion-tab\">\n<p><strong>Descripci\u00f3n del Producto:<\/strong><\/p>\n<p>Las b\u00e1sculas de ba\u00f1o Laica Smart con conexi\u00f3n bluetooth a una APP ofrecen una soluci\u00f3n avanzada para realizar un seguimiento de los datos de tu peso y composici\u00f3n corporal directamente en tu m\u00f3vil. La b\u00e1scula mide el peso y otros datos de la composici\u00f3n corporal, transmiti\u00e9ndolos por bluetooth a la aplicaci\u00f3n Laica Home Wellness en tu dispositivo m\u00f3vil. Puedes incluir m\u00faltiples usuarios en tu b\u00e1scula y visualizar los datos f\u00e1cilmente a trav\u00e9s de la APP Laica Home Wellness, disponible para descarga gratuita en tiendas como Google Play o APP Store.<\/p>\n<p>Al conectar una b\u00e1scula Smart Laica a Laica Home Wellness, podr\u00e1s monitorizar en tus dispositivos m\u00f3viles:<\/p>\n<ul>\n<li>Peso corporal<\/li>\n<li>% Grasa corporal<\/li>\n<li>% M\u00fasculo<\/li>\n<li>% Agua<\/li>\n<li>\u00cdndice de masa corporal<\/li>\n<li>Metabolismo basal<\/li>\n<li>Tendencia cronol\u00f3gica de las mediciones con gr\u00e1ficos (semanales, mensuales, anuales y las \u00faltimas 10 mediciones)<\/li>\n<\/ul>\n<p>Puedes elegir entre ver el peso en kilogramos o en libras seg\u00fan tus preferencias. Estas b\u00e1sculas se conectan autom\u00e1ticamente al subirte y se desconectan unos segundos despu\u00e9s de su uso. Adem\u00e1s, las b\u00e1sculas Laica garantizan una alta calidad y ofrecen una garant\u00eda de 2 a\u00f1os en caso de cualquier problema.<\/p>\n<p><strong>Contenido de la Caja:<\/strong><\/p>\n<ul>\n<li>1 x B\u00e1scula<\/li>\n<\/ul>\n<p><strong>M\u00e1s Informaci\u00f3n del Producto:<\/strong><\/p>\n<ul>\n<li>Marca: Laica<\/li>\n<li>Modelo: PS7002 B\u00e1sculas de Ba\u00f1o Smart<\/li>\n<\/ul>\n<p><strong>Caracter\u00edsticas Adicionales:<\/strong><\/p>\n<ul>\n<li>B\u00e1sculas de ba\u00f1o electr\u00f3nicas con c\u00e1lculo de composici\u00f3n corporal.<\/li>\n<li>Mide el peso, % de masa grasa, % de agua, tasa metab\u00f3lica basal e \u00edndice de masa corporal.<\/li>\n<li>Conexi\u00f3n Bluetooth a la aplicaci\u00f3n Laica Home Wellness.<\/li>\n<\/ul>\n<p><strong>Conexi\u00f3n con la Aplicaci\u00f3n Laica Home Wellness:<\/strong><\/p>\n<ul>\n<li>Con\u00e9ctala con la aplicaci\u00f3n Laica Home Wellness para obtener informes en tiempo real y tablas de comparaci\u00f3n de grabaciones anteriores.<\/li>\n<li>Registra m\u00faltiples usuarios y contacta al soporte si es necesario.<\/li>\n<\/ul>\n<p><strong>Compatibilidad de la Aplicaci\u00f3n:<\/strong><\/p>\n<ul>\n<li>La aplicaci\u00f3n es compatible con m\u00f3viles iOS desde la versi\u00f3n 10 en adelante y dispositivos Android desde la versi\u00f3n 6.0 (Marshmallow).<\/li>\n<\/ul>\n<p><strong>Dise\u00f1o y Pantalla:<\/strong><\/p>\n<ul>\n<li>Pantalla LCD con retroiluminaci\u00f3n para facilitar la lectura.<\/li>\n<li>Plataforma de vidrio templado.<\/li>\n<\/ul>\n<p><strong>Energ\u00eda:<\/strong><\/p>\n<ul>\n<li>Fuente de alimentaci\u00f3n: 3 pilas alcalinas AAA de 1.5V (no incluidas).<\/li>\n<\/ul>\n<p><strong>Caracter\u00edsticas de un Vistazo:<\/strong><\/p>\n<ul>\n<li>Conexi\u00f3n con todos los productos Smart Laica.<\/li>\n<li>Ver y almacenar todos los datos del dispositivo conectado.<\/li>\n<li>Informes en tiempo real con tablas de comparaci\u00f3n con registros anteriores.<\/li>\n<li>Personalizaci\u00f3n de la cuenta con avatar.<\/li>\n<li>Registro de m\u00faltiples usuarios.<\/li>\n<\/ul>\n<p>Estas b\u00e1sculas Laica no solo ofrecen precisi\u00f3n y fiabilidad en el control del peso sino que tambi\u00e9n destacan por su dise\u00f1o italiano y la tecnolog\u00eda utilizada para un monitoreo constante y efectivo de los cambios en el peso corporal.<\/p>\n<\/div>\n","protected":false},"excerpt":{"rendered":"<p>Descripci\u00f3n del Producto: Las b\u00e1sculas de ba\u00f1o Laica Smart con conexi\u00f3n bluetooth a una APP ofrecen una soluci\u00f3n avanzada para<\/p>\n","protected":false},"featured_media":212029,"comment_status":"open","ping_status":"closed","template":"","meta":{"_joinchat":[]},"product_cat":[7037,825],"product_tag":[],"class_list":{"0":"post-212028","1":"product","2":"type-product","3":"status-publish","4":"has-post-thumbnail","6":"product_cat-basculas-de-bano-higiene-y-salud-cuidado-personal","7":"product_cat-pequeno-electrodomestico","9":"first","10":"instock","11":"taxable","12":"shipping-taxable","13":"purchasable","14":"product-type-simple"},"_links":{"self":[{"href":"https:\/\/desdropi.com\/elparque\/wp-json\/wp\/v2\/product\/212028"}],"collection":[{"href":"https:\/\/desdropi.com\/elparque\/wp-json\/wp\/v2\/product"}],"about":[{"href":"https:\/\/desdropi.com\/elparque\/wp-json\/wp\/v2\/types\/product"}],"replies":[{"embeddable":true,"href":"https:\/\/desdropi.com\/elparque\/wp-json\/wp\/v2\/comments?post=212028"}],"version-history":[{"count":0,"href":"https:\/\/desdropi.com\/elparque\/wp-json\/wp\/v2\/product\/212028\/revisions"}],"wp:featuredmedia":[{"embeddable":true,"href":"https:\/\/desdropi.com\/elparque\/wp-json\/wp\/v2\/media\/212029"}],"wp:attachment":[{"href":"https:\/\/desdropi.com\/elparque\/wp-json\/wp\/v2\/media?parent=212028"}],"wp:term":[{"taxonomy":"product_cat","embeddable":true,"href":"https:\/\/desdropi.com\/elparque\/wp-json\/wp\/v2\/product_cat?post=212028"},{"taxonomy":"product_tag","embeddable":true,"href":"https:\/\/desdropi.com\/elparque\/wp-json\/wp\/v2\/product_tag?post=212028"}],"curies":[{"name":"wp","href":"https:\/\/api.w.org\/{rel}","templated":true}]}}