{"id":212040,"date":"2024-01-19T20:18:36","date_gmt":"2024-01-19T19:18:36","guid":{"rendered":"https:\/\/desdropi.com\/elparque\/?post_type=product&#038;p=212040"},"modified":"2024-01-22T19:46:37","modified_gmt":"2024-01-22T18:46:37","slug":"bascula-de-bano-ps7025-2","status":"publish","type":"product","link":"https:\/\/desdropi.com\/elparque\/bascula-de-bano-ps7025-2\/","title":{"rendered":"BASCULA DE BA\u00d1O PS7025"},"content":{"rendered":"<div class=\"descripcion-tab\">\n<p><strong>Descripcion:<\/strong><\/p>\n<ul>\n<li>B\u00e1scula electr\u00f3nica smart con c\u00e1lculo de la composici\u00f3n corporal. Descarga la aplicaci\u00f3n gratuita Laica Home Wellness para memorizar y monitorizar datos directamente en tu smartphone.<\/li>\n<\/ul>\n<p><strong>Caracter\u00edsticas:<\/strong><\/p>\n<ul>\n<li>Peso corporal<\/li>\n<li>% Grasa corporal<\/li>\n<li>% M\u00fasculo<\/li>\n<li>% Agua<\/li>\n<li>\u00cdndice de masa corporal<\/li>\n<li>Metabolismo basal<\/li>\n<li>Latido del coraz\u00f3n.<\/li>\n<li>Electrodos ITO (indium tin oxide): nuevo revestimiento conductor que detecta, con rapidez y precisi\u00f3n, informaci\u00f3n sobre la composici\u00f3n corporal.<\/li>\n<li>Env\u00eda autom\u00e1ticamente datos de composici\u00f3n corporal a su tel\u00e9fono inteligente.<\/li>\n<li>Compatible con tecnolog\u00eda bluetooth 4.0 o superior.<\/li>\n<\/ul>\n<p><strong>C\u00f3digo de producto:<\/strong><\/p>\n<ul>\n<li>PS7025<\/li>\n<\/ul>\n<p><strong>C\u00f3digo de barras:<\/strong><\/p>\n<ul>\n<li>8013240102924<\/li>\n<\/ul>\n<p><strong>Dimensiones:<\/strong><\/p>\n<ul>\n<li><strong>Ancho:<\/strong> 30 cm<\/li>\n<li><strong>Alto:<\/strong> 30 cm<\/li>\n<li><strong>Grosor:<\/strong> 2.5 cm<\/li>\n<\/ul>\n<p><strong>Peso:<\/strong><\/p>\n<ul>\n<li>1.77 kg<\/li>\n<\/ul>\n<p><strong>Componentes del producto:<\/strong><\/p>\n<ul>\n<li>1 B\u00e1scula de ba\u00f1o<\/li>\n<li>1 Manual de usuario<\/li>\n<\/ul>\n<p><strong>N\u00famero de usuarios:<\/strong><\/p>\n<ul>\n<li>Unlimited<\/li>\n<\/ul>\n<p><strong>Display:<\/strong><\/p>\n<ul>\n<li>LCD VA (Vertical Alignment) \u2013 6.2 x 10.7 cm<\/li>\n<\/ul>\n<p><strong>Tipo de alimentaci\u00f3n:<\/strong><\/p>\n<ul>\n<li>4\u00d71.5V pilas alcalinas AAA (no incluidas)<\/li>\n<\/ul>\n<p><strong>Peso m\u00e1ximo:<\/strong><\/p>\n<ul>\n<li>180 kg<\/li>\n<\/ul>\n<p><strong>Divisiones:<\/strong><\/p>\n<ul>\n<li>100 g<\/li>\n<\/ul>\n<p><strong>Material de la plataforma:<\/strong><\/p>\n<ul>\n<li>Vidrio templado<\/li>\n<\/ul>\n<p><strong>Lista de dispositivos compatibles:<\/strong><\/p>\n<ul>\n<li>Smartphone iOS a partir de 10\u00aa generaci\u00f3n.<\/li>\n<li>Para dispositivos con sistema operativo Android\u2122 a partir de la 6.0 generaci\u00f3n (Marshmallow).<\/li>\n<\/ul>\n<\/div>\n","protected":false},"excerpt":{"rendered":"<p>Descripcion: B\u00e1scula electr\u00f3nica smart con c\u00e1lculo de la composici\u00f3n corporal. Descarga la aplicaci\u00f3n gratuita Laica Home Wellness para memorizar y<\/p>\n","protected":false},"featured_media":212041,"comment_status":"open","ping_status":"closed","template":"","meta":{"_joinchat":[]},"product_cat":[7037,825],"product_tag":[],"class_list":{"0":"post-212040","1":"product","2":"type-product","3":"status-publish","4":"has-post-thumbnail","6":"product_cat-basculas-de-bano-higiene-y-salud-cuidado-personal","7":"product_cat-pequeno-electrodomestico","9":"first","10":"instock","11":"taxable","12":"shipping-taxable","13":"purchasable","14":"product-type-simple"},"_links":{"self":[{"href":"https:\/\/desdropi.com\/elparque\/wp-json\/wp\/v2\/product\/212040"}],"collection":[{"href":"https:\/\/desdropi.com\/elparque\/wp-json\/wp\/v2\/product"}],"about":[{"href":"https:\/\/desdropi.com\/elparque\/wp-json\/wp\/v2\/types\/product"}],"replies":[{"embeddable":true,"href":"https:\/\/desdropi.com\/elparque\/wp-json\/wp\/v2\/comments?post=212040"}],"version-history":[{"count":0,"href":"https:\/\/desdropi.com\/elparque\/wp-json\/wp\/v2\/product\/212040\/revisions"}],"wp:featuredmedia":[{"embeddable":true,"href":"https:\/\/desdropi.com\/elparque\/wp-json\/wp\/v2\/media\/212041"}],"wp:attachment":[{"href":"https:\/\/desdropi.com\/elparque\/wp-json\/wp\/v2\/media?parent=212040"}],"wp:term":[{"taxonomy":"product_cat","embeddable":true,"href":"https:\/\/desdropi.com\/elparque\/wp-json\/wp\/v2\/product_cat?post=212040"},{"taxonomy":"product_tag","embeddable":true,"href":"https:\/\/desdropi.com\/elparque\/wp-json\/wp\/v2\/product_tag?post=212040"}],"curies":[{"name":"wp","href":"https:\/\/api.w.org\/{rel}","templated":true}]}}