{"id":212055,"date":"2024-01-20T10:23:54","date_gmt":"2024-01-20T09:23:54","guid":{"rendered":"https:\/\/desdropi.com\/elparque\/?post_type=product&#038;p=212055"},"modified":"2024-01-22T13:14:53","modified_gmt":"2024-01-22T12:14:53","slug":"bascula-de-bano-ps5000","status":"publish","type":"product","link":"https:\/\/desdropi.com\/elparque\/bascula-de-bano-ps5000\/","title":{"rendered":"BASCULA DE BA\u00d1O PS5000"},"content":{"rendered":"<p>BASCULA DE BA\u00d1O CON AN\u00c1LISIS CORPORAL PS5000<\/p>\n<p>COLOR BLANCO<\/p>\n<p>180 Kg<\/p>\n<p>DE CRISTAL TEMPLADO DE 6 MM<\/p>\n<p>BATER\u00cdAS INCLUIDAS.<\/p>\n","protected":false},"excerpt":{"rendered":"<p><span style=\"color: #ff0000;\"><strong>\u00a1AGOTADO!<\/strong><\/span><\/p>\n","protected":false},"featured_media":212056,"comment_status":"open","ping_status":"closed","template":"","meta":{"_joinchat":[]},"product_cat":[7037,825],"product_tag":[],"class_list":{"0":"post-212055","1":"product","2":"type-product","3":"status-publish","4":"has-post-thumbnail","6":"product_cat-basculas-de-bano-higiene-y-salud-cuidado-personal","7":"product_cat-pequeno-electrodomestico","9":"first","10":"outofstock","11":"taxable","12":"shipping-taxable","13":"purchasable","14":"product-type-simple"},"_links":{"self":[{"href":"https:\/\/desdropi.com\/elparque\/wp-json\/wp\/v2\/product\/212055"}],"collection":[{"href":"https:\/\/desdropi.com\/elparque\/wp-json\/wp\/v2\/product"}],"about":[{"href":"https:\/\/desdropi.com\/elparque\/wp-json\/wp\/v2\/types\/product"}],"replies":[{"embeddable":true,"href":"https:\/\/desdropi.com\/elparque\/wp-json\/wp\/v2\/comments?post=212055"}],"version-history":[{"count":0,"href":"https:\/\/desdropi.com\/elparque\/wp-json\/wp\/v2\/product\/212055\/revisions"}],"wp:featuredmedia":[{"embeddable":true,"href":"https:\/\/desdropi.com\/elparque\/wp-json\/wp\/v2\/media\/212056"}],"wp:attachment":[{"href":"https:\/\/desdropi.com\/elparque\/wp-json\/wp\/v2\/media?parent=212055"}],"wp:term":[{"taxonomy":"product_cat","embeddable":true,"href":"https:\/\/desdropi.com\/elparque\/wp-json\/wp\/v2\/product_cat?post=212055"},{"taxonomy":"product_tag","embeddable":true,"href":"https:\/\/desdropi.com\/elparque\/wp-json\/wp\/v2\/product_tag?post=212055"}],"curies":[{"name":"wp","href":"https:\/\/api.w.org\/{rel}","templated":true}]}}