{"id":212072,"date":"2024-01-20T11:53:51","date_gmt":"2024-01-20T10:53:51","guid":{"rendered":"https:\/\/desdropi.com\/elparque\/?post_type=product&#038;p=212072"},"modified":"2024-01-22T19:23:55","modified_gmt":"2024-01-22T18:23:55","slug":"bascula-electronica-ps1075w","status":"publish","type":"product","link":"https:\/\/desdropi.com\/elparque\/bascula-electronica-ps1075w\/","title":{"rendered":"BASCULA ELECTR\u00d3NICA PS1075W"},"content":{"rendered":"<div class=\"descripcion-tab\">\n<strong>Referencias:<\/strong><\/p>\n<ul>\n<li>Referencia: MRKEAN-8013240103037<\/li>\n<li>EAN: 8013240103037<\/li>\n<li>Marca: LAICA<\/li>\n<li>Modelo: PS1075W<\/li>\n<\/ul>\n<p><strong>Caracter\u00edsticas F\u00edsicas:<\/strong><\/p>\n<ul>\n<li>Color: Blanco<\/li>\n<li>Peso: 1.58 kg<\/li>\n<li>Medidas: 30.3 x 30.3 x 2 cm<\/li>\n<li>Material: Vidrio templado 6mm<\/li>\n<\/ul>\n<p><strong>M\u00e1s Informaci\u00f3n:<\/strong><\/p>\n<ul>\n<li>Dise\u00f1o Italiano POP.<\/li>\n<li>Pesa hasta 180 kg.<\/li>\n<li>Pantalla LCD f\u00e1cil de leer.<\/li>\n<li>Funci\u00f3n de encendido y apagado autom\u00e1tico.<\/li>\n<li>Cristal de seguridad de alta calidad.<\/li>\n<\/ul>\n<p><strong>Caracter\u00edsticas Espec\u00edficas:<\/strong><\/p>\n<ul>\n<li>Pilas incluidas: S\u00ed<\/li>\n<li>Peso m\u00e1ximo: 180 kg<\/li>\n<li>Tipolog\u00eda: B\u00e1sculas Simples<\/li>\n<\/ul>\n<p><strong>Pantalla:<\/strong><\/p>\n<ul>\n<li>Pantalla Digital<\/li>\n<\/ul>\n<p><strong>B\u00e1scula Digital Ps1075W Blanca Flores (Peso M\u00e1ximo: 180 kg):<\/strong> B\u00e1scula digital con superficie de vidrio templado de 6 mm de grosor que cuenta con una amplia plataforma de 30.3 cm de ancho, 2 cm de alto y 30.3 cm de profundidad. La pantalla LCD facilita la lectura. Incorpora un sensor de peso de alta precisi\u00f3n y sistema de autoencendido y apagado autom\u00e1tico. Tambi\u00e9n incluye indicador de sobrecarga y de bater\u00eda baja. Con un peso m\u00e1ximo de hasta 180 kg y una sensibilidad de graduaci\u00f3n de 100 gramos. Funciona con 1 pila CR2032, que est\u00e1 incluida.<\/p>\n<\/div>\n","protected":false},"excerpt":{"rendered":"<p>Referencias: Referencia: MRKEAN-8013240103037 EAN: 8013240103037 Marca: LAICA Modelo: PS1075W Caracter\u00edsticas F\u00edsicas: Color: Blanco Peso: 1.58 kg Medidas: 30.3 x 30.3<\/p>\n","protected":false},"featured_media":212073,"comment_status":"open","ping_status":"closed","template":"","meta":{"_joinchat":[]},"product_cat":[7037,825],"product_tag":[],"class_list":{"0":"post-212072","1":"product","2":"type-product","3":"status-publish","4":"has-post-thumbnail","6":"product_cat-basculas-de-bano-higiene-y-salud-cuidado-personal","7":"product_cat-pequeno-electrodomestico","9":"first","10":"instock","11":"taxable","12":"shipping-taxable","13":"purchasable","14":"product-type-simple"},"_links":{"self":[{"href":"https:\/\/desdropi.com\/elparque\/wp-json\/wp\/v2\/product\/212072"}],"collection":[{"href":"https:\/\/desdropi.com\/elparque\/wp-json\/wp\/v2\/product"}],"about":[{"href":"https:\/\/desdropi.com\/elparque\/wp-json\/wp\/v2\/types\/product"}],"replies":[{"embeddable":true,"href":"https:\/\/desdropi.com\/elparque\/wp-json\/wp\/v2\/comments?post=212072"}],"version-history":[{"count":0,"href":"https:\/\/desdropi.com\/elparque\/wp-json\/wp\/v2\/product\/212072\/revisions"}],"wp:featuredmedia":[{"embeddable":true,"href":"https:\/\/desdropi.com\/elparque\/wp-json\/wp\/v2\/media\/212073"}],"wp:attachment":[{"href":"https:\/\/desdropi.com\/elparque\/wp-json\/wp\/v2\/media?parent=212072"}],"wp:term":[{"taxonomy":"product_cat","embeddable":true,"href":"https:\/\/desdropi.com\/elparque\/wp-json\/wp\/v2\/product_cat?post=212072"},{"taxonomy":"product_tag","embeddable":true,"href":"https:\/\/desdropi.com\/elparque\/wp-json\/wp\/v2\/product_tag?post=212072"}],"curies":[{"name":"wp","href":"https:\/\/api.w.org\/{rel}","templated":true}]}}