{"id":212076,"date":"2024-01-20T11:56:32","date_gmt":"2024-01-20T10:56:32","guid":{"rendered":"https:\/\/desdropi.com\/elparque\/?post_type=product&#038;p=212076"},"modified":"2024-01-22T19:18:42","modified_gmt":"2024-01-22T18:18:42","slug":"bascula-electronica-ps1075l","status":"publish","type":"product","link":"https:\/\/desdropi.com\/elparque\/bascula-electronica-ps1075l\/","title":{"rendered":"BASCULA ELECTR\u00d3NICA PS1075L"},"content":{"rendered":"<div class=\"descripcion-tab\">\n<p><strong>Descripci\u00f3n:<\/strong><\/p>\n<ul>\n<li>B\u00e1scula digital con una superficie de vidrio templado de 6 mm de grosor, que presenta una amplia plataforma de 30.3 cm de ancho, 2 cm de alto y 30.3 cm de profundidad. Dispone de una pantalla LCD de f\u00e1cil lectura.<\/li>\n<li>Incorpora un sensor de peso de alta precisi\u00f3n y cuenta con un sistema de autoencendido y apagado autom\u00e1tico para una mayor eficiencia energ\u00e9tica. Tambi\u00e9n incluye indicadores de sobrecarga y de bater\u00eda baja para una mejor gesti\u00f3n del uso.<\/li>\n<li>La b\u00e1scula tiene una capacidad m\u00e1xima de peso de hasta 180 kg con una sensibilidad de graduaci\u00f3n de 100 gramos.<\/li>\n<li>Funciona con 1 pila CR2032, que est\u00e1 incluida en el producto.<\/li>\n<\/ul>\n<p><strong>Informaci\u00f3n t\u00e9cnica:<\/strong><\/p>\n<ul>\n<li>Anchura: 2.5 cm<\/li>\n<li>Altura: 30 cm<\/li>\n<li>Longitud: 30 cm<\/li>\n<li>Condici\u00f3n: Nuevo<\/li>\n<\/ul>\n<\/div>\n","protected":false},"excerpt":{"rendered":"<p>Descripci\u00f3n: B\u00e1scula digital con una superficie de vidrio templado de 6 mm de grosor, que presenta una amplia plataforma de<\/p>\n","protected":false},"featured_media":212077,"comment_status":"open","ping_status":"closed","template":"","meta":{"_joinchat":[]},"product_cat":[7037,825],"product_tag":[],"class_list":{"0":"post-212076","1":"product","2":"type-product","3":"status-publish","4":"has-post-thumbnail","6":"product_cat-basculas-de-bano-higiene-y-salud-cuidado-personal","7":"product_cat-pequeno-electrodomestico","9":"first","10":"instock","11":"taxable","12":"shipping-taxable","13":"purchasable","14":"product-type-simple"},"_links":{"self":[{"href":"https:\/\/desdropi.com\/elparque\/wp-json\/wp\/v2\/product\/212076"}],"collection":[{"href":"https:\/\/desdropi.com\/elparque\/wp-json\/wp\/v2\/product"}],"about":[{"href":"https:\/\/desdropi.com\/elparque\/wp-json\/wp\/v2\/types\/product"}],"replies":[{"embeddable":true,"href":"https:\/\/desdropi.com\/elparque\/wp-json\/wp\/v2\/comments?post=212076"}],"version-history":[{"count":0,"href":"https:\/\/desdropi.com\/elparque\/wp-json\/wp\/v2\/product\/212076\/revisions"}],"wp:featuredmedia":[{"embeddable":true,"href":"https:\/\/desdropi.com\/elparque\/wp-json\/wp\/v2\/media\/212077"}],"wp:attachment":[{"href":"https:\/\/desdropi.com\/elparque\/wp-json\/wp\/v2\/media?parent=212076"}],"wp:term":[{"taxonomy":"product_cat","embeddable":true,"href":"https:\/\/desdropi.com\/elparque\/wp-json\/wp\/v2\/product_cat?post=212076"},{"taxonomy":"product_tag","embeddable":true,"href":"https:\/\/desdropi.com\/elparque\/wp-json\/wp\/v2\/product_tag?post=212076"}],"curies":[{"name":"wp","href":"https:\/\/api.w.org\/{rel}","templated":true}]}}