{"id":212079,"date":"2024-01-20T12:00:17","date_gmt":"2024-01-20T11:00:17","guid":{"rendered":"https:\/\/desdropi.com\/elparque\/?post_type=product&#038;p=212079"},"modified":"2024-01-22T19:14:24","modified_gmt":"2024-01-22T18:14:24","slug":"bascula-electronica-ps1079","status":"publish","type":"product","link":"https:\/\/desdropi.com\/elparque\/bascula-electronica-ps1079\/","title":{"rendered":"BASCULA ELECTR\u00d3NICA PS1079"},"content":{"rendered":"<div class=\"descripcion-tab\">\n<strong>C\u00f3digo de producto:<\/strong><\/p>\n<ul>\n<li>PS1079<\/li>\n<\/ul>\n<p><strong>C\u00f3digo de barras:<\/strong><\/p>\n<ul>\n<li>8013240103143<\/li>\n<\/ul>\n<p><strong>Dimensiones:<\/strong><\/p>\n<ul>\n<li>30.3 x 30.3 x 2 cm<\/li>\n<\/ul>\n<p><strong>Peso:<\/strong><\/p>\n<ul>\n<li>1.58 kg<\/li>\n<\/ul>\n<p><strong>Componentes del producto:<\/strong><\/p>\n<ul>\n<li>1 B\u00e1scula de ba\u00f1o, 1 Bater\u00eda incorporada, 1 manual de usuario<\/li>\n<\/ul>\n<p><strong>LCD:<\/strong><\/p>\n<ul>\n<li>7.8 x 3.5 cm<\/li>\n<\/ul>\n<p><strong>Tipo de alimentaci\u00f3n:<\/strong><\/p>\n<ul>\n<li>1x3V Bater\u00eda de Litio CR2032 (incluido)<\/li>\n<\/ul>\n<p><strong>Peso m\u00e1ximo:<\/strong><\/p>\n<ul>\n<li>180 kg \/ 396 lb \/ 28 st 4 lb<\/li>\n<\/ul>\n<p><strong>Divisiones:<\/strong><\/p>\n<ul>\n<li>100 g \/ 0.2 lb \/ 1 lb<\/li>\n<\/ul>\n<p><strong>Material de la plataforma:<\/strong><\/p>\n<ul>\n<li>Vidrio templado 6mm<\/li>\n<\/ul>\n<\/div>\n","protected":false},"excerpt":{"rendered":"<p>C\u00f3digo de producto: PS1079 C\u00f3digo de barras: 8013240103143 Dimensiones: 30.3 x 30.3 x 2 cm Peso: 1.58 kg Componentes del<\/p>\n","protected":false},"featured_media":212080,"comment_status":"open","ping_status":"closed","template":"","meta":{"_joinchat":[]},"product_cat":[7037,825],"product_tag":[],"class_list":{"0":"post-212079","1":"product","2":"type-product","3":"status-publish","4":"has-post-thumbnail","6":"product_cat-basculas-de-bano-higiene-y-salud-cuidado-personal","7":"product_cat-pequeno-electrodomestico","9":"first","10":"instock","11":"taxable","12":"shipping-taxable","13":"purchasable","14":"product-type-simple"},"_links":{"self":[{"href":"https:\/\/desdropi.com\/elparque\/wp-json\/wp\/v2\/product\/212079"}],"collection":[{"href":"https:\/\/desdropi.com\/elparque\/wp-json\/wp\/v2\/product"}],"about":[{"href":"https:\/\/desdropi.com\/elparque\/wp-json\/wp\/v2\/types\/product"}],"replies":[{"embeddable":true,"href":"https:\/\/desdropi.com\/elparque\/wp-json\/wp\/v2\/comments?post=212079"}],"version-history":[{"count":0,"href":"https:\/\/desdropi.com\/elparque\/wp-json\/wp\/v2\/product\/212079\/revisions"}],"wp:featuredmedia":[{"embeddable":true,"href":"https:\/\/desdropi.com\/elparque\/wp-json\/wp\/v2\/media\/212080"}],"wp:attachment":[{"href":"https:\/\/desdropi.com\/elparque\/wp-json\/wp\/v2\/media?parent=212079"}],"wp:term":[{"taxonomy":"product_cat","embeddable":true,"href":"https:\/\/desdropi.com\/elparque\/wp-json\/wp\/v2\/product_cat?post=212079"},{"taxonomy":"product_tag","embeddable":true,"href":"https:\/\/desdropi.com\/elparque\/wp-json\/wp\/v2\/product_tag?post=212079"}],"curies":[{"name":"wp","href":"https:\/\/api.w.org\/{rel}","templated":true}]}}