{"id":212082,"date":"2024-01-20T12:11:25","date_gmt":"2024-01-20T11:11:25","guid":{"rendered":"https:\/\/desdropi.com\/elparque\/?post_type=product&#038;p=212082"},"modified":"2024-01-22T19:05:55","modified_gmt":"2024-01-22T18:05:55","slug":"bascula-electronica-ps1065n","status":"publish","type":"product","link":"https:\/\/desdropi.com\/elparque\/bascula-electronica-ps1065n\/","title":{"rendered":"BASCULA ELECTR\u00d3NICA PS1065N"},"content":{"rendered":"<div class=\"descripcion-tab\">\n<p><strong>Detalles T\u00e9cnicos<\/strong><\/p>\n<ul>\n<li><strong>Capacidad m\u00e1xima de peso:<\/strong> 180 kg<\/li>\n<li><strong>Tipo:<\/strong> B\u00e1scula personal electr\u00f3nica<\/li>\n<li><strong>Apagado autom\u00e1tico:<\/strong> S\u00ed<\/li>\n<li><strong>Forma:<\/strong> Plaza<\/li>\n<li><strong>Unidad de medida:<\/strong> kg, lb, ST<\/li>\n<li><strong>Certificaci\u00f3n:<\/strong> CE<\/li>\n<li><strong>Precisi\u00f3n:<\/strong> 100 g<\/li>\n<\/ul>\n<p><strong>Color<\/strong><\/p>\n<ul>\n<li><strong>Color del producto:<\/strong> Madera<\/li>\n<\/ul>\n<p><strong>Exhibici\u00f3n<\/strong><\/p>\n<ul>\n<li><strong>Pantalla:<\/strong> LCD<\/li>\n<li><strong>Tama\u00f1o de la pantalla (HxV):<\/strong> 78 x 35 mm<\/li>\n<li><strong>Monitor con luz de fondo:<\/strong> S\u00ed<\/li>\n<\/ul>\n<p><strong>Peso y dimensiones<\/strong><\/p>\n<ul>\n<li><strong>Ancho:<\/strong> 303 mm<\/li>\n<li><strong>Profundidad:<\/strong> 303 mm<\/li>\n<li><strong>Altura:<\/strong> 20 mm<\/li>\n<li><strong>Grosor de la plataforma:<\/strong> 6 mm<\/li>\n<li><strong>Peso:<\/strong> 1,58 kg<\/li>\n<\/ul>\n<p><strong>Control de energ\u00eda<\/strong><\/p>\n<ul>\n<li><strong>Tipo de bater\u00eda:<\/strong> CR2032<\/li>\n<li><strong>Tecnolog\u00eda de bater\u00eda:<\/strong> Litio<\/li>\n<li><strong>Voltaje de la pila:<\/strong> 3 V<\/li>\n<li><strong>N\u00famero de bater\u00edas soportadas:<\/strong> 1<\/li>\n<\/ul>\n<p><strong>Contenido del embalaje<\/strong><\/p>\n<ul>\n<li><strong>Pilas incluidas:<\/strong> S\u00ed<\/li>\n<\/ul>\n<p><strong>Material<\/strong><\/p>\n<ul>\n<li><strong>Tipo de superficie superior:<\/strong> Vidrio<\/li>\n<\/ul>\n<\/div>\n","protected":false},"excerpt":{"rendered":"<p>Detalles T\u00e9cnicos Capacidad m\u00e1xima de peso: 180 kg Tipo: B\u00e1scula personal electr\u00f3nica Apagado autom\u00e1tico: S\u00ed Forma: Plaza Unidad de medida:<\/p>\n","protected":false},"featured_media":212083,"comment_status":"open","ping_status":"closed","template":"","meta":{"_joinchat":[]},"product_cat":[7037,825],"product_tag":[],"class_list":{"0":"post-212082","1":"product","2":"type-product","3":"status-publish","4":"has-post-thumbnail","6":"product_cat-basculas-de-bano-higiene-y-salud-cuidado-personal","7":"product_cat-pequeno-electrodomestico","9":"first","10":"instock","11":"taxable","12":"shipping-taxable","13":"purchasable","14":"product-type-simple"},"_links":{"self":[{"href":"https:\/\/desdropi.com\/elparque\/wp-json\/wp\/v2\/product\/212082"}],"collection":[{"href":"https:\/\/desdropi.com\/elparque\/wp-json\/wp\/v2\/product"}],"about":[{"href":"https:\/\/desdropi.com\/elparque\/wp-json\/wp\/v2\/types\/product"}],"replies":[{"embeddable":true,"href":"https:\/\/desdropi.com\/elparque\/wp-json\/wp\/v2\/comments?post=212082"}],"version-history":[{"count":0,"href":"https:\/\/desdropi.com\/elparque\/wp-json\/wp\/v2\/product\/212082\/revisions"}],"wp:featuredmedia":[{"embeddable":true,"href":"https:\/\/desdropi.com\/elparque\/wp-json\/wp\/v2\/media\/212083"}],"wp:attachment":[{"href":"https:\/\/desdropi.com\/elparque\/wp-json\/wp\/v2\/media?parent=212082"}],"wp:term":[{"taxonomy":"product_cat","embeddable":true,"href":"https:\/\/desdropi.com\/elparque\/wp-json\/wp\/v2\/product_cat?post=212082"},{"taxonomy":"product_tag","embeddable":true,"href":"https:\/\/desdropi.com\/elparque\/wp-json\/wp\/v2\/product_tag?post=212082"}],"curies":[{"name":"wp","href":"https:\/\/api.w.org\/{rel}","templated":true}]}}