{"id":212095,"date":"2024-01-20T12:54:57","date_gmt":"2024-01-20T11:54:57","guid":{"rendered":"https:\/\/desdropi.com\/elparque\/?post_type=product&#038;p=212095"},"modified":"2024-05-17T13:02:08","modified_gmt":"2024-05-17T11:02:08","slug":"tv-philips-50-50pus8818-uhd-googletv-ambi-p5-120h","status":"publish","type":"product","link":"https:\/\/desdropi.com\/elparque\/tv-philips-50-50pus8818-uhd-googletv-ambi-p5-120h\/","title":{"rendered":"TV PHILIPS 50&#8243; 50PUS8818 UHD GOOGLETV AMBI P5 120H"},"content":{"rendered":"<div class=\"descripcion tab\"\nMarca PHILIPS\nModelo50PUS8818\/12\nEAN8718863037898\n\n<strong>Exhibici\u00f3n<\/strong><\/p>\n<ul>\n<li>Pulgadas 50&#8243;<\/li>\n<li>Resoluci\u00f3n4K Ultra HD<\/li>\n<li>Resoluci\u00f3n de la pantalla 3840 x 2160<\/li>\n<li>Tecnolog\u00eda del panel LED<\/li>\n<li>Frecuencia nativa de refresco 120<\/li>\n<li>Diagonal de pantalla 127<\/li>\n<li>Relaci\u00f3n de aspecto nativa 16:9<\/li>\n<li>Retroiluminaci\u00f3n del panel LED<\/li>\n<li>Forma de la pantalla Plana<\/li>\n<\/ul>\n<p><strong>Audio<\/strong><\/p>\n<ul>\n<li>N\u00famero de altavoces 4<\/li>\n<li>Potencia estimada RMS 40<\/li>\n<li>Decodificadores incorporados DTS:X, Dolby Digital MS12 V2.6.1<\/li>\n<li>Enhanced Audio Return Channel (eARC) (Canal de retorno de audio mejorado) S\u00ed<\/li>\n<\/ul>\n<p><strong>Puertos e Interfaces<\/strong><\/p>\n<ul>\n<li>N\u00famero de puertos HDMI 4<\/li>\n<li>Versi\u00f3n HDMI 2.0\/2.1<\/li>\n<li>Canal de retorno de audio (ARC) S\u00ed<\/li>\n<li>HDCP S\u00ed<\/li>\n<li>Ethernet LAN (RJ-45) cantidad de puertos 1<\/li>\n<li>Audio digital, salida optica 1<\/li>\n<li>Salidas para auriculares 1<\/li>\n<li>Interfaz com\u00fan S\u00ed<\/li>\n<li>Interfaz com\u00fan Plus (CI+) S\u00ed<\/li>\n<li>Entrada de CA S\u00ed<\/li>\n<li>Cantidad de puertos USB 2.02<\/li>\n<\/ul>\n<p><strong>Peso y dimensiones<\/strong><\/p>\n<ul>\n<li>Ancho del dispositivo (con soporte) 1116<\/li>\n<li>Altura del dispositivo (con soporte) 715<\/li>\n<li>Profundidad dispositivo (con soporte) 259<\/li>\n<li>Peso (con soporte) 15,8<\/li>\n<li>Ancho (sin base) 1116<\/li>\n<li>Altura (sin base) 655<\/li>\n<li>Profundidad (sin base) 81<\/li>\n<li>Peso (sin base) 13,1<\/li>\n<li>Ancho del soporte 500<\/li>\n<li>Profundidad del soporte 259<\/li>\n<\/ul>\n<p><strong>Control de energ\u00eda<\/strong><\/p>\n<ul>\n<li>Energy efficiency class (SDR) G<\/li>\n<li>Energy efficiency class (HDR) G<\/li>\n<li>Energy consumption (SDR) per 1000 hours 69<\/li>\n<li>Energy consumption (HDR) per 1000 hours 142<\/li>\n<li>Consumo de energ\u00eda (inactivo) 2<\/li>\n<li>Voltaje de entrada AC 220 &#8211; 240<\/li>\n<li>Frecuencia de entrada AC 50\/60<\/li>\n<li>Energy efficiency scale De la A a la G<\/li>\n<\/ul>\n<p><strong>Empaquetado<\/strong><\/p>\n<ul>\n<li>Soporte de sobremesa S\u00ed<\/li>\n<li>Ancho del paquete 1240<\/li>\n<li>Altura del paquete 800<\/li>\n<li>Profundidad del paquete 180<\/li>\n<li>Peso del paquete 19,8<\/li>\n<li>Tipo de embalaje\u00a0 Caja<\/li>\n<li>Mando a distancia incluido S\u00ed<\/li>\n<li>Cables incluidos Corriente alterna<\/li>\n<\/ul>\n<p><strong>Sintonizador de la TV<\/strong><\/p>\n<ul>\n<li>Tipo de sintonizador Digital<\/li>\n<li>Formato de se\u00f1al digital TDT\/T2\/T2-HD\/C\/S\/S2<\/li>\n<\/ul>\n<p><strong>Caracter\u00edsticas de administraci\u00f3n<\/strong><\/p>\n<ul>\n<li>Control por voz S\u00ed<\/li>\n<li>Tipo de control Inal\u00e1mbrico<\/li>\n<li>Gu\u00eda electr\u00f3nica de programaci\u00f3n S\u00ed<\/li>\n<li>Modo ECO S\u00ed<\/li>\n<li>Temporizador de apagado S\u00ed<\/li>\n<li>Funciona con el Asistente de Google S\u00ed<\/li>\n<li>Funciona con Amazon Alexa S\u00ed<\/li>\n<\/ul>\n<p><strong>Dise\u00f1o<\/strong><\/p>\n<ul>\n<li>Montaje VESA S\u00ed<\/li>\n<li>Interfaz de panel de montaje 400 x 400<\/li>\n<li>Iluminaci\u00f3n ambiental S\u00ed<\/li>\n<li>Tipo de soporte Soporte central<\/li>\n<li>Color del soporte Gris<\/li>\n<\/ul>\n<p><strong>Desempe\u00f1o<\/strong><\/p>\n<ul>\n<li>Alto Rango Din\u00e1mico (HDR)S\u00ed<\/li>\n<li>High Dynamic Range (HDR) technologyDolby Vision, High Dynamic Range 10+ (HDR10 Plus), Hybrid Log-Gamma (HLG)<\/li>\n<li>Modo de juegoS\u00ed<\/li>\n<li>Funciones de teletextoS\u00ed<\/li>\n<li>Teletexto1000<\/li>\n<li>Est\u00e1ndares de teletextoHipertexto<\/li>\n<li>Funci\u00f3n de subt\u00edtulosS\u00ed<\/li>\n<li>Formatos de v\u00eddeo compatibles AVC, AVI, H.264, HEVC, MKV, MPEG-1, MPEG-2, MPEG-4, VP9<\/li>\n<li>Formatos de audio soportados AAC, FLAC, MP3, WAV, WMA, WMA-PRO<\/li>\n<li>Formatos de imagen soportados BMP, GIF, HEIF, JPEG, PNG, 360 photo<\/li>\n<li>Formatos de subt\u00edtulos soportados ASS, SMI, SRT, SSA, SUB, TXT<\/li>\n<li>AMD FreeSync S\u00ed<\/li>\n<li>Tipo de FreeSync de AMDFree Sync Premium<\/li>\n<li>N\u00famero de n\u00facleos de procesador 4<\/li>\n<\/ul>\n<p><strong>Smart TV<\/strong><\/p>\n<ul>\n<li>Aplicaciones de v\u00eddeo Amazon Prime Video, Apple TV, BBC iPlayer, Disney+, Netflix, YouTube, Google Play Pel\u00edculas<\/li>\n<li>Aplicaciones de m\u00fasica YouTube Music<\/li>\n<li>HbbTV S\u00ed<\/li>\n<li>TV por Internet S\u00ed<\/li>\n<li>Smart TV S\u00ed<\/li>\n<li>Sistema operativo instalado Google TV<\/li>\n<\/ul>\n<p><strong>Conexi\u00f3n<\/strong><\/p>\n<ul>\n<li>Wifi S\u00ed<\/li>\n<li>Ethernet S\u00ed<\/li>\n<li>Wi-Fi est\u00e1ndares Wi-Fi 5 (802.11ac)<\/li>\n<li>Bluetooth S\u00ed<\/li>\n<li>Versi\u00f3n de Bluetooth 5.0<\/li>\n<li>Navegaci\u00f3n S\u00ed<\/li>\n<li>Navegador web S\u00ed<\/li>\n<\/ul>\n<\/div>\n","protected":false},"excerpt":{"rendered":"","protected":false},"featured_media":212108,"comment_status":"open","ping_status":"closed","template":"","meta":{"_joinchat":[]},"product_cat":[795,6464,7068],"product_tag":[],"class_list":{"0":"post-212095","1":"product","2":"type-product","3":"status-publish","4":"has-post-thumbnail","6":"product_cat-electronica","7":"product_cat-televisores-electronica","8":"product_cat-tv-40-59","10":"first","11":"instock","12":"sale","13":"taxable","14":"shipping-taxable","15":"purchasable","16":"product-type-simple"},"_links":{"self":[{"href":"https:\/\/desdropi.com\/elparque\/wp-json\/wp\/v2\/product\/212095"}],"collection":[{"href":"https:\/\/desdropi.com\/elparque\/wp-json\/wp\/v2\/product"}],"about":[{"href":"https:\/\/desdropi.com\/elparque\/wp-json\/wp\/v2\/types\/product"}],"replies":[{"embeddable":true,"href":"https:\/\/desdropi.com\/elparque\/wp-json\/wp\/v2\/comments?post=212095"}],"version-history":[{"count":0,"href":"https:\/\/desdropi.com\/elparque\/wp-json\/wp\/v2\/product\/212095\/revisions"}],"wp:featuredmedia":[{"embeddable":true,"href":"https:\/\/desdropi.com\/elparque\/wp-json\/wp\/v2\/media\/212108"}],"wp:attachment":[{"href":"https:\/\/desdropi.com\/elparque\/wp-json\/wp\/v2\/media?parent=212095"}],"wp:term":[{"taxonomy":"product_cat","embeddable":true,"href":"https:\/\/desdropi.com\/elparque\/wp-json\/wp\/v2\/product_cat?post=212095"},{"taxonomy":"product_tag","embeddable":true,"href":"https:\/\/desdropi.com\/elparque\/wp-json\/wp\/v2\/product_tag?post=212095"}],"curies":[{"name":"wp","href":"https:\/\/api.w.org\/{rel}","templated":true}]}}