{"id":212211,"date":"2024-01-22T09:53:32","date_gmt":"2024-01-22T08:53:32","guid":{"rendered":"https:\/\/desdropi.com\/elparque\/?post_type=product&#038;p=212211"},"modified":"2024-01-22T12:51:11","modified_gmt":"2024-01-22T11:51:11","slug":"bascula-electronica-bebes-ps3001","status":"publish","type":"product","link":"https:\/\/desdropi.com\/elparque\/bascula-electronica-bebes-ps3001\/","title":{"rendered":"BASCULA ELECTR\u00d3NICA BEBES PS3001"},"content":{"rendered":"<div class=\"descripcion-tab\">\n<p><strong>Descripci\u00f3n<\/strong><\/p>\n<p>B\u00e1scula digital para beb\u00e9s con las siguientes caracter\u00edsticas:<\/p>\n<ul>\n<li>Funci\u00f3n de tara: restablece la b\u00e1scula balanza a cero despu\u00e9s de colocar una toalla o un pa\u00f1o suave en el plato.<\/li>\n<li>Funci\u00f3n de bloqueo: \u00fatil para detener el peso del ni\u00f1o en la pantalla a pesar de los movimientos continuos.<\/li>\n<\/ul>\n<p><strong>Ficha de datos<\/strong><\/p>\n<ul>\n<li><strong>Dimensiones:<\/strong> 52 x 32 x 6 cm<\/li>\n<li><strong>Peso:<\/strong> 1.80 kg<\/li>\n<li><strong>C\u00f3digo de barras:<\/strong> 8033224600611<\/li>\n<li><strong>Componetes del producto:<\/strong> 1 B\u00e1scula, 1 Manual de usuario<\/li>\n<li><strong>LCD:<\/strong> 7.8 x 2.8 cm<\/li>\n<li><strong>Tipo de alimentaci\u00f3n:<\/strong> 4 x 1.5V alkaline AAA (no incluidas)<\/li>\n<li><strong>Peso M\u00e1ximo:<\/strong> 20 kg \u2013 44.09 lb \u2013 705.4 oz<\/li>\n<li><strong>Divisiones:<\/strong> 5 g \u2013 0.01 lb \u2013 0.1 oz<\/li>\n<li><strong>Material de la plataforma:<\/strong> ABS<\/li>\n<\/ul>\n<\/div>\n","protected":false},"excerpt":{"rendered":"<p>Descripci\u00f3n B\u00e1scula digital para beb\u00e9s con las siguientes caracter\u00edsticas: Funci\u00f3n de tara: restablece la b\u00e1scula balanza a cero despu\u00e9s de<\/p>\n","protected":false},"featured_media":212212,"comment_status":"open","ping_status":"closed","template":"","meta":{"_joinchat":[]},"product_cat":[7037,825],"product_tag":[],"class_list":{"0":"post-212211","1":"product","2":"type-product","3":"status-publish","4":"has-post-thumbnail","6":"product_cat-basculas-de-bano-higiene-y-salud-cuidado-personal","7":"product_cat-pequeno-electrodomestico","9":"first","10":"instock","11":"taxable","12":"shipping-taxable","13":"purchasable","14":"product-type-simple"},"_links":{"self":[{"href":"https:\/\/desdropi.com\/elparque\/wp-json\/wp\/v2\/product\/212211"}],"collection":[{"href":"https:\/\/desdropi.com\/elparque\/wp-json\/wp\/v2\/product"}],"about":[{"href":"https:\/\/desdropi.com\/elparque\/wp-json\/wp\/v2\/types\/product"}],"replies":[{"embeddable":true,"href":"https:\/\/desdropi.com\/elparque\/wp-json\/wp\/v2\/comments?post=212211"}],"version-history":[{"count":0,"href":"https:\/\/desdropi.com\/elparque\/wp-json\/wp\/v2\/product\/212211\/revisions"}],"wp:featuredmedia":[{"embeddable":true,"href":"https:\/\/desdropi.com\/elparque\/wp-json\/wp\/v2\/media\/212212"}],"wp:attachment":[{"href":"https:\/\/desdropi.com\/elparque\/wp-json\/wp\/v2\/media?parent=212211"}],"wp:term":[{"taxonomy":"product_cat","embeddable":true,"href":"https:\/\/desdropi.com\/elparque\/wp-json\/wp\/v2\/product_cat?post=212211"},{"taxonomy":"product_tag","embeddable":true,"href":"https:\/\/desdropi.com\/elparque\/wp-json\/wp\/v2\/product_tag?post=212211"}],"curies":[{"name":"wp","href":"https:\/\/api.w.org\/{rel}","templated":true}]}}