{"id":212214,"date":"2024-01-22T10:02:27","date_gmt":"2024-01-22T09:02:27","guid":{"rendered":"https:\/\/desdropi.com\/elparque\/?post_type=product&#038;p=212214"},"modified":"2024-01-22T12:53:36","modified_gmt":"2024-01-22T11:53:36","slug":"bascula-de-bebe-ps7030","status":"publish","type":"product","link":"https:\/\/desdropi.com\/elparque\/bascula-de-bebe-ps7030\/","title":{"rendered":"B\u00c1SCULA DE BEB\u00c9 PS7030"},"content":{"rendered":"<div class=\"descripcion-tab\">\n<p><strong>Descripci\u00f3n<\/strong><\/p>\n<p>B\u00e1scula para beb\u00e9s con funciones avanzadas:<\/p>\n<ul>\n<li>Env\u00eda autom\u00e1ticamente las pesas del beb\u00e9 a su smartphone.<\/li>\n<li>Compatible con Bluetooth 4.0 y tecnolog\u00eda superior.<\/li>\n<li>Funci\u00f3n WEIGHT LOCK: \u00fatil para detener el peso del ni\u00f1o en la pantalla a pesar de los movimientos continuos.<\/li>\n<li>Funci\u00f3n TARA: pone a cero la escala despu\u00e9s de colocar una toalla o pa\u00f1o suave sobre el plato.<\/li>\n<\/ul>\n<p><strong>Ficha de datos<\/strong><\/p>\n<ul>\n<li><strong>Dimensiones:<\/strong> 56 x 33 x 4.6 cm<\/li>\n<li><strong>Peso:<\/strong> 1.61 kg<\/li>\n<li><strong>C\u00f3digo de barras:<\/strong> 8013240102665<\/li>\n<li><strong>Componentes del producto:<\/strong> 1 B\u00e1scula, 1 Manual de usuario<\/li>\n<li><strong>Display:<\/strong> LCD \u2013 7.1 x 2.7 cm<\/li>\n<li><strong>Tipo de alimentaci\u00f3n:<\/strong> 3 x 1.5V AAA alcalino (no incluido)<\/li>\n<li><strong>Peso m\u00e1ximo:<\/strong> 20 kg<\/li>\n<li><strong>Divisiones:<\/strong> 5 g<\/li>\n<li><strong>Material de la plataforma:<\/strong> ABS<\/li>\n<\/ul>\n<\/div>\n","protected":false},"excerpt":{"rendered":"<p>Descripci\u00f3n B\u00e1scula para beb\u00e9s con funciones avanzadas: Env\u00eda autom\u00e1ticamente las pesas del beb\u00e9 a su smartphone. Compatible con Bluetooth 4.0<\/p>\n","protected":false},"featured_media":212215,"comment_status":"open","ping_status":"closed","template":"","meta":{"_joinchat":[]},"product_cat":[825,7037,6097],"product_tag":[],"class_list":{"0":"post-212214","1":"product","2":"type-product","3":"status-publish","4":"has-post-thumbnail","6":"product_cat-pequeno-electrodomestico","7":"product_cat-basculas-de-bano-higiene-y-salud-cuidado-personal","8":"product_cat-cuidado-personal","10":"first","11":"instock","12":"taxable","13":"shipping-taxable","14":"purchasable","15":"product-type-simple"},"_links":{"self":[{"href":"https:\/\/desdropi.com\/elparque\/wp-json\/wp\/v2\/product\/212214"}],"collection":[{"href":"https:\/\/desdropi.com\/elparque\/wp-json\/wp\/v2\/product"}],"about":[{"href":"https:\/\/desdropi.com\/elparque\/wp-json\/wp\/v2\/types\/product"}],"replies":[{"embeddable":true,"href":"https:\/\/desdropi.com\/elparque\/wp-json\/wp\/v2\/comments?post=212214"}],"version-history":[{"count":0,"href":"https:\/\/desdropi.com\/elparque\/wp-json\/wp\/v2\/product\/212214\/revisions"}],"wp:featuredmedia":[{"embeddable":true,"href":"https:\/\/desdropi.com\/elparque\/wp-json\/wp\/v2\/media\/212215"}],"wp:attachment":[{"href":"https:\/\/desdropi.com\/elparque\/wp-json\/wp\/v2\/media?parent=212214"}],"wp:term":[{"taxonomy":"product_cat","embeddable":true,"href":"https:\/\/desdropi.com\/elparque\/wp-json\/wp\/v2\/product_cat?post=212214"},{"taxonomy":"product_tag","embeddable":true,"href":"https:\/\/desdropi.com\/elparque\/wp-json\/wp\/v2\/product_tag?post=212214"}],"curies":[{"name":"wp","href":"https:\/\/api.w.org\/{rel}","templated":true}]}}