{"id":212220,"date":"2024-01-22T10:08:41","date_gmt":"2024-01-22T09:08:41","guid":{"rendered":"https:\/\/desdropi.com\/elparque\/?post_type=product&#038;p=212220"},"modified":"2024-01-22T13:14:00","modified_gmt":"2024-01-22T12:14:00","slug":"bascula-mecanica-de-acero-ps2020","status":"publish","type":"product","link":"https:\/\/desdropi.com\/elparque\/bascula-mecanica-de-acero-ps2020\/","title":{"rendered":"B\u00c1SCULA MEC\u00c1NICA DE ACERO PS2020"},"content":{"rendered":"<div class=\"descripcion-tab\">\n<p><strong>Contenido del embalaje<\/strong><\/p>\n<ul>\n<li>Manual de usuario<\/li>\n<\/ul>\n<p><strong>Desempe\u00f1o<\/strong><\/p>\n<ul>\n<li><strong>Tipo:<\/strong> B\u00e1scula de ba\u00f1o anal\u00f3gica<\/li>\n<li><strong>Capacidad m\u00e1xima de peso:<\/strong> 110 kg<\/li>\n<li><strong>Apagado autom\u00e1tico:<\/strong> S\u00ed<\/li>\n<li><strong>Precisi\u00f3n:<\/strong> 1 g<\/li>\n<li><strong>Color del producto:<\/strong> Blanco<\/li>\n<li><strong>Medici\u00f3n \u00edndice de Masa Corporal (IMC):<\/strong> No<\/li>\n<li><strong>La tasa metab\u00f3lica basal (BMR) de medici\u00f3n:<\/strong> No<\/li>\n<li><strong>Unidad de medida:<\/strong> kg<\/li>\n<li><strong>Forma:<\/strong> Rect\u00e1ngulo<\/li>\n<li><strong>Material:<\/strong> Acero inoxidable<\/li>\n<li><strong>Funci\u00f3n de la memoria:<\/strong> No<\/li>\n<li><strong>Listo para su uso:<\/strong> S\u00ed<\/li>\n<\/ul>\n<p><strong>Detalles t\u00e9cnicos<\/strong><\/p>\n<ul>\n<li><strong>Sustainability compliance:<\/strong> (Informaci\u00f3n no proporcionada)<\/li>\n<li><strong>Certificados de sostenibilidad:<\/strong> CE<\/li>\n<\/ul>\n<p><strong>Empaquetado<\/strong><\/p>\n<ul>\n<li><strong>Cantidad por paquete:<\/strong> 1 pieza(s)<\/li>\n<li><strong>Ancho del paquete:<\/strong> 263 mm<\/li>\n<li><strong>Profundidad del paquete:<\/strong> 263 mm<\/li>\n<li><strong>Altura del paquete:<\/strong> 46 mm<\/li>\n<li><strong>Peso del paquete:<\/strong> 1.12 kg<\/li>\n<li><strong>Tipo de embalaje:<\/strong> Caja<\/li>\n<\/ul>\n<p><strong>Peso y dimensiones<\/strong><\/p>\n<ul>\n<li><strong>Ancho:<\/strong> 250 mm<\/li>\n<li><strong>Profundidad:<\/strong> 250 mm<\/li>\n<li><strong>Altura:<\/strong> 40 mm<\/li>\n<\/ul>\n<\/div>\n","protected":false},"excerpt":{"rendered":"<p><strong><span style=\"color: #ff0000;\">\u00a1\u00a1AGOTADO!!<\/span><\/strong><\/p>\n","protected":false},"featured_media":212221,"comment_status":"open","ping_status":"closed","template":"","meta":{"_joinchat":[]},"product_cat":[6097,7037,825],"product_tag":[],"class_list":{"0":"post-212220","1":"product","2":"type-product","3":"status-publish","4":"has-post-thumbnail","6":"product_cat-cuidado-personal","7":"product_cat-basculas-de-bano-higiene-y-salud-cuidado-personal","8":"product_cat-pequeno-electrodomestico","10":"first","11":"outofstock","12":"taxable","13":"shipping-taxable","14":"purchasable","15":"product-type-simple"},"_links":{"self":[{"href":"https:\/\/desdropi.com\/elparque\/wp-json\/wp\/v2\/product\/212220"}],"collection":[{"href":"https:\/\/desdropi.com\/elparque\/wp-json\/wp\/v2\/product"}],"about":[{"href":"https:\/\/desdropi.com\/elparque\/wp-json\/wp\/v2\/types\/product"}],"replies":[{"embeddable":true,"href":"https:\/\/desdropi.com\/elparque\/wp-json\/wp\/v2\/comments?post=212220"}],"version-history":[{"count":0,"href":"https:\/\/desdropi.com\/elparque\/wp-json\/wp\/v2\/product\/212220\/revisions"}],"wp:featuredmedia":[{"embeddable":true,"href":"https:\/\/desdropi.com\/elparque\/wp-json\/wp\/v2\/media\/212221"}],"wp:attachment":[{"href":"https:\/\/desdropi.com\/elparque\/wp-json\/wp\/v2\/media?parent=212220"}],"wp:term":[{"taxonomy":"product_cat","embeddable":true,"href":"https:\/\/desdropi.com\/elparque\/wp-json\/wp\/v2\/product_cat?post=212220"},{"taxonomy":"product_tag","embeddable":true,"href":"https:\/\/desdropi.com\/elparque\/wp-json\/wp\/v2\/product_tag?post=212220"}],"curies":[{"name":"wp","href":"https:\/\/api.w.org\/{rel}","templated":true}]}}