{"id":212223,"date":"2024-01-22T10:12:42","date_gmt":"2024-01-22T09:12:42","guid":{"rendered":"https:\/\/desdropi.com\/elparque\/?post_type=product&#038;p=212223"},"modified":"2024-01-22T12:58:17","modified_gmt":"2024-01-22T11:58:17","slug":"bascula-mecanica-ps2015","status":"publish","type":"product","link":"https:\/\/desdropi.com\/elparque\/bascula-mecanica-ps2015\/","title":{"rendered":"B\u00c1SCULA MEC\u00c1NICA PS2015"},"content":{"rendered":"<div class=\"descripcion-tab\">\n<p><strong>Descripci\u00f3n<\/strong><\/p>\n<p>B\u00e1scula de ba\u00f1o mec\u00e1nica con:<\/p>\n<ul>\n<li>Plataforma grande y antideslizante<\/li>\n<\/ul>\n<p><strong>Ficha de datos<\/strong><\/p>\n<ul>\n<li><strong>C\u00f3digo de producto:<\/strong> PS2015<\/li>\n<li><strong>C\u00f3digo de barras:<\/strong> 8013240103167<\/li>\n<li><strong>Dimensiones:<\/strong> 28 x 29.4 x 5 cm<\/li>\n<li><strong>Peso:<\/strong> 1.55 kg<\/li>\n<li><strong>Componentes del producto:<\/strong> 1 B\u00e1scula de ba\u00f1o, 1 manual de usuario<\/li>\n<li><strong>Peso m\u00e1ximo:<\/strong> 125 kg<\/li>\n<li><strong>Divisiones:<\/strong> 1 kg<\/li>\n<li><strong>Material de la plataforma:<\/strong> Superficie antideslizante<\/li>\n<\/ul>\n<\/div>\n","protected":false},"excerpt":{"rendered":"<p>Descripci\u00f3n B\u00e1scula de ba\u00f1o mec\u00e1nica con: Plataforma grande y antideslizante Ficha de datos C\u00f3digo de producto: PS2015 C\u00f3digo de barras:<\/p>\n","protected":false},"featured_media":212224,"comment_status":"open","ping_status":"closed","template":"","meta":{"_joinchat":[]},"product_cat":[825,7037,6097],"product_tag":[],"class_list":{"0":"post-212223","1":"product","2":"type-product","3":"status-publish","4":"has-post-thumbnail","6":"product_cat-pequeno-electrodomestico","7":"product_cat-basculas-de-bano-higiene-y-salud-cuidado-personal","8":"product_cat-cuidado-personal","10":"first","11":"instock","12":"taxable","13":"shipping-taxable","14":"purchasable","15":"product-type-simple"},"_links":{"self":[{"href":"https:\/\/desdropi.com\/elparque\/wp-json\/wp\/v2\/product\/212223"}],"collection":[{"href":"https:\/\/desdropi.com\/elparque\/wp-json\/wp\/v2\/product"}],"about":[{"href":"https:\/\/desdropi.com\/elparque\/wp-json\/wp\/v2\/types\/product"}],"replies":[{"embeddable":true,"href":"https:\/\/desdropi.com\/elparque\/wp-json\/wp\/v2\/comments?post=212223"}],"version-history":[{"count":0,"href":"https:\/\/desdropi.com\/elparque\/wp-json\/wp\/v2\/product\/212223\/revisions"}],"wp:featuredmedia":[{"embeddable":true,"href":"https:\/\/desdropi.com\/elparque\/wp-json\/wp\/v2\/media\/212224"}],"wp:attachment":[{"href":"https:\/\/desdropi.com\/elparque\/wp-json\/wp\/v2\/media?parent=212223"}],"wp:term":[{"taxonomy":"product_cat","embeddable":true,"href":"https:\/\/desdropi.com\/elparque\/wp-json\/wp\/v2\/product_cat?post=212223"},{"taxonomy":"product_tag","embeddable":true,"href":"https:\/\/desdropi.com\/elparque\/wp-json\/wp\/v2\/product_tag?post=212223"}],"curies":[{"name":"wp","href":"https:\/\/api.w.org\/{rel}","templated":true}]}}