{"id":212227,"date":"2024-01-22T10:17:30","date_gmt":"2024-01-22T09:17:30","guid":{"rendered":"https:\/\/desdropi.com\/elparque\/?post_type=product&#038;p=212227"},"modified":"2024-01-22T13:10:13","modified_gmt":"2024-01-22T12:10:13","slug":"bascula-mecanica-de-acero-ps2025","status":"publish","type":"product","link":"https:\/\/desdropi.com\/elparque\/bascula-mecanica-de-acero-ps2025\/","title":{"rendered":"B\u00c1SCULA MEC\u00c1NICA DE ACERO PS2025"},"content":{"rendered":"<div class=\"descripcion-tab\"><strong>Descripci\u00f3n<\/strong>B\u00e1scula de ba\u00f1o mec\u00e1nica con:<\/p>\n<ul>\n<li>Visor de f\u00e1cil lectura<\/li>\n<li>Plataforma grande y antideslizante<\/li>\n<\/ul>\n<p><strong>Ficha de datos<\/strong><\/p>\n<ul>\n<li><strong>C\u00f3digo de producto:<\/strong> PS2025<\/li>\n<li><strong>C\u00f3digo de barras:<\/strong> 8013240103174<\/li>\n<li><strong>Dimensiones:<\/strong> 43.5 x 31.8 x 7 cm<\/li>\n<li><strong>Peso:<\/strong> 2.50 kg<\/li>\n<li><strong>Componentes del producto:<\/strong> 1 B\u00e1scula de ba\u00f1o, 1 manual de usuario<\/li>\n<li><strong>Peso m\u00e1ximo:<\/strong> 160 kg<\/li>\n<li><strong>Divisiones:<\/strong> 1 kg<\/li>\n<li><strong>Material de la plataforma:<\/strong> Superficie antideslizante<\/li>\n<\/ul>\n<\/div>\n","protected":false},"excerpt":{"rendered":"<p>Descripci\u00f3nB\u00e1scula de ba\u00f1o mec\u00e1nica con: Visor de f\u00e1cil lectura Plataforma grande y antideslizante Ficha de datos C\u00f3digo de producto: PS2025<\/p>\n","protected":false},"featured_media":212228,"comment_status":"open","ping_status":"closed","template":"","meta":{"_joinchat":[]},"product_cat":[6097,7037,825],"product_tag":[],"class_list":{"0":"post-212227","1":"product","2":"type-product","3":"status-publish","4":"has-post-thumbnail","6":"product_cat-cuidado-personal","7":"product_cat-basculas-de-bano-higiene-y-salud-cuidado-personal","8":"product_cat-pequeno-electrodomestico","10":"first","11":"instock","12":"taxable","13":"shipping-taxable","14":"purchasable","15":"product-type-simple"},"_links":{"self":[{"href":"https:\/\/desdropi.com\/elparque\/wp-json\/wp\/v2\/product\/212227"}],"collection":[{"href":"https:\/\/desdropi.com\/elparque\/wp-json\/wp\/v2\/product"}],"about":[{"href":"https:\/\/desdropi.com\/elparque\/wp-json\/wp\/v2\/types\/product"}],"replies":[{"embeddable":true,"href":"https:\/\/desdropi.com\/elparque\/wp-json\/wp\/v2\/comments?post=212227"}],"version-history":[{"count":0,"href":"https:\/\/desdropi.com\/elparque\/wp-json\/wp\/v2\/product\/212227\/revisions"}],"wp:featuredmedia":[{"embeddable":true,"href":"https:\/\/desdropi.com\/elparque\/wp-json\/wp\/v2\/media\/212228"}],"wp:attachment":[{"href":"https:\/\/desdropi.com\/elparque\/wp-json\/wp\/v2\/media?parent=212227"}],"wp:term":[{"taxonomy":"product_cat","embeddable":true,"href":"https:\/\/desdropi.com\/elparque\/wp-json\/wp\/v2\/product_cat?post=212227"},{"taxonomy":"product_tag","embeddable":true,"href":"https:\/\/desdropi.com\/elparque\/wp-json\/wp\/v2\/product_tag?post=212227"}],"curies":[{"name":"wp","href":"https:\/\/api.w.org\/{rel}","templated":true}]}}