{"id":212232,"date":"2024-01-22T10:21:59","date_gmt":"2024-01-22T09:21:59","guid":{"rendered":"https:\/\/desdropi.com\/elparque\/?post_type=product&#038;p=212232"},"modified":"2024-01-22T13:14:44","modified_gmt":"2024-01-22T12:14:44","slug":"bascula-mecanica-de-acero-ps2024","status":"publish","type":"product","link":"https:\/\/desdropi.com\/elparque\/bascula-mecanica-de-acero-ps2024\/","title":{"rendered":"B\u00c1SCULA MEC\u00c1NICA DE ACERO PS2024"},"content":{"rendered":"<div class=\"descripcion-tab\"><strong>Descripci\u00f3n<\/strong>B\u00e1scula de ba\u00f1o mec\u00e1nica con:<\/p>\n<ul>\n<li>Visor de f\u00e1cil lectura<\/li>\n<li>Plataforma grande y antideslizante<\/li>\n<\/ul>\n<p><strong>Ficha de datos<\/strong><\/p>\n<ul>\n<li>C\u00f3digo de producto: PS2024<\/li>\n<li>C\u00f3digo de barras: 8013240102962<\/li>\n<li>Dimensiones: 43 x 28.8 x 9 cm<\/li>\n<li>Peso: 3.23 kg<\/li>\n<li>Componentes del producto: 1 B\u00e1scula de ba\u00f1o, 1 manual de usuario<\/li>\n<li>Peso m\u00e1ximo: 150 kg<\/li>\n<li>Divisiones: 1 kg<\/li>\n<li>Material de la plataforma: Superficie antideslizante<\/li>\n<\/ul>\n<\/div>\n","protected":false},"excerpt":{"rendered":"<p>Descripci\u00f3nB\u00e1scula de ba\u00f1o mec\u00e1nica con: Visor de f\u00e1cil lectura Plataforma grande y antideslizante Ficha de datos C\u00f3digo de producto: PS2024<\/p>\n","protected":false},"featured_media":212233,"comment_status":"open","ping_status":"closed","template":"","meta":{"_joinchat":[]},"product_cat":[825,6097],"product_tag":[],"class_list":{"0":"post-212232","1":"product","2":"type-product","3":"status-publish","4":"has-post-thumbnail","6":"product_cat-pequeno-electrodomestico","7":"product_cat-cuidado-personal","9":"first","10":"instock","11":"taxable","12":"shipping-taxable","13":"purchasable","14":"product-type-simple"},"_links":{"self":[{"href":"https:\/\/desdropi.com\/elparque\/wp-json\/wp\/v2\/product\/212232"}],"collection":[{"href":"https:\/\/desdropi.com\/elparque\/wp-json\/wp\/v2\/product"}],"about":[{"href":"https:\/\/desdropi.com\/elparque\/wp-json\/wp\/v2\/types\/product"}],"replies":[{"embeddable":true,"href":"https:\/\/desdropi.com\/elparque\/wp-json\/wp\/v2\/comments?post=212232"}],"version-history":[{"count":0,"href":"https:\/\/desdropi.com\/elparque\/wp-json\/wp\/v2\/product\/212232\/revisions"}],"wp:featuredmedia":[{"embeddable":true,"href":"https:\/\/desdropi.com\/elparque\/wp-json\/wp\/v2\/media\/212233"}],"wp:attachment":[{"href":"https:\/\/desdropi.com\/elparque\/wp-json\/wp\/v2\/media?parent=212232"}],"wp:term":[{"taxonomy":"product_cat","embeddable":true,"href":"https:\/\/desdropi.com\/elparque\/wp-json\/wp\/v2\/product_cat?post=212232"},{"taxonomy":"product_tag","embeddable":true,"href":"https:\/\/desdropi.com\/elparque\/wp-json\/wp\/v2\/product_tag?post=212232"}],"curies":[{"name":"wp","href":"https:\/\/api.w.org\/{rel}","templated":true}]}}