{"id":212236,"date":"2024-01-22T10:25:44","date_gmt":"2024-01-22T09:25:44","guid":{"rendered":"https:\/\/desdropi.com\/elparque\/?post_type=product&#038;p=212236"},"modified":"2024-01-22T13:18:12","modified_gmt":"2024-01-22T12:18:12","slug":"tensiometro-digital-muneca-bm1006","status":"publish","type":"product","link":"https:\/\/desdropi.com\/elparque\/tensiometro-digital-muneca-bm1006\/","title":{"rendered":"TENSIOMETRO DIGITAL MU\u00d1ECA BM1006"},"content":{"rendered":"<div class=\"descripcion-tab\">\n<p><strong>Descripci\u00f3n<\/strong><\/p>\n<p>Este dispositivo le permite medir r\u00e1pidamente su presi\u00f3n arterial en el hogar para que pueda monitorearla a diario. Permite la medici\u00f3n r\u00e1pida de la presi\u00f3n arterial (sist\u00f3lica y diast\u00f3lica) y la frecuencia card\u00edaca e indica cualquier arritmia. F\u00e1cil de usar, le permite controlar su presi\u00f3n arterial r\u00e1pidamente todos los d\u00edas, en el hogar.<\/p>\n<ul>\n<li>60 registros para 2 personas (120 registros)<\/li>\n<li>Funda pr\u00e1ctica incluida<\/li>\n<li>Gran pantalla LCD f\u00e1cil de leer<\/li>\n<\/ul>\n<p><strong>Ficha de datos<\/strong><\/p>\n<ul>\n<li>Dimensiones: 7.7 x 6.2 x 6.5 cm<\/li>\n<li>Peso: 180 g<\/li>\n<li>C\u00f3digo de barras: 8033224601908<\/li>\n<li>Componentes del producto: 1 esfigmoman\u00f3metro, 2 bater\u00edas, 1 bolsita, 1 manual de instrucciones<\/li>\n<li>Recambios disponibles: &#8211;<\/li>\n<li>Capacidad de memorias: 60 x 2 (120 memories)<\/li>\n<li>N\u00famero de usuarios: 2<\/li>\n<li>LCD: 3.7 x 4.8 cm<\/li>\n<li>Media de las medidas: Promedio de las \u00faltimas 3 mediciones<\/li>\n<li>Fecha y hora: S\u00ed<\/li>\n<li>Detecci\u00f3n de arritmias: S\u00ed<\/li>\n<li>Tipo de alimentaci\u00f3n: 2 x 1.5V bater\u00edas alcalinas AA<\/li>\n<\/ul>\n<\/div>\n","protected":false},"excerpt":{"rendered":"<p>Descripci\u00f3n Este dispositivo le permite medir r\u00e1pidamente su presi\u00f3n arterial en el hogar para que pueda monitorearla a diario. Permite<\/p>\n","protected":false},"featured_media":212238,"comment_status":"open","ping_status":"closed","template":"","meta":{"_joinchat":[]},"product_cat":[6097,7018,825],"product_tag":[],"class_list":{"0":"post-212236","1":"product","2":"type-product","3":"status-publish","4":"has-post-thumbnail","6":"product_cat-cuidado-personal","7":"product_cat-tensiometros-higiene-y-salud-cuidado-personal","8":"product_cat-pequeno-electrodomestico","10":"first","11":"instock","12":"taxable","13":"shipping-taxable","14":"purchasable","15":"product-type-simple"},"_links":{"self":[{"href":"https:\/\/desdropi.com\/elparque\/wp-json\/wp\/v2\/product\/212236"}],"collection":[{"href":"https:\/\/desdropi.com\/elparque\/wp-json\/wp\/v2\/product"}],"about":[{"href":"https:\/\/desdropi.com\/elparque\/wp-json\/wp\/v2\/types\/product"}],"replies":[{"embeddable":true,"href":"https:\/\/desdropi.com\/elparque\/wp-json\/wp\/v2\/comments?post=212236"}],"version-history":[{"count":0,"href":"https:\/\/desdropi.com\/elparque\/wp-json\/wp\/v2\/product\/212236\/revisions"}],"wp:featuredmedia":[{"embeddable":true,"href":"https:\/\/desdropi.com\/elparque\/wp-json\/wp\/v2\/media\/212238"}],"wp:attachment":[{"href":"https:\/\/desdropi.com\/elparque\/wp-json\/wp\/v2\/media?parent=212236"}],"wp:term":[{"taxonomy":"product_cat","embeddable":true,"href":"https:\/\/desdropi.com\/elparque\/wp-json\/wp\/v2\/product_cat?post=212236"},{"taxonomy":"product_tag","embeddable":true,"href":"https:\/\/desdropi.com\/elparque\/wp-json\/wp\/v2\/product_tag?post=212236"}],"curies":[{"name":"wp","href":"https:\/\/api.w.org\/{rel}","templated":true}]}}