{"id":212240,"date":"2024-01-22T11:00:22","date_gmt":"2024-01-22T10:00:22","guid":{"rendered":"https:\/\/desdropi.com\/elparque\/?post_type=product&#038;p=212240"},"modified":"2024-01-22T13:22:38","modified_gmt":"2024-01-22T12:22:38","slug":"tensiometrodigital-brazo-bm1007","status":"publish","type":"product","link":"https:\/\/desdropi.com\/elparque\/tensiometrodigital-brazo-bm1007\/","title":{"rendered":"TENSIOMETRODIGITAL BRAZO BM1007"},"content":{"rendered":"<div class=\"descripcion-tab\">\n<strong>Descripci\u00f3n<\/strong><\/p>\n<p>Este dispositivo le permite medir r\u00e1pidamente su presi\u00f3n arterial en el hogar para que pueda monitorearla a diario. Permite la medici\u00f3n r\u00e1pida de la presi\u00f3n arterial (sist\u00f3lica y diast\u00f3lica) y la frecuencia card\u00edaca e indica cualquier arritmia. F\u00e1cil de usar, le permite controlar su presi\u00f3n arterial r\u00e1pidamente todos los d\u00edas, en el hogar.<\/p>\n<ul>\n<li>60 registros para 2 personas (120 registros)<\/li>\n<li>Funda pr\u00e1ctica incluida<\/li>\n<li>Gran pantalla LCD f\u00e1cil de leer<\/li>\n<\/ul>\n<p><strong>Ficha de datos<\/strong><\/p>\n<ul>\n<li>Dimensiones: 6.8 x 9 x 7 cm<\/li>\n<li>Peso: 190 g<\/li>\n<li>C\u00f3digo de barras: 8013240200149<\/li>\n<li>Componentes del producto: 1 esfigmoman\u00f3metro, 2 bater\u00edas, 1 bolsita, 1 manual de instrucciones<\/li>\n<li>Recambios disponibles: &#8211;<\/li>\n<li>Capacidad de memorias: 120 (30 memorias x 4 usuarios)<\/li>\n<li>N\u00famero de usuarios: 4<\/li>\n<li>LCD: 4 x 4.7 cm<\/li>\n<li>Media de las medidas: S\u00ed<\/li>\n<li>Fecha y hora: S\u00ed<\/li>\n<li>Detecci\u00f3n de arritmias: S\u00ed<\/li>\n<li>Tipo de alimentaci\u00f3n: 2 x 1.5V bater\u00edas alcalinas AA<\/li>\n<\/ul>\n<\/div>\n","protected":false},"excerpt":{"rendered":"<p>Descripci\u00f3n Este dispositivo le permite medir r\u00e1pidamente su presi\u00f3n arterial en el hogar para que pueda monitorearla a diario. Permite<\/p>\n","protected":false},"featured_media":212241,"comment_status":"open","ping_status":"closed","template":"","meta":{"_joinchat":[]},"product_cat":[825,7018,6097],"product_tag":[],"class_list":{"0":"post-212240","1":"product","2":"type-product","3":"status-publish","4":"has-post-thumbnail","6":"product_cat-pequeno-electrodomestico","7":"product_cat-tensiometros-higiene-y-salud-cuidado-personal","8":"product_cat-cuidado-personal","10":"first","11":"instock","12":"taxable","13":"shipping-taxable","14":"purchasable","15":"product-type-simple"},"_links":{"self":[{"href":"https:\/\/desdropi.com\/elparque\/wp-json\/wp\/v2\/product\/212240"}],"collection":[{"href":"https:\/\/desdropi.com\/elparque\/wp-json\/wp\/v2\/product"}],"about":[{"href":"https:\/\/desdropi.com\/elparque\/wp-json\/wp\/v2\/types\/product"}],"replies":[{"embeddable":true,"href":"https:\/\/desdropi.com\/elparque\/wp-json\/wp\/v2\/comments?post=212240"}],"version-history":[{"count":0,"href":"https:\/\/desdropi.com\/elparque\/wp-json\/wp\/v2\/product\/212240\/revisions"}],"wp:featuredmedia":[{"embeddable":true,"href":"https:\/\/desdropi.com\/elparque\/wp-json\/wp\/v2\/media\/212241"}],"wp:attachment":[{"href":"https:\/\/desdropi.com\/elparque\/wp-json\/wp\/v2\/media?parent=212240"}],"wp:term":[{"taxonomy":"product_cat","embeddable":true,"href":"https:\/\/desdropi.com\/elparque\/wp-json\/wp\/v2\/product_cat?post=212240"},{"taxonomy":"product_tag","embeddable":true,"href":"https:\/\/desdropi.com\/elparque\/wp-json\/wp\/v2\/product_tag?post=212240"}],"curies":[{"name":"wp","href":"https:\/\/api.w.org\/{rel}","templated":true}]}}