{"id":212243,"date":"2024-01-22T11:05:09","date_gmt":"2024-01-22T10:05:09","guid":{"rendered":"https:\/\/desdropi.com\/elparque\/?post_type=product&#038;p=212243"},"modified":"2024-01-22T13:36:05","modified_gmt":"2024-01-22T12:36:05","slug":"tensionmetro-digital-brazo-bm2301","status":"publish","type":"product","link":"https:\/\/desdropi.com\/elparque\/tensionmetro-digital-brazo-bm2301\/","title":{"rendered":"TENSIONMETRO DIGITAL BRAZO BM2301"},"content":{"rendered":"<div class=\"descripcion-tab\">\n<p><strong>Descripci\u00f3n<\/strong><\/p>\n<p>El tensi\u00f3metro digital de brazo, LAICA BM2301, es un dispositivo m\u00e9dico de uso dom\u00e9stico completamente autom\u00e1tico. Permite una detecci\u00f3n r\u00e1pida de los valores de presi\u00f3n arterial (sist\u00f3lica y diast\u00f3lica), de la frecuencia card\u00edaca y se\u00f1ala la presencia de arritmias eventuales. F\u00e1cil de usar, le permite controlar la presi\u00f3n arterial diariamente en casa, r\u00e1pidamente.<\/p>\n<ul>\n<li>30 memorias para 4 personas (120 memorias)<\/li>\n<li>Pr\u00e1ctica bolsita incluida<\/li>\n<li>Gran display LCD de f\u00e1cil lectura<\/li>\n<li>Comparaci\u00f3n inmediata de los valores de presi\u00f3n arterial detectados de acuerdo con la clasificaci\u00f3n desarrollada por la Organizaci\u00f3n Mundial de la Salud (OMS).<\/li>\n<\/ul>\n<p><strong>Ficha de datos<\/strong><\/p>\n<ul>\n<li>Dimensiones: 16.3 x 11 x 6.5 cm<\/li>\n<li>Peso: 560 g<\/li>\n<li>C\u00f3digo de barras: 8033224601670<\/li>\n<li>Componentes del producto: 1 esfigmoman\u00f3metro, 1 brazalete de tama\u00f1o est\u00e1ndar (22-36 cm), 4 bater\u00edas, 1 bolsita, 1 manual de instrucciones<\/li>\n<li>Recambios disponibles: Brazalete de tama\u00f1o est\u00e1ndar (22-36 cm), Brazalete de tama\u00f1o largo (30-42)<\/li>\n<li>Capacidad de memorias: 30 memorias x 4 usuarios (120 memorias)<\/li>\n<li>N\u00famero de usuarios: 4<\/li>\n<li>LCD: 5.5 x 8.2 cm<\/li>\n<li>Media de las medidas: Media de las 3 \u00faltimas mediciones<\/li>\n<li>Fecha y hora: S\u00ed<\/li>\n<li>Detecci\u00f3n de arritmias: S\u00ed<\/li>\n<li>Tipo de alimentaci\u00f3n: 4 x 1.5V bater\u00edas alcalinas AA<\/li>\n<\/ul>\n<\/div>\n","protected":false},"excerpt":{"rendered":"<p><span style=\"color: #ff0000;\"><strong>\u00a1\u00a1AGOTADO!!<\/strong><\/span><\/p>\n","protected":false},"featured_media":212244,"comment_status":"open","ping_status":"closed","template":"","meta":{"_joinchat":[]},"product_cat":[7018,825,6097],"product_tag":[],"class_list":{"0":"post-212243","1":"product","2":"type-product","3":"status-publish","4":"has-post-thumbnail","6":"product_cat-tensiometros-higiene-y-salud-cuidado-personal","7":"product_cat-pequeno-electrodomestico","8":"product_cat-cuidado-personal","10":"first","11":"outofstock","12":"taxable","13":"shipping-taxable","14":"purchasable","15":"product-type-simple"},"_links":{"self":[{"href":"https:\/\/desdropi.com\/elparque\/wp-json\/wp\/v2\/product\/212243"}],"collection":[{"href":"https:\/\/desdropi.com\/elparque\/wp-json\/wp\/v2\/product"}],"about":[{"href":"https:\/\/desdropi.com\/elparque\/wp-json\/wp\/v2\/types\/product"}],"replies":[{"embeddable":true,"href":"https:\/\/desdropi.com\/elparque\/wp-json\/wp\/v2\/comments?post=212243"}],"version-history":[{"count":0,"href":"https:\/\/desdropi.com\/elparque\/wp-json\/wp\/v2\/product\/212243\/revisions"}],"wp:featuredmedia":[{"embeddable":true,"href":"https:\/\/desdropi.com\/elparque\/wp-json\/wp\/v2\/media\/212244"}],"wp:attachment":[{"href":"https:\/\/desdropi.com\/elparque\/wp-json\/wp\/v2\/media?parent=212243"}],"wp:term":[{"taxonomy":"product_cat","embeddable":true,"href":"https:\/\/desdropi.com\/elparque\/wp-json\/wp\/v2\/product_cat?post=212243"},{"taxonomy":"product_tag","embeddable":true,"href":"https:\/\/desdropi.com\/elparque\/wp-json\/wp\/v2\/product_tag?post=212243"}],"curies":[{"name":"wp","href":"https:\/\/api.w.org\/{rel}","templated":true}]}}