{"id":212247,"date":"2024-01-22T11:27:37","date_gmt":"2024-01-22T10:27:37","guid":{"rendered":"https:\/\/desdropi.com\/elparque\/?post_type=product&#038;p=212247"},"modified":"2024-01-22T13:41:33","modified_gmt":"2024-01-22T12:41:33","slug":"tensiometro-digital-brazo-bm2302","status":"publish","type":"product","link":"https:\/\/desdropi.com\/elparque\/tensiometro-digital-brazo-bm2302\/","title":{"rendered":"TENSIOMETRO DIGITAL BRAZO BM2302"},"content":{"rendered":"<div class=\"descripcion-tab\">\n<strong>Descripci\u00f3n<\/strong>El tensi\u00f3metro digital de brazo, LAICA BM2302, es un dispositivo m\u00e9dico completamente autom\u00e1tico para uso dom\u00e9stico. Permite la medici\u00f3n r\u00e1pida de la presi\u00f3n arterial (sist\u00f3lica y diast\u00f3lica) y la frecuencia card\u00edaca e indica cualquier arritmia. F\u00e1cil de usar, le permite controlar su presi\u00f3n arterial r\u00e1pidamente todos los d\u00edas, en el hogar.<\/p>\n<ul>\n<li>30 registros para 4 personas (120 registros)<\/li>\n<li>Equipado con un estuche \u00fatil<\/li>\n<li>Gran pantalla LCD f\u00e1cil de leer<\/li>\n<\/ul>\n<p><strong>Ficha de datos<\/strong><\/p>\n<ul>\n<li>Dimensiones: 10.6 x 8.2 x 5.2 cm<\/li>\n<li>Peso: 380 g<\/li>\n<li>C\u00f3digo de barras: 8013240200095<\/li>\n<li>Componentes del producto: 1 esfigmoman\u00f3metro, 1 brazalete de tama\u00f1o est\u00e1ndar (22-30 cm), 4 bater\u00edas, 1 bolsita, 1 manual de instrucciones<\/li>\n<li>Recambios disponibles: Brazalete de tama\u00f1o est\u00e1ndar (22-30 cm), Brazalete de tama\u00f1o largo (30-42)<\/li>\n<li>Capacidad de memorias: 30 memorias x 4 usuarios (120 memorias)<\/li>\n<li>N\u00famero de usuarios: 4<\/li>\n<li>LCD: 5.1 x 6.1 cm<\/li>\n<li>Media de las medidas: S\u00ed<\/li>\n<li>Fecha y hora: S\u00ed<\/li>\n<li>Detecci\u00f3n de arritmias: S\u00ed<\/li>\n<li>Tipo de alimentaci\u00f3n: 4 x 1.5V bater\u00edas alcalinas AA (incluido)<\/li>\n<\/ul>\n<\/div>\n","protected":false},"excerpt":{"rendered":"<p>Descripci\u00f3nEl tensi\u00f3metro digital de brazo, LAICA BM2302, es un dispositivo m\u00e9dico completamente autom\u00e1tico para uso dom\u00e9stico. Permite la medici\u00f3n r\u00e1pida<\/p>\n","protected":false},"featured_media":212248,"comment_status":"open","ping_status":"closed","template":"","meta":{"_joinchat":[]},"product_cat":[6097,7018,825],"product_tag":[],"class_list":{"0":"post-212247","1":"product","2":"type-product","3":"status-publish","4":"has-post-thumbnail","6":"product_cat-cuidado-personal","7":"product_cat-tensiometros-higiene-y-salud-cuidado-personal","8":"product_cat-pequeno-electrodomestico","10":"first","11":"instock","12":"taxable","13":"shipping-taxable","14":"purchasable","15":"product-type-simple"},"_links":{"self":[{"href":"https:\/\/desdropi.com\/elparque\/wp-json\/wp\/v2\/product\/212247"}],"collection":[{"href":"https:\/\/desdropi.com\/elparque\/wp-json\/wp\/v2\/product"}],"about":[{"href":"https:\/\/desdropi.com\/elparque\/wp-json\/wp\/v2\/types\/product"}],"replies":[{"embeddable":true,"href":"https:\/\/desdropi.com\/elparque\/wp-json\/wp\/v2\/comments?post=212247"}],"version-history":[{"count":0,"href":"https:\/\/desdropi.com\/elparque\/wp-json\/wp\/v2\/product\/212247\/revisions"}],"wp:featuredmedia":[{"embeddable":true,"href":"https:\/\/desdropi.com\/elparque\/wp-json\/wp\/v2\/media\/212248"}],"wp:attachment":[{"href":"https:\/\/desdropi.com\/elparque\/wp-json\/wp\/v2\/media?parent=212247"}],"wp:term":[{"taxonomy":"product_cat","embeddable":true,"href":"https:\/\/desdropi.com\/elparque\/wp-json\/wp\/v2\/product_cat?post=212247"},{"taxonomy":"product_tag","embeddable":true,"href":"https:\/\/desdropi.com\/elparque\/wp-json\/wp\/v2\/product_tag?post=212247"}],"curies":[{"name":"wp","href":"https:\/\/api.w.org\/{rel}","templated":true}]}}