{"id":212250,"date":"2024-01-22T11:31:06","date_gmt":"2024-01-22T10:31:06","guid":{"rendered":"https:\/\/desdropi.com\/elparque\/?post_type=product&#038;p=212250"},"modified":"2024-01-22T13:43:30","modified_gmt":"2024-01-22T12:43:30","slug":"tensiometro-digital-brazo-bm2604","status":"publish","type":"product","link":"https:\/\/desdropi.com\/elparque\/tensiometro-digital-brazo-bm2604\/","title":{"rendered":"TENSIOMETRO DIGITAL BRAZO BM2604"},"content":{"rendered":"<div class=\"descripcion-tab\">\n<p><strong>Descripci\u00f3n<\/strong><\/p>\n<p>El tensi\u00f3metro digital de brazo, LAICA BM2604, es un dispositivo m\u00e9dico completamente autom\u00e1tico para uso dom\u00e9stico. Permite la medici\u00f3n r\u00e1pida de la presi\u00f3n arterial (sist\u00f3lica y diast\u00f3lica) y la frecuencia card\u00edaca e indica cualquier arritmia. F\u00e1cil de usar, le permite controlar su presi\u00f3n arterial r\u00e1pidamente todos los d\u00edas, en el hogar.<\/p>\n<ul>\n<li>30 registros para 4 personas (120 registros)<\/li>\n<li>Equipado con un estuche \u00fatil<\/li>\n<li>Gran pantalla LCD f\u00e1cil de leer<\/li>\n<\/ul>\n<p><strong>Ficha de datos<\/strong><\/p>\n<ul>\n<li><strong>Dimensiones:<\/strong> 15 x 9.5 x 4.8 cm<\/li>\n<li><strong>Peso:<\/strong> 420 g<\/li>\n<li><strong>C\u00f3digo de barras:<\/strong> 8013240200088<\/li>\n<li><strong>Componentes del producto:<\/strong> 1 esfigmoman\u00f3metro, 1 brazalete de tama\u00f1o est\u00e1ndar (22-30 cm), 4 bater\u00edas, 1 bolsita, 1 manual de instrucciones<\/li>\n<li><strong>Recambios disponibles:<\/strong> Brazalete de tama\u00f1o est\u00e1ndar (22-30 cm), Brazalete de tama\u00f1o largo (30-42)<\/li>\n<li><strong>Capacidad de memorias:<\/strong> 30 memorias x 4 usuarios (120 memorias)<\/li>\n<li><strong>N\u00famero de usuarios:<\/strong> 4<\/li>\n<li><strong>LCD:<\/strong> 8.7 x 7.4 cm<\/li>\n<li><strong>Media de las medidas:<\/strong> Media de las 3 \u00faltimas mediciones<\/li>\n<li><strong>Fecha y hora:<\/strong> S\u00ed<\/li>\n<li><strong>Detecci\u00f3n de arritmias:<\/strong> S\u00ed<\/li>\n<li><strong>Tipo de alimentaci\u00f3n:<\/strong> 4 x 1.5V bater\u00edas alcalinas AA (incluido)<\/li>\n<\/ul>\n<\/div>\n","protected":false},"excerpt":{"rendered":"<p>Descripci\u00f3n El tensi\u00f3metro digital de brazo, LAICA BM2604, es un dispositivo m\u00e9dico completamente autom\u00e1tico para uso dom\u00e9stico. Permite la medici\u00f3n<\/p>\n","protected":false},"featured_media":212251,"comment_status":"open","ping_status":"closed","template":"","meta":{"_joinchat":[]},"product_cat":[7018,825,6097],"product_tag":[],"class_list":{"0":"post-212250","1":"product","2":"type-product","3":"status-publish","4":"has-post-thumbnail","6":"product_cat-tensiometros-higiene-y-salud-cuidado-personal","7":"product_cat-pequeno-electrodomestico","8":"product_cat-cuidado-personal","10":"first","11":"instock","12":"taxable","13":"shipping-taxable","14":"purchasable","15":"product-type-simple"},"_links":{"self":[{"href":"https:\/\/desdropi.com\/elparque\/wp-json\/wp\/v2\/product\/212250"}],"collection":[{"href":"https:\/\/desdropi.com\/elparque\/wp-json\/wp\/v2\/product"}],"about":[{"href":"https:\/\/desdropi.com\/elparque\/wp-json\/wp\/v2\/types\/product"}],"replies":[{"embeddable":true,"href":"https:\/\/desdropi.com\/elparque\/wp-json\/wp\/v2\/comments?post=212250"}],"version-history":[{"count":0,"href":"https:\/\/desdropi.com\/elparque\/wp-json\/wp\/v2\/product\/212250\/revisions"}],"wp:featuredmedia":[{"embeddable":true,"href":"https:\/\/desdropi.com\/elparque\/wp-json\/wp\/v2\/media\/212251"}],"wp:attachment":[{"href":"https:\/\/desdropi.com\/elparque\/wp-json\/wp\/v2\/media?parent=212250"}],"wp:term":[{"taxonomy":"product_cat","embeddable":true,"href":"https:\/\/desdropi.com\/elparque\/wp-json\/wp\/v2\/product_cat?post=212250"},{"taxonomy":"product_tag","embeddable":true,"href":"https:\/\/desdropi.com\/elparque\/wp-json\/wp\/v2\/product_tag?post=212250"}],"curies":[{"name":"wp","href":"https:\/\/api.w.org\/{rel}","templated":true}]}}