{"id":212253,"date":"2024-01-22T11:36:37","date_gmt":"2024-01-22T10:36:37","guid":{"rendered":"https:\/\/desdropi.com\/elparque\/?post_type=product&#038;p=212253"},"modified":"2024-01-22T18:15:22","modified_gmt":"2024-01-22T17:15:22","slug":"pulsioximetro-ea1007","status":"publish","type":"product","link":"https:\/\/desdropi.com\/elparque\/pulsioximetro-ea1007\/","title":{"rendered":"PULSIOX\u00cdMETRO EA1007"},"content":{"rendered":"<div class=\"descripcion-tab\">\n<p><strong>Descripci\u00f3n<\/strong><\/p>\n<p>El pulsiox\u00edmetro de dedo LAICA EA1007 es un dispositivo no invasivo que permite medir la saturaci\u00f3n de ox\u00edgeno arterial (SpO2) y la frecuencia card\u00edaca (frecuencia del pulso). La saturaci\u00f3n de ox\u00edgeno indica el porcentaje de hemoglobina unida al ox\u00edgeno en la sangre arterial. Se mide con un ox\u00edmetro de pulso, un instrumento de mano que se aplica sin dolor a un dedo.<\/p>\n<p>Reportamos los valores indicativos para la interpretaci\u00f3n de los datos detectados por el pulsiox\u00edmetro; estos valores siempre deben ser discutidos con su m\u00e9dico.<\/p>\n<ul>\n<li>95% \u2013 99%: valores normales (en ancianos tambi\u00e9n son valores normales por debajo del 93%)<\/li>\n<li>90% \u2013 94%: valores de hipoxia leve (si persiste, consultar a su m\u00e9dico)<\/li>\n<li>Menos del 90%: ausencia severa de ox\u00edgeno.<\/li>\n<\/ul>\n<p>Es un dispositivo m\u00e9dico CE. Lea atentamente las advertencias o instrucciones de uso.<\/p>\n<p><strong>Ficha de datos<\/strong><\/p>\n<ul>\n<li>C\u00f3digo de producto: EA1007<\/li>\n<li>C\u00f3digo EAN: 8013240200866<\/li>\n<li>Componentes del producto: 1 pulsiox\u00edmetro, 1 Correa, 2 Bater\u00edas incluidas, 1 manual de instrucciones<\/li>\n<li>Dimensiones: 5.5 x 3.2 x 3.2 cm<\/li>\n<li>Peso: 57 g<\/li>\n<li>Intervalo de medici\u00f3n SpO2: 36% \u2013 99%<\/li>\n<li>Intervalo de medici\u00f3n de pulso: 30 bpm \u2013 250 bpm<\/li>\n<li>Display: LED \u2013 1.9 x 2.6 cm<\/li>\n<li>Tipo de alimentaci\u00f3n: 2 x 1.5V bater\u00edas alcalinas AAA (incluidas)<\/li>\n<\/ul>\n<\/div>\n","protected":false},"excerpt":{"rendered":"<p>Descripci\u00f3n El pulsiox\u00edmetro de dedo LAICA EA1007 es un dispositivo no invasivo que permite medir la saturaci\u00f3n de ox\u00edgeno arterial<\/p>\n","protected":false},"featured_media":212254,"comment_status":"open","ping_status":"closed","template":"","meta":{"_joinchat":[]},"product_cat":[825,7015,7134,6097],"product_tag":[],"class_list":{"0":"post-212253","1":"product","2":"type-product","3":"status-publish","4":"has-post-thumbnail","6":"product_cat-pequeno-electrodomestico","7":"product_cat-higiene-y-salud-cuidado-personal","8":"product_cat-pulsioximetros","9":"product_cat-cuidado-personal","11":"first","12":"instock","13":"taxable","14":"shipping-taxable","15":"purchasable","16":"product-type-simple"},"_links":{"self":[{"href":"https:\/\/desdropi.com\/elparque\/wp-json\/wp\/v2\/product\/212253"}],"collection":[{"href":"https:\/\/desdropi.com\/elparque\/wp-json\/wp\/v2\/product"}],"about":[{"href":"https:\/\/desdropi.com\/elparque\/wp-json\/wp\/v2\/types\/product"}],"replies":[{"embeddable":true,"href":"https:\/\/desdropi.com\/elparque\/wp-json\/wp\/v2\/comments?post=212253"}],"version-history":[{"count":0,"href":"https:\/\/desdropi.com\/elparque\/wp-json\/wp\/v2\/product\/212253\/revisions"}],"wp:featuredmedia":[{"embeddable":true,"href":"https:\/\/desdropi.com\/elparque\/wp-json\/wp\/v2\/media\/212254"}],"wp:attachment":[{"href":"https:\/\/desdropi.com\/elparque\/wp-json\/wp\/v2\/media?parent=212253"}],"wp:term":[{"taxonomy":"product_cat","embeddable":true,"href":"https:\/\/desdropi.com\/elparque\/wp-json\/wp\/v2\/product_cat?post=212253"},{"taxonomy":"product_tag","embeddable":true,"href":"https:\/\/desdropi.com\/elparque\/wp-json\/wp\/v2\/product_tag?post=212253"}],"curies":[{"name":"wp","href":"https:\/\/api.w.org\/{rel}","templated":true}]}}