{"id":212293,"date":"2024-01-22T12:33:58","date_gmt":"2024-01-22T11:33:58","guid":{"rendered":"https:\/\/desdropi.com\/elparque\/?post_type=product&#038;p=212293"},"modified":"2024-01-23T10:22:56","modified_gmt":"2024-01-23T09:22:56","slug":"nebulizador-a-pistones-ne2012","status":"publish","type":"product","link":"https:\/\/desdropi.com\/elparque\/nebulizador-a-pistones-ne2012\/","title":{"rendered":"NEBULIZADOR A PISTONES NE2012"},"content":{"rendered":"<div class=\"descripcion-tab\">\n<strong>Descripci\u00f3n:<\/strong><\/p>\n<p>El Nebulizador a pist\u00f3n para aerosolterapia NE2012 LAICA permite una nebulizaci\u00f3n r\u00e1pida y muy fina. Est\u00e1 equipado con un pr\u00e1ctico compartimiento de accesorios que permite que los componentes del dispositivo se puedan guardar de forma higi\u00e9nica. Adecuado para la nebulizaci\u00f3n de cualquier medicamento, incluso aquellos grasos como cortisonas, aceites esenciales y suspensiones.<\/p>\n<ul>\n<li>Pr\u00e1ctico compartimento para los accesorios: ahorro de espacio<\/li>\n<li>Se puede utilizar con todos los tipos de medicamentos<\/li>\n<\/ul>\n<p><strong>Ficha de datos:<\/strong><\/p>\n<ul>\n<li><strong>Dimensiones:<\/strong> 25.3 x 16.4 x 12.5 cm<\/li>\n<li><strong>Peso:<\/strong> 1.4 kg<\/li>\n<li><strong>C\u00f3digo de barras:<\/strong> 8013240200057<\/li>\n<li><strong>Componentes del producto:<\/strong> 1 nebulizador, 1 Mascarilla para adultos, 1 Mascarilla para ni\u00f1os, 1 Adaptador nasal, 1 Ampolla, 1 Tubo para la conducci\u00f3n del aire, 1 adaptador bocal, 2 Filtros, 1 Manual de instrucciones<\/li>\n<li><strong>Recambios disponibles:<\/strong>\n<ul>\n<li>Ampolla con ajuste<\/li>\n<li>Set compuesto por mascarilla para adultos y mascarilla para ni\u00f1os<\/li>\n<li>Set compuesto por adaptador bocal y tubo para la conducci\u00f3n del aire<\/li>\n<li>Filtros de aire<\/li>\n<\/ul>\n<\/li>\n<\/ul>\n<p><strong>Alimentaci\u00f3n:<\/strong><\/p>\n<ul>\n<li>230V 50Hz 150 VA<\/li>\n<\/ul>\n<p><strong>Ruido a 1 metro:<\/strong><\/p>\n<ul>\n<li>58 dB<\/li>\n<\/ul>\n<p><strong>Dimensi\u00f3n media de las part\u00edculas:<\/strong><\/p>\n<ul>\n<li>2.61 \u03bcm<\/li>\n<\/ul>\n<p><strong>Flujo de la nebulizaci\u00f3n:<\/strong><\/p>\n<ul>\n<li>0.35 ml\/min.<\/li>\n<\/ul>\n<p><strong>Capacidad de la ampolla:<\/strong><\/p>\n<ul>\n<li>M\u00edn. 2 ml, m\u00e1x. 12 ml<\/li>\n<\/ul>\n<\/div>\n","protected":false},"excerpt":{"rendered":"<p>Descripci\u00f3n: El Nebulizador a pist\u00f3n para aerosolterapia NE2012 LAICA permite una nebulizaci\u00f3n r\u00e1pida y muy fina. Est\u00e1 equipado con un<\/p>\n","protected":false},"featured_media":212296,"comment_status":"open","ping_status":"closed","template":"","meta":{"_joinchat":[]},"product_cat":[7135,825,6097],"product_tag":[],"class_list":{"0":"post-212293","1":"product","2":"type-product","3":"status-publish","4":"has-post-thumbnail","6":"product_cat-nebulizadores","7":"product_cat-pequeno-electrodomestico","8":"product_cat-cuidado-personal","10":"first","11":"instock","12":"taxable","13":"shipping-taxable","14":"purchasable","15":"product-type-simple"},"_links":{"self":[{"href":"https:\/\/desdropi.com\/elparque\/wp-json\/wp\/v2\/product\/212293"}],"collection":[{"href":"https:\/\/desdropi.com\/elparque\/wp-json\/wp\/v2\/product"}],"about":[{"href":"https:\/\/desdropi.com\/elparque\/wp-json\/wp\/v2\/types\/product"}],"replies":[{"embeddable":true,"href":"https:\/\/desdropi.com\/elparque\/wp-json\/wp\/v2\/comments?post=212293"}],"version-history":[{"count":0,"href":"https:\/\/desdropi.com\/elparque\/wp-json\/wp\/v2\/product\/212293\/revisions"}],"wp:featuredmedia":[{"embeddable":true,"href":"https:\/\/desdropi.com\/elparque\/wp-json\/wp\/v2\/media\/212296"}],"wp:attachment":[{"href":"https:\/\/desdropi.com\/elparque\/wp-json\/wp\/v2\/media?parent=212293"}],"wp:term":[{"taxonomy":"product_cat","embeddable":true,"href":"https:\/\/desdropi.com\/elparque\/wp-json\/wp\/v2\/product_cat?post=212293"},{"taxonomy":"product_tag","embeddable":true,"href":"https:\/\/desdropi.com\/elparque\/wp-json\/wp\/v2\/product_tag?post=212293"}],"curies":[{"name":"wp","href":"https:\/\/api.w.org\/{rel}","templated":true}]}}