{"id":212301,"date":"2024-01-22T12:50:57","date_gmt":"2024-01-22T11:50:57","guid":{"rendered":"https:\/\/desdropi.com\/elparque\/?post_type=product&#038;p=212301"},"modified":"2024-01-23T10:23:52","modified_gmt":"2024-01-23T09:23:52","slug":"nebulizador-a-pistones-ne3001","status":"publish","type":"product","link":"https:\/\/desdropi.com\/elparque\/nebulizador-a-pistones-ne3001\/","title":{"rendered":"NEBULIZADOR A PISTONES NE3001"},"content":{"rendered":"<div class=\"descripcion-tab\">\n<p><strong>Descripci\u00f3n<\/strong><\/p>\n<p>El Nebulizador a pist\u00f3n para aerosolterapia NE3001 LAICA es compacto y f\u00e1cil de usar, siendo ideal para los ni\u00f1os debido a su funcionamiento silencioso. Adecuado para la nebulizaci\u00f3n de cualquier medicamento, incluso aquellos grasos como cortisonas, aceites esenciales y suspensiones.<\/p>\n<ul>\n<li>M\u00e1s silencioso que otros nebulizadores est\u00e1ndar de pistones<\/li>\n<li>Dimensiones reducidas, ahorra espacio<\/li>\n<li>Adecuado para usar con todos los medicamentos.<\/li>\n<\/ul>\n<p><strong>Ficha de datos<\/strong><\/p>\n<ul>\n<li>Dimensiones: 13.8 x 13.1 x 6.1 cm<\/li>\n<li>Peso: 690 g<\/li>\n<li>C\u00f3digo de barras: 8013240200040<\/li>\n<li>Componentes del producto:\n<ul>\n<li>1 nebulizador<\/li>\n<li>1 Mascarilla para adultos<\/li>\n<li>1 Mascarilla para ni\u00f1os<\/li>\n<li>1 Adaptador nasal<\/li>\n<li>1 Ampolla<\/li>\n<li>1 Tubo para la conducci\u00f3n del aire<\/li>\n<li>1 Adaptador bocal<\/li>\n<li>2 filtros<\/li>\n<li>1 Transformador<\/li>\n<li>1 Manual de instrucciones<\/li>\n<\/ul>\n<\/li>\n<li>Recambios disponibles:\n<ul>\n<li>Ampolla con ajuste<\/li>\n<li>Set compuesto por mascarilla para adultos y mascarilla para ni\u00f1os<\/li>\n<li>Set compuesto por adaptador bocal y tubo para la conducci\u00f3n del aire<\/li>\n<li>Filtros de aire<\/li>\n<\/ul>\n<\/li>\n<li>Alimentaci\u00f3n:\n<ul>\n<li>Con transformador<\/li>\n<li>Entrada: 100-240VAC 50\/60Hz 0.6A<\/li>\n<li>Salida: 12V DC 2A<\/li>\n<\/ul>\n<\/li>\n<li>Ruido a 1 metro: 51 dBA<\/li>\n<li>Dimensi\u00f3n media de las part\u00edculas: 2,97 \u03bcm<\/li>\n<li>Flujo de la nebulizaci\u00f3n: 0,35 ml\/min.<\/li>\n<li>Capacidad ampolla: M\u00edn. 2 ml, m\u00e1x. 12 ml<\/li>\n<\/ul>\n<\/div>\n","protected":false},"excerpt":{"rendered":"<p>Descripci\u00f3n El Nebulizador a pist\u00f3n para aerosolterapia NE3001 LAICA es compacto y f\u00e1cil de usar, siendo ideal para los ni\u00f1os<\/p>\n","protected":false},"featured_media":212302,"comment_status":"open","ping_status":"closed","template":"","meta":{"_joinchat":[]},"product_cat":[6097,7135,825],"product_tag":[],"class_list":{"0":"post-212301","1":"product","2":"type-product","3":"status-publish","4":"has-post-thumbnail","6":"product_cat-cuidado-personal","7":"product_cat-nebulizadores","8":"product_cat-pequeno-electrodomestico","10":"first","11":"instock","12":"taxable","13":"shipping-taxable","14":"purchasable","15":"product-type-simple"},"_links":{"self":[{"href":"https:\/\/desdropi.com\/elparque\/wp-json\/wp\/v2\/product\/212301"}],"collection":[{"href":"https:\/\/desdropi.com\/elparque\/wp-json\/wp\/v2\/product"}],"about":[{"href":"https:\/\/desdropi.com\/elparque\/wp-json\/wp\/v2\/types\/product"}],"replies":[{"embeddable":true,"href":"https:\/\/desdropi.com\/elparque\/wp-json\/wp\/v2\/comments?post=212301"}],"version-history":[{"count":0,"href":"https:\/\/desdropi.com\/elparque\/wp-json\/wp\/v2\/product\/212301\/revisions"}],"wp:featuredmedia":[{"embeddable":true,"href":"https:\/\/desdropi.com\/elparque\/wp-json\/wp\/v2\/media\/212302"}],"wp:attachment":[{"href":"https:\/\/desdropi.com\/elparque\/wp-json\/wp\/v2\/media?parent=212301"}],"wp:term":[{"taxonomy":"product_cat","embeddable":true,"href":"https:\/\/desdropi.com\/elparque\/wp-json\/wp\/v2\/product_cat?post=212301"},{"taxonomy":"product_tag","embeddable":true,"href":"https:\/\/desdropi.com\/elparque\/wp-json\/wp\/v2\/product_tag?post=212301"}],"curies":[{"name":"wp","href":"https:\/\/api.w.org\/{rel}","templated":true}]}}