{"id":212321,"date":"2024-01-22T13:07:16","date_gmt":"2024-01-22T12:07:16","guid":{"rendered":"https:\/\/desdropi.com\/elparque\/?post_type=product&#038;p=212321"},"modified":"2024-01-22T18:28:41","modified_gmt":"2024-01-22T17:28:41","slug":"nebulizaador-a-ultrasonido-ne1005","status":"publish","type":"product","link":"https:\/\/desdropi.com\/elparque\/nebulizaador-a-ultrasonido-ne1005\/","title":{"rendered":"NEBULIZADOR A ULTRASONIDO NE1005"},"content":{"rendered":"<div class=\"descripcion-tab\">\n<p><strong>Descripci\u00f3n<\/strong><\/p>\n<p>El nebulizador ultras\u00f3nico para aerosolterapia Laica NE1005 garantiza una nebulizaci\u00f3n r\u00e1pida y extremadamente silenciosa. Su tama\u00f1o reducido y forma compacta lo hacen particularmente manejable y adecuado para su uso incluso en viajes. F\u00e1cil de usar y gracias a su funcionamiento silencioso, es la soluci\u00f3n ideal para ni\u00f1os.<\/p>\n<ul>\n<li>Muy silencioso<\/li>\n<li>Funcionamiento tanto a bater\u00edas como a red (transformador no incluido)<\/li>\n<li>Compacto y f\u00e1cil de manejar<\/li>\n<\/ul>\n<p><strong>Ficha de datos<\/strong><\/p>\n<ul>\n<li><strong>Dimensiones:<\/strong> 12.7 x 5.3 x 6.1 cm<\/li>\n<li><strong>Peso:<\/strong> 220 g<\/li>\n<li><strong>C\u00f3digo de barras:<\/strong> 8033224601854<\/li>\n<li><strong>Componentes del producto:<\/strong>\n<ul>\n<li>1 nebulizador<\/li>\n<li>1 Mascarilla para adultos<\/li>\n<li>1 Mascarilla para ni\u00f1os<\/li>\n<li>1 Adaptador para mascarilla<\/li>\n<li>1 Adaptador bocal<\/li>\n<li>2 bater\u00edas<\/li>\n<li>1 Manual de instrucciones<\/li>\n<li>1 Bolsita<\/li>\n<\/ul>\n<\/li>\n<li><strong>Recambios disponibles:<\/strong>\n<ul>\n<li>Set compuesto de mascarilla para adultos, mascarilla para ni\u00f1os, adaptador bocal y adaptador para mascarilla<\/li>\n<li>Transformador para utilizar a red<\/li>\n<li>C\u00e1mara de nebulizaci\u00f3n<\/li>\n<\/ul>\n<\/li>\n<li><strong>Alimentaci\u00f3n y potencia:<\/strong>\n<ul>\n<li>2\u00d71.5V bater\u00edas alcalinas tipo AA, o a red con transformador no incluido (AC 230V-50Hz 0.15A \/ DC 6.0V 0.4A)<\/li>\n<\/ul>\n<\/li>\n<li><strong>Ruido a 1 metro:<\/strong> 37.4 dB<\/li>\n<li><strong>Dimensi\u00f3n media de las part\u00edculas:<\/strong> 4.8 \u03bcm<\/li>\n<li><strong>Flujo de la nebulizaci\u00f3n:<\/strong> Aproximadamente 0.25 ml\/min<\/li>\n<li><strong>Volumen m\u00e1ximo de producto inhalado:<\/strong> M\u00e1x. 10 ml = 10 cc<\/li>\n<\/ul>\n<\/div>\n","protected":false},"excerpt":{"rendered":"<p>Descripci\u00f3n El nebulizador ultras\u00f3nico para aerosolterapia Laica NE1005 garantiza una nebulizaci\u00f3n r\u00e1pida y extremadamente silenciosa. Su tama\u00f1o reducido y forma<\/p>\n","protected":false},"featured_media":212322,"comment_status":"open","ping_status":"closed","template":"","meta":{"_joinchat":[]},"product_cat":[7135,825,6097],"product_tag":[],"class_list":{"0":"post-212321","1":"product","2":"type-product","3":"status-publish","4":"has-post-thumbnail","6":"product_cat-nebulizadores","7":"product_cat-pequeno-electrodomestico","8":"product_cat-cuidado-personal","10":"first","11":"instock","12":"taxable","13":"shipping-taxable","14":"purchasable","15":"product-type-simple"},"_links":{"self":[{"href":"https:\/\/desdropi.com\/elparque\/wp-json\/wp\/v2\/product\/212321"}],"collection":[{"href":"https:\/\/desdropi.com\/elparque\/wp-json\/wp\/v2\/product"}],"about":[{"href":"https:\/\/desdropi.com\/elparque\/wp-json\/wp\/v2\/types\/product"}],"replies":[{"embeddable":true,"href":"https:\/\/desdropi.com\/elparque\/wp-json\/wp\/v2\/comments?post=212321"}],"version-history":[{"count":0,"href":"https:\/\/desdropi.com\/elparque\/wp-json\/wp\/v2\/product\/212321\/revisions"}],"wp:featuredmedia":[{"embeddable":true,"href":"https:\/\/desdropi.com\/elparque\/wp-json\/wp\/v2\/media\/212322"}],"wp:attachment":[{"href":"https:\/\/desdropi.com\/elparque\/wp-json\/wp\/v2\/media?parent=212321"}],"wp:term":[{"taxonomy":"product_cat","embeddable":true,"href":"https:\/\/desdropi.com\/elparque\/wp-json\/wp\/v2\/product_cat?post=212321"},{"taxonomy":"product_tag","embeddable":true,"href":"https:\/\/desdropi.com\/elparque\/wp-json\/wp\/v2\/product_tag?post=212321"}],"curies":[{"name":"wp","href":"https:\/\/api.w.org\/{rel}","templated":true}]}}