{"id":212340,"date":"2024-01-22T13:29:54","date_gmt":"2024-01-22T12:29:54","guid":{"rendered":"https:\/\/desdropi.com\/elparque\/?post_type=product&#038;p=212340"},"modified":"2024-02-15T09:38:18","modified_gmt":"2024-02-15T08:38:18","slug":"termometro-infrarrojos-th3302","status":"publish","type":"product","link":"https:\/\/desdropi.com\/elparque\/termometro-infrarrojos-th3302\/","title":{"rendered":"TERMOMETRO INFRARROJOS TH3302"},"content":{"rendered":"<div class=\"descripcion-tab\">\n<p><strong>Descripci\u00f3n<\/strong><\/p>\n<p>El term\u00f3metro Laica TH3302, con pantalla LCD de f\u00e1cil lectura, incluye funda y apagado autom\u00e1tico. Su dise\u00f1o est\u00e1 disponible en color blanco y verde. Este term\u00f3metro peque\u00f1o con funda es muy seguro, r\u00e1pido, preciso y f\u00e1cil de usar. Cuenta con una sonda flexible y tiene la capacidad de registrar la \u00faltima temperatura le\u00edda. Ofrece un rendimiento continuo de hasta 200 horas de operaci\u00f3n.<\/p>\n<p><strong>Caracter\u00edsticas:<\/strong><\/p>\n<ul>\n<li>Pantalla LCD de f\u00e1cil lectura<\/li>\n<li>Incluye funda<\/li>\n<li>Apagado autom\u00e1tico<\/li>\n<li>Dise\u00f1o en color blanco y verde<\/li>\n<li>Sonda flexible<\/li>\n<li>Registro de la \u00faltima temperatura le\u00edda<\/li>\n<li>Seguro, r\u00e1pido y preciso<\/li>\n<li>Hasta 200 horas de continua operaci\u00f3n<\/li>\n<\/ul>\n<\/div>\n","protected":false},"excerpt":{"rendered":"<p><span style=\"color: #ff0000;\"><strong>\u00a1PACK 4 UNIDADES!<\/strong><\/span><\/p>\n","protected":false},"featured_media":212353,"comment_status":"open","ping_status":"closed","template":"","meta":{"_joinchat":[]},"product_cat":[825,7015,7019],"product_tag":[],"class_list":{"0":"post-212340","1":"product","2":"type-product","3":"status-publish","4":"has-post-thumbnail","6":"product_cat-pequeno-electrodomestico","7":"product_cat-higiene-y-salud-cuidado-personal","8":"product_cat-termometros-higiene-y-salud-cuidado-personal","10":"first","11":"instock","12":"taxable","13":"shipping-taxable","14":"purchasable","15":"product-type-simple"},"_links":{"self":[{"href":"https:\/\/desdropi.com\/elparque\/wp-json\/wp\/v2\/product\/212340"}],"collection":[{"href":"https:\/\/desdropi.com\/elparque\/wp-json\/wp\/v2\/product"}],"about":[{"href":"https:\/\/desdropi.com\/elparque\/wp-json\/wp\/v2\/types\/product"}],"replies":[{"embeddable":true,"href":"https:\/\/desdropi.com\/elparque\/wp-json\/wp\/v2\/comments?post=212340"}],"version-history":[{"count":0,"href":"https:\/\/desdropi.com\/elparque\/wp-json\/wp\/v2\/product\/212340\/revisions"}],"wp:featuredmedia":[{"embeddable":true,"href":"https:\/\/desdropi.com\/elparque\/wp-json\/wp\/v2\/media\/212353"}],"wp:attachment":[{"href":"https:\/\/desdropi.com\/elparque\/wp-json\/wp\/v2\/media?parent=212340"}],"wp:term":[{"taxonomy":"product_cat","embeddable":true,"href":"https:\/\/desdropi.com\/elparque\/wp-json\/wp\/v2\/product_cat?post=212340"},{"taxonomy":"product_tag","embeddable":true,"href":"https:\/\/desdropi.com\/elparque\/wp-json\/wp\/v2\/product_tag?post=212340"}],"curies":[{"name":"wp","href":"https:\/\/api.w.org\/{rel}","templated":true}]}}