{"id":212363,"date":"2024-01-22T13:45:30","date_gmt":"2024-01-22T12:45:30","guid":{"rendered":"https:\/\/desdropi.com\/elparque\/?post_type=product&#038;p=212363"},"modified":"2024-01-22T18:40:46","modified_gmt":"2024-01-22T17:40:46","slug":"termometro-infrarrojos-th1000","status":"publish","type":"product","link":"https:\/\/desdropi.com\/elparque\/termometro-infrarrojos-th1000\/","title":{"rendered":"TERMOMETRO INFRARROJOS TH1000"},"content":{"rendered":"<div class=\"descripcion-tab\">\n<strong>Descripci\u00f3n<\/strong>El term\u00f3metro infrarrojo sin contacto para frente y o\u00eddo LAICA TH1000 proporciona mediciones r\u00e1pidas y no invasivas de la temperatura corporal. Es especialmente adecuado para medir la temperatura de ni\u00f1os peque\u00f1os, incluso durante el sue\u00f1o. Para realizar la medici\u00f3n, simplemente coloque la sonda del term\u00f3metro en la sien y espere la se\u00f1al ac\u00fastica que indica el final de la medici\u00f3n. Adem\u00e1s, detecta la temperatura ambiente y cuenta con una gran pantalla LCD que garantiza datos fiables.<\/p>\n<p><strong>Caracter\u00edsticas:<\/strong><\/p>\n<ul>\n<li>Term\u00f3metro infrarrojo sin contacto<\/li>\n<li>Medici\u00f3n r\u00e1pida y no invasiva<\/li>\n<li>Especialmente adecuado para medir la temperatura de ni\u00f1os peque\u00f1os<\/li>\n<li>Detecta la temperatura ambiente<\/li>\n<li>Pantalla LCD grande y clara<\/li>\n<li>C\u00f3digo de barras: 8013240200873<\/li>\n<li>Dimensiones: 10.5 x 5.2 x 2.1 cm<\/li>\n<li>Peso: 1 kg<\/li>\n<li>Tipo de display: LCD<\/li>\n<li>Unidad de medida: \u00b0C \/ \u00b0F<\/li>\n<li>Se\u00f1al ac\u00fastica de aviso disponible<\/li>\n<li>Medici\u00f3n de la temperatura ambiente: de 34.0\u00b0C a 43.0\u00b0C<\/li>\n<li>Medici\u00f3n de la temperatura de l\u00edquidos: de 0.0\u00b0C a 100.0\u00b0C<\/li>\n<li>Componentes del producto: 1 term\u00f3metro, 1 manual de instrucciones<\/li>\n<\/ul>\n<\/div>\n","protected":false},"excerpt":{"rendered":"<p>Descripci\u00f3nEl term\u00f3metro infrarrojo sin contacto para frente y o\u00eddo LAICA TH1000 proporciona mediciones r\u00e1pidas y no invasivas de la temperatura<\/p>\n","protected":false},"featured_media":212366,"comment_status":"open","ping_status":"closed","template":"","meta":{"_joinchat":[]},"product_cat":[6097,7015,7019,825],"product_tag":[],"class_list":{"0":"post-212363","1":"product","2":"type-product","3":"status-publish","4":"has-post-thumbnail","6":"product_cat-cuidado-personal","7":"product_cat-higiene-y-salud-cuidado-personal","8":"product_cat-termometros-higiene-y-salud-cuidado-personal","9":"product_cat-pequeno-electrodomestico","11":"first","12":"instock","13":"taxable","14":"shipping-taxable","15":"purchasable","16":"product-type-simple"},"_links":{"self":[{"href":"https:\/\/desdropi.com\/elparque\/wp-json\/wp\/v2\/product\/212363"}],"collection":[{"href":"https:\/\/desdropi.com\/elparque\/wp-json\/wp\/v2\/product"}],"about":[{"href":"https:\/\/desdropi.com\/elparque\/wp-json\/wp\/v2\/types\/product"}],"replies":[{"embeddable":true,"href":"https:\/\/desdropi.com\/elparque\/wp-json\/wp\/v2\/comments?post=212363"}],"version-history":[{"count":0,"href":"https:\/\/desdropi.com\/elparque\/wp-json\/wp\/v2\/product\/212363\/revisions"}],"wp:featuredmedia":[{"embeddable":true,"href":"https:\/\/desdropi.com\/elparque\/wp-json\/wp\/v2\/media\/212366"}],"wp:attachment":[{"href":"https:\/\/desdropi.com\/elparque\/wp-json\/wp\/v2\/media?parent=212363"}],"wp:term":[{"taxonomy":"product_cat","embeddable":true,"href":"https:\/\/desdropi.com\/elparque\/wp-json\/wp\/v2\/product_cat?post=212363"},{"taxonomy":"product_tag","embeddable":true,"href":"https:\/\/desdropi.com\/elparque\/wp-json\/wp\/v2\/product_tag?post=212363"}],"curies":[{"name":"wp","href":"https:\/\/api.w.org\/{rel}","templated":true}]}}