{"id":212377,"date":"2024-01-22T14:02:22","date_gmt":"2024-01-22T13:02:22","guid":{"rendered":"https:\/\/desdropi.com\/elparque\/?post_type=product&#038;p=212377"},"modified":"2024-01-22T18:46:05","modified_gmt":"2024-01-22T17:46:05","slug":"termometro-infrarrojos-th1004","status":"publish","type":"product","link":"https:\/\/desdropi.com\/elparque\/termometro-infrarrojos-th1004\/","title":{"rendered":"TERMOMETRO INFRARROJOS TH1004"},"content":{"rendered":"<div class=\"descripcion-tab\">\n<strong>Descripci\u00f3n del Producto<\/strong><\/p>\n<ul>\n<li>El term\u00f3metro infrarrojo auricular y frontal TH1004 LAICA detecta la temperatura corporal de forma r\u00e1pida con tecnolog\u00eda de infrarrojos. Especialmente indicado para la medici\u00f3n en ni\u00f1os, permite controlar la temperatura corporal de manera r\u00e1pida y sin contacto. Adem\u00e1s, posibilita la medici\u00f3n de la temperatura auricular. Su pr\u00e1ctica empu\u00f1adura garantiza una medici\u00f3n segura y c\u00f3moda.<\/li>\n<li>La pantalla LED en tres colores proporciona una indicaci\u00f3n intuitiva del nivel de temperatura corporal: verde para temperatura normal, naranja para fiebre y rojo para fiebre alta. Este term\u00f3metro multifunci\u00f3n puede detectar la temperatura frontal, la temperatura auricular e incluso la temperatura de los l\u00edquidos (de 0.0\u00b0C a 93.2\u00b0C).<\/li>\n<li>Funciona con 2 pilas alcalinas AAA de 1.5V, las cuales est\u00e1n incluidas en el paquete. El paquete incluye 1 term\u00f3metro, 1 tapa de medici\u00f3n frontal, 2 pilas y 1 manual de instrucciones (idioma espa\u00f1ol no garantizado).<\/li>\n<\/ul>\n<p><strong>Ventajas del Term\u00f3metro Infrarrojo TH1004 LAICA:<\/strong><\/p>\n<ul>\n<li>Detecci\u00f3n instant\u00e1nea en un segundo.<\/li>\n<li>Multifunci\u00f3n: detecci\u00f3n de temperatura frontal, auricular y de l\u00edquidos.<\/li>\n<li>Pantalla LED en 3 colores: temperatura normal, fiebre, alta fiebre.<\/li>\n<li>Almacena hasta 9 medidas.<\/li>\n<li>Detecci\u00f3n de temperatura en modo silencioso.<\/li>\n<li>Medici\u00f3n de fiebre desde el o\u00eddo.<\/li>\n<\/ul>\n<p><strong>Modo de Oreja:<\/strong><\/p>\n<ul>\n<li>Presiona el bot\u00f3n MEM para encenderlo. Retira la tapa de la sonda, inserta la sonda en la oreja, presiona y suelta el bot\u00f3n MEM y, una vez que escuches el pitido, podr\u00e1s leer el valor. La lectura de la oreja derecha puede diferir de la lectura en la oreja izquierda, as\u00ed que siempre debes medir la temperatura desde el mismo o\u00eddo.<\/li>\n<\/ul>\n<p><strong>Medici\u00f3n de Fiebre Frontal:<\/strong><\/p>\n<ul>\n<li>Modo delantero. Presiona el bot\u00f3n MEM para encender y haz clic de nuevo MEM para escanear la frente de un lado a otro y luego suelta el bot\u00f3n. Una vez que escuches el pitido, podr\u00e1s leer el valor. La medici\u00f3n de la frente es indicativa, y la temperatura medida puede fluctuar hasta 1 \u00b0F\/0.5 \u00b0C de la temperatura corporal real.<\/li>\n<\/ul>\n<\/div>\n","protected":false},"excerpt":{"rendered":"<p>Descripci\u00f3n del Producto El term\u00f3metro infrarrojo auricular y frontal TH1004 LAICA detecta la temperatura corporal de forma r\u00e1pida con tecnolog\u00eda<\/p>\n","protected":false},"featured_media":212378,"comment_status":"open","ping_status":"closed","template":"","meta":{"_joinchat":[]},"product_cat":[7019,7015,825,6097],"product_tag":[],"class_list":{"0":"post-212377","1":"product","2":"type-product","3":"status-publish","4":"has-post-thumbnail","6":"product_cat-termometros-higiene-y-salud-cuidado-personal","7":"product_cat-higiene-y-salud-cuidado-personal","8":"product_cat-pequeno-electrodomestico","9":"product_cat-cuidado-personal","11":"first","12":"instock","13":"taxable","14":"shipping-taxable","15":"purchasable","16":"product-type-simple"},"_links":{"self":[{"href":"https:\/\/desdropi.com\/elparque\/wp-json\/wp\/v2\/product\/212377"}],"collection":[{"href":"https:\/\/desdropi.com\/elparque\/wp-json\/wp\/v2\/product"}],"about":[{"href":"https:\/\/desdropi.com\/elparque\/wp-json\/wp\/v2\/types\/product"}],"replies":[{"embeddable":true,"href":"https:\/\/desdropi.com\/elparque\/wp-json\/wp\/v2\/comments?post=212377"}],"version-history":[{"count":0,"href":"https:\/\/desdropi.com\/elparque\/wp-json\/wp\/v2\/product\/212377\/revisions"}],"wp:featuredmedia":[{"embeddable":true,"href":"https:\/\/desdropi.com\/elparque\/wp-json\/wp\/v2\/media\/212378"}],"wp:attachment":[{"href":"https:\/\/desdropi.com\/elparque\/wp-json\/wp\/v2\/media?parent=212377"}],"wp:term":[{"taxonomy":"product_cat","embeddable":true,"href":"https:\/\/desdropi.com\/elparque\/wp-json\/wp\/v2\/product_cat?post=212377"},{"taxonomy":"product_tag","embeddable":true,"href":"https:\/\/desdropi.com\/elparque\/wp-json\/wp\/v2\/product_tag?post=212377"}],"curies":[{"name":"wp","href":"https:\/\/api.w.org\/{rel}","templated":true}]}}