{"id":212483,"date":"2024-01-22T19:42:10","date_gmt":"2024-01-22T18:42:10","guid":{"rendered":"https:\/\/desdropi.com\/elparque\/?post_type=product&#038;p=212483"},"modified":"2024-01-23T10:27:20","modified_gmt":"2024-01-23T09:27:20","slug":"maquina-de-vacio-vt3217","status":"publish","type":"product","link":"https:\/\/desdropi.com\/elparque\/maquina-de-vacio-vt3217\/","title":{"rendered":"MAQUINA DE VACIO VT3217"},"content":{"rendered":"<div class=\"descripcion-tab\">\n<p><strong>Descripci\u00f3n:<\/strong><\/p>\n<p>La m\u00e1quina de vac\u00edo ofrece 100 ciclos autom\u00e1ticos consecutivos con ajuste de sellado triple: SIMPLE, DOBLE y DOBLE EXTENDIDO. Cuenta con una barra de sellado doble, bandeja colectora de l\u00edquidos extra\u00edble y lavable, as\u00ed como una manija de bloqueo. Dise\u00f1ada para utilizarse con frascos.<\/p>\n<p><strong>Ficha de datos:<\/strong><\/p>\n<ul>\n<li>Dimensiones: 40 x 18.3 x 10.4 cm<\/li>\n<li>Peso: 1.65 kg<\/li>\n<li>C\u00f3digo de barras: 8013240890760<\/li>\n<li>Componentes del producto: 1 m\u00e1quina de vac\u00edo, 1 rollo de vac\u00edo (25&#215;600 cm), 1 tubo para frascos, 1 cortador, 1 bandeja de recogida de l\u00edquidos, 1 manual de instrucciones<\/li>\n<li>Recambios disponibles:\n<ul>\n<li>Bolsas y Rollos: c\u00f3digos VT3500, VT3501, VT3503, VT3504, VT3510, VT3505, VT3508, VT3509, VT3514.<\/li>\n<li>Tubo para latas AHI039<\/li>\n<li>Juntas AHI046<\/li>\n<li>Bandeja de recogida de l\u00edquidos AHI044<\/li>\n<\/ul>\n<\/li>\n<\/ul>\n<p><strong>Caracter\u00edsticas T\u00e9cnicas:<\/strong><\/p>\n<ul>\n<li>Presi\u00f3n M\u00e1xima de Aspiraci\u00f3n: 0.8 bar<\/li>\n<li>Bomba de Aspiraci\u00f3n: Single<\/li>\n<li>Contenedor Recogedor de L\u00edquidos: Disponible<\/li>\n<li>Indicador del Progreso: Disponible<\/li>\n<li>Uso con Contenedores de Vac\u00edo: Disponible<\/li>\n<li>Funciones Disponibles: 100% autom\u00e1tico, funci\u00f3n de vac\u00edo parcial, vac\u00edo manual de pulso<\/li>\n<li>Ancho M\u00e1ximo de las Bolsas: 30 cm<\/li>\n<li>Protecci\u00f3n T\u00e9rmica de Seguridad: Disponible<\/li>\n<\/ul>\n<p><strong>Alimentaci\u00f3n y Potencia:<\/strong><\/p>\n<ul>\n<li>AC 220-240V 50Hz \u2013 120W<\/li>\n<\/ul>\n<p><strong>Ruido a un Metro:<\/strong><\/p>\n<ul>\n<li>&lt;80dB<\/li>\n<\/ul>\n<\/div>\n","protected":false},"excerpt":{"rendered":"<p>Descripci\u00f3n: La m\u00e1quina de vac\u00edo ofrece 100 ciclos autom\u00e1ticos consecutivos con ajuste de sellado triple: SIMPLE, DOBLE y DOBLE EXTENDIDO.<\/p>\n","protected":false},"featured_media":212487,"comment_status":"open","ping_status":"closed","template":"","meta":{"_joinchat":[]},"product_cat":[825,6508,831],"product_tag":[],"class_list":{"0":"post-212483","1":"product","2":"type-product","3":"status-publish","4":"has-post-thumbnail","6":"product_cat-pequeno-electrodomestico","7":"product_cat-envasadoras-al-vacio","8":"product_cat-accesorios-de-cocina","10":"first","11":"instock","12":"taxable","13":"shipping-taxable","14":"purchasable","15":"product-type-simple"},"_links":{"self":[{"href":"https:\/\/desdropi.com\/elparque\/wp-json\/wp\/v2\/product\/212483"}],"collection":[{"href":"https:\/\/desdropi.com\/elparque\/wp-json\/wp\/v2\/product"}],"about":[{"href":"https:\/\/desdropi.com\/elparque\/wp-json\/wp\/v2\/types\/product"}],"replies":[{"embeddable":true,"href":"https:\/\/desdropi.com\/elparque\/wp-json\/wp\/v2\/comments?post=212483"}],"version-history":[{"count":0,"href":"https:\/\/desdropi.com\/elparque\/wp-json\/wp\/v2\/product\/212483\/revisions"}],"wp:featuredmedia":[{"embeddable":true,"href":"https:\/\/desdropi.com\/elparque\/wp-json\/wp\/v2\/media\/212487"}],"wp:attachment":[{"href":"https:\/\/desdropi.com\/elparque\/wp-json\/wp\/v2\/media?parent=212483"}],"wp:term":[{"taxonomy":"product_cat","embeddable":true,"href":"https:\/\/desdropi.com\/elparque\/wp-json\/wp\/v2\/product_cat?post=212483"},{"taxonomy":"product_tag","embeddable":true,"href":"https:\/\/desdropi.com\/elparque\/wp-json\/wp\/v2\/product_tag?post=212483"}],"curies":[{"name":"wp","href":"https:\/\/api.w.org\/{rel}","templated":true}]}}