{"id":212493,"date":"2024-01-22T19:46:57","date_gmt":"2024-01-22T18:46:57","guid":{"rendered":"https:\/\/desdropi.com\/elparque\/?post_type=product&#038;p=212493"},"modified":"2024-01-23T10:29:24","modified_gmt":"2024-01-23T09:29:24","slug":"maquina-de-vacio-vt3225","status":"publish","type":"product","link":"https:\/\/desdropi.com\/elparque\/maquina-de-vacio-vt3225\/","title":{"rendered":"MAQUINA DE VACIO VT3225"},"content":{"rendered":"<div class=\"descripcion-tab\"><strong>Descripci\u00f3n:<\/strong>La envasadora al vac\u00edo cuenta con una doble barra de sellado, presi\u00f3n de vac\u00edo ajustable (normal \u2013 suave), ajuste de sellado triple (1 \u2013 2 \u2013 3), compartimento para rollos con cortador bidireccional, manija de bloqueo y la capacidad de usar con botes. Adem\u00e1s, incluye la funci\u00f3n &#8220;marinado r\u00e1pido&#8221;.<\/p>\n<p><strong>Ficha de datos:<\/strong><\/p>\n<ul>\n<li>Dimensiones: 40.2 x 15 x 19.5 cm<\/li>\n<li>Peso: 2.85 kilogramos<\/li>\n<li>C\u00f3digo de barras: 8013240890623<\/li>\n<li>Componentes del producto: 1 envasadora al vac\u00edo, 2 Rollos para el envasado al vac\u00edo (28&#215;600 cm), 1 Tubo para contenedores de vac\u00edo, 1 Bandeja de l\u00edquido, 1 cortador, 1 Manual de instrucciones.<\/li>\n<li>Recambios disponibles:\n<ul>\n<li>Bolsas y Rollos: c\u00f3digos VT3500, VT3501, VT3503, VT3504, VT3510, VT3505, VT3508, VT3509, VT3514.<\/li>\n<li>Tubo para contenedores de vac\u00edo AHI039.<\/li>\n<li>Bandeja de l\u00edquido AHI044.<\/li>\n<li>Juntas de sellado AHI038.<\/li>\n<\/ul>\n<\/li>\n<\/ul>\n<p><strong>Caracter\u00edsticas T\u00e9cnicas:<\/strong><\/p>\n<ul>\n<li>Presi\u00f3n M\u00e1xima de Aspiraci\u00f3n: 0.8 barras<\/li>\n<li>Bomba de Aspiraci\u00f3n: Soltero<\/li>\n<li>Compartimento Porta Rollo y Compartimento Tubo para Contenedores de Vac\u00edo: Disponible<\/li>\n<li>Contenedor Recogedor de L\u00edquidos: Disponible<\/li>\n<li>Indicador del Progreso: Disponible<\/li>\n<li>Uso con Contenedores de Vac\u00edo: Disponible<\/li>\n<li>Funciones Disponibles: 100 % autom\u00e1tica, envasado al vac\u00edo manual para alimentos delicados y fr\u00e1giles, funci\u00f3n &#8220;marinado r\u00e1pido&#8221;.<\/li>\n<li>Ancho M\u00e1ximo de las Bolsas: 30 cent\u00edmetros<\/li>\n<li>Protecci\u00f3n T\u00e9rmica de Seguridad: Disponible<\/li>\n<\/ul>\n<p><strong>Alimentaci\u00f3n y Potencia:<\/strong><\/p>\n<ul>\n<li>CA 220-240 V 50 Hz \u2013 120 W<\/li>\n<\/ul>\n<p><strong>Ruido a un Metro:<\/strong><\/p>\n<ul>\n<li>&lt;80 dB<\/li>\n<\/ul>\n<\/div>\n","protected":false},"excerpt":{"rendered":"<p>Descripci\u00f3n:La envasadora al vac\u00edo cuenta con una doble barra de sellado, presi\u00f3n de vac\u00edo ajustable (normal \u2013 suave), ajuste de<\/p>\n","protected":false},"featured_media":212495,"comment_status":"open","ping_status":"closed","template":"","meta":{"_joinchat":[]},"product_cat":[6508,825,831],"product_tag":[],"class_list":{"0":"post-212493","1":"product","2":"type-product","3":"status-publish","4":"has-post-thumbnail","6":"product_cat-envasadoras-al-vacio","7":"product_cat-pequeno-electrodomestico","8":"product_cat-accesorios-de-cocina","10":"first","11":"instock","12":"taxable","13":"shipping-taxable","14":"purchasable","15":"product-type-simple"},"_links":{"self":[{"href":"https:\/\/desdropi.com\/elparque\/wp-json\/wp\/v2\/product\/212493"}],"collection":[{"href":"https:\/\/desdropi.com\/elparque\/wp-json\/wp\/v2\/product"}],"about":[{"href":"https:\/\/desdropi.com\/elparque\/wp-json\/wp\/v2\/types\/product"}],"replies":[{"embeddable":true,"href":"https:\/\/desdropi.com\/elparque\/wp-json\/wp\/v2\/comments?post=212493"}],"version-history":[{"count":0,"href":"https:\/\/desdropi.com\/elparque\/wp-json\/wp\/v2\/product\/212493\/revisions"}],"wp:featuredmedia":[{"embeddable":true,"href":"https:\/\/desdropi.com\/elparque\/wp-json\/wp\/v2\/media\/212495"}],"wp:attachment":[{"href":"https:\/\/desdropi.com\/elparque\/wp-json\/wp\/v2\/media?parent=212493"}],"wp:term":[{"taxonomy":"product_cat","embeddable":true,"href":"https:\/\/desdropi.com\/elparque\/wp-json\/wp\/v2\/product_cat?post=212493"},{"taxonomy":"product_tag","embeddable":true,"href":"https:\/\/desdropi.com\/elparque\/wp-json\/wp\/v2\/product_tag?post=212493"}],"curies":[{"name":"wp","href":"https:\/\/api.w.org\/{rel}","templated":true}]}}