{"id":212502,"date":"2024-01-22T19:55:23","date_gmt":"2024-01-22T18:55:23","guid":{"rendered":"https:\/\/desdropi.com\/elparque\/?post_type=product&#038;p=212502"},"modified":"2024-01-23T11:58:36","modified_gmt":"2024-01-23T10:58:36","slug":"maquina-de-vacio-vt3120","status":"publish","type":"product","link":"https:\/\/desdropi.com\/elparque\/maquina-de-vacio-vt3120\/","title":{"rendered":"MAQUINA DE VACIO VT3120"},"content":{"rendered":"<div class=\"descripcion-tab\">\n<p><strong>Descripci\u00f3n:<\/strong><\/p>\n<p>La envasadora al vac\u00edo cuenta con caracter\u00edsticas avanzadas para una \u00f3ptima conservaci\u00f3n de alimentos:<\/p>\n<ul>\n<li>Bomba de aspiraci\u00f3n doble<\/li>\n<li>Doble barra de sellado<\/li>\n<li>Potencia de aspiraci\u00f3n regulable (normal \u2013 suave)<\/li>\n<li>Tres tipos de sellado (seco \u2013 h\u00famedo \u2013 con l\u00edquidos)<\/li>\n<li>Compartimiento para un portarrollos con cortador bidireccional<\/li>\n<li>Mango de bloqueo<\/li>\n<li>Funci\u00f3n manual para alimentos delicados y fr\u00e1giles<\/li>\n<li>Capacidad para realizar el vac\u00edo en contenedores<\/li>\n<li>Funci\u00f3n \u201cmarinado r\u00e1pido\u201d<\/li>\n<\/ul>\n<p><strong>Ficha de datos:<\/strong><\/p>\n<ul>\n<li><strong>Dimensiones:<\/strong> 40 x 12.2 x 20.6 cm<\/li>\n<li><strong>Peso:<\/strong> 1.32 kg<\/li>\n<li><strong>C\u00f3digo de barras:<\/strong> 8033224603957<\/li>\n<li><strong>Componentes del producto:<\/strong> 1 envasadora al vac\u00edo, 2 Rollos para el envasado al vac\u00edo, 1 Tubo para contenedores de vac\u00edo, 1 cortador, 1 Manual de instrucciones<\/li>\n<li><strong>Recambios disponibles:<\/strong>\n<ul>\n<li>Bolsas y Rollos: c\u00f3digos VT3500, VT3501, VT3502, VT3503, VT3504, VT3510, VT3505, VT3508, VT3509<\/li>\n<li>Tubo para contenedores de vac\u00edo<\/li>\n<li>Juntas de sellado<\/li>\n<\/ul>\n<\/li>\n<\/ul>\n<p><strong>Caracter\u00edsticas T\u00e9cnicas:<\/strong><\/p>\n<ul>\n<li><strong>Presi\u00f3n M\u00e1xima de Aspiraci\u00f3n:<\/strong> 0.9 bar<\/li>\n<li><strong>Bomba de Aspiraci\u00f3n:<\/strong> Doble<\/li>\n<li><strong>Compartimento Porta Rollo y Compartimento Tubo para Contenedores de Vac\u00edo:<\/strong> Disponible<\/li>\n<li><strong>Contenedor Recogedor de L\u00edquidos:<\/strong> Disponible<\/li>\n<li><strong>Indicador del Progreso:<\/strong> Disponible<\/li>\n<li><strong>Uso con Contenedores de Vac\u00edo:<\/strong> Disponible<\/li>\n<li><strong>Funciones Disponibles:<\/strong> 100 % autom\u00e1tica, envasado al vac\u00edo manual para alimentos delicados y fr\u00e1giles, funci\u00f3n &#8220;marinado r\u00e1pido&#8221;<\/li>\n<li><strong>Ancho M\u00e1ximo de las Bolsas:<\/strong> 30 cm<\/li>\n<li><strong>Protecci\u00f3n T\u00e9rmica de Seguridad:<\/strong> Disponible<\/li>\n<\/ul>\n<p><strong>Alimentaci\u00f3n y Potencia:<\/strong><\/p>\n<ul>\n<li>AC 220-240V 50Hz \u2013 130W<\/li>\n<\/ul>\n<p><strong>Ruido a un Metro:<\/strong><\/p>\n<ul>\n<li>&lt;80dB<\/li>\n<\/ul>\n<\/div>\n","protected":false},"excerpt":{"rendered":"<p>Descripci\u00f3n: La envasadora al vac\u00edo cuenta con caracter\u00edsticas avanzadas para una \u00f3ptima conservaci\u00f3n de alimentos: Bomba de aspiraci\u00f3n doble Doble<\/p>\n","protected":false},"featured_media":212503,"comment_status":"open","ping_status":"closed","template":"","meta":{"_joinchat":[]},"product_cat":[825,6508,831],"product_tag":[],"class_list":{"0":"post-212502","1":"product","2":"type-product","3":"status-publish","4":"has-post-thumbnail","6":"product_cat-pequeno-electrodomestico","7":"product_cat-envasadoras-al-vacio","8":"product_cat-accesorios-de-cocina","10":"first","11":"instock","12":"taxable","13":"shipping-taxable","14":"purchasable","15":"product-type-simple"},"_links":{"self":[{"href":"https:\/\/desdropi.com\/elparque\/wp-json\/wp\/v2\/product\/212502"}],"collection":[{"href":"https:\/\/desdropi.com\/elparque\/wp-json\/wp\/v2\/product"}],"about":[{"href":"https:\/\/desdropi.com\/elparque\/wp-json\/wp\/v2\/types\/product"}],"replies":[{"embeddable":true,"href":"https:\/\/desdropi.com\/elparque\/wp-json\/wp\/v2\/comments?post=212502"}],"version-history":[{"count":0,"href":"https:\/\/desdropi.com\/elparque\/wp-json\/wp\/v2\/product\/212502\/revisions"}],"wp:featuredmedia":[{"embeddable":true,"href":"https:\/\/desdropi.com\/elparque\/wp-json\/wp\/v2\/media\/212503"}],"wp:attachment":[{"href":"https:\/\/desdropi.com\/elparque\/wp-json\/wp\/v2\/media?parent=212502"}],"wp:term":[{"taxonomy":"product_cat","embeddable":true,"href":"https:\/\/desdropi.com\/elparque\/wp-json\/wp\/v2\/product_cat?post=212502"},{"taxonomy":"product_tag","embeddable":true,"href":"https:\/\/desdropi.com\/elparque\/wp-json\/wp\/v2\/product_tag?post=212502"}],"curies":[{"name":"wp","href":"https:\/\/api.w.org\/{rel}","templated":true}]}}