{"id":212509,"date":"2024-01-22T20:01:14","date_gmt":"2024-01-22T19:01:14","guid":{"rendered":"https:\/\/desdropi.com\/elparque\/?post_type=product&#038;p=212509"},"modified":"2024-01-23T12:05:16","modified_gmt":"2024-01-23T11:05:16","slug":"maquina-de-vacio-vt3240","status":"publish","type":"product","link":"https:\/\/desdropi.com\/elparque\/maquina-de-vacio-vt3240\/","title":{"rendered":"MAQUINA DE VACIO VT3240"},"content":{"rendered":"<div class=\"descripcion-tab\">\n<p><strong>Descripci\u00f3n:<\/strong><\/p>\n<p>La envasadora al vac\u00edo con tuber\u00eda integrada y conector universal ofrece un rendimiento superior para la conservaci\u00f3n de alimentos, con las siguientes caracter\u00edsticas:<\/p>\n<ul>\n<li>Tuber\u00eda integrada con conector universal para bolsas y contenedores reutilizables compatibles con LAICA.<\/li>\n<li>100 ciclos autom\u00e1ticos consecutivos.<\/li>\n<li>Bomba de doble succi\u00f3n.<\/li>\n<li>Doble barra de sellado.<\/li>\n<li>Presi\u00f3n de vac\u00edo ajustable (normal \u2013 suave).<\/li>\n<li>Triple ajuste de sellado (est\u00e1ndar \u2013 medio \u2013 fuerte).<\/li>\n<li>Compartimento para rollos con cortador bidireccional.<\/li>\n<li>Manija de bloqueo.<\/li>\n<li>Puede usarse con botes.<\/li>\n<li>Funci\u00f3n \u201cmarinado r\u00e1pido\u201d.<\/li>\n<\/ul>\n<p><strong>Ficha de Datos:<\/strong><\/p>\n<ul>\n<li>Dimensiones: 42,3 x 16,5 x 22,2 cm<\/li>\n<li>Peso: 3,66 kilogramos<\/li>\n<li>C\u00f3digo de Barras: 8013240890630<\/li>\n<li>Componentes del Producto: 1 envasadora al vac\u00edo, 2 Rollos para el envasado al vac\u00edo (28x600cm), 1 Tubo para contenedores de vac\u00edo, 1 Bandeja de l\u00edquido, 1 cortador, 1 Manual de instrucciones.<\/li>\n<li>Recambios Disponibles:\n<ul>\n<li>Bolsas y Rollos: c\u00f3digos VT3500, VT3501, VT3503, VT3504, VT3510, VT3505, VT3508, VT3509, VT3514.<\/li>\n<li>Bandeja de l\u00edquido AHI044.<\/li>\n<li>Juntas de sellado AHI038.<\/li>\n<\/ul>\n<\/li>\n<li>Presi\u00f3n M\u00e1xima de Aspiraci\u00f3n: 0,9 barras<\/li>\n<li>Bomba de Aspiraci\u00f3n: Doble<\/li>\n<li>Compartimento Porta Rollo y Compartimento Tubo para Contenedores de Vac\u00edo: Disponible<\/li>\n<li>Contenedor Recogedor de L\u00edquidos: Disponible<\/li>\n<li>Indicador del Progreso: Disponible<\/li>\n<li>Uso con Contenedores de Vac\u00edo: Disponible<\/li>\n<li>Funciones Disponibles: 100 % autom\u00e1tica, envasado al vac\u00edo manual para alimentos delicados y fr\u00e1giles, funci\u00f3n &#8220;marinado r\u00e1pido&#8221;.<\/li>\n<li>Ancho M\u00e1ximo de las Bolsas: 30 cent\u00edmetros<\/li>\n<li>Protecci\u00f3n T\u00e9rmica de Seguridad: Disponible<\/li>\n<li>Alimentaci\u00f3n y Potencia: CA 220-240 V 50 H \u2013 130 W<\/li>\n<li>Ruido a un Metro: &lt;80dB<\/li>\n<\/ul>\n<\/div>\n","protected":false},"excerpt":{"rendered":"<p>Descripci\u00f3n: La envasadora al vac\u00edo con tuber\u00eda integrada y conector universal ofrece un rendimiento superior para la conservaci\u00f3n de alimentos,<\/p>\n","protected":false},"featured_media":212516,"comment_status":"open","ping_status":"closed","template":"","meta":{"_joinchat":[]},"product_cat":[6508,825,831],"product_tag":[],"class_list":{"0":"post-212509","1":"product","2":"type-product","3":"status-publish","4":"has-post-thumbnail","6":"product_cat-envasadoras-al-vacio","7":"product_cat-pequeno-electrodomestico","8":"product_cat-accesorios-de-cocina","10":"first","11":"instock","12":"taxable","13":"shipping-taxable","14":"purchasable","15":"product-type-simple"},"_links":{"self":[{"href":"https:\/\/desdropi.com\/elparque\/wp-json\/wp\/v2\/product\/212509"}],"collection":[{"href":"https:\/\/desdropi.com\/elparque\/wp-json\/wp\/v2\/product"}],"about":[{"href":"https:\/\/desdropi.com\/elparque\/wp-json\/wp\/v2\/types\/product"}],"replies":[{"embeddable":true,"href":"https:\/\/desdropi.com\/elparque\/wp-json\/wp\/v2\/comments?post=212509"}],"version-history":[{"count":0,"href":"https:\/\/desdropi.com\/elparque\/wp-json\/wp\/v2\/product\/212509\/revisions"}],"wp:featuredmedia":[{"embeddable":true,"href":"https:\/\/desdropi.com\/elparque\/wp-json\/wp\/v2\/media\/212516"}],"wp:attachment":[{"href":"https:\/\/desdropi.com\/elparque\/wp-json\/wp\/v2\/media?parent=212509"}],"wp:term":[{"taxonomy":"product_cat","embeddable":true,"href":"https:\/\/desdropi.com\/elparque\/wp-json\/wp\/v2\/product_cat?post=212509"},{"taxonomy":"product_tag","embeddable":true,"href":"https:\/\/desdropi.com\/elparque\/wp-json\/wp\/v2\/product_tag?post=212509"}],"curies":[{"name":"wp","href":"https:\/\/api.w.org\/{rel}","templated":true}]}}