{"id":212524,"date":"2024-01-22T20:06:40","date_gmt":"2024-01-22T19:06:40","guid":{"rendered":"https:\/\/desdropi.com\/elparque\/?post_type=product&#038;p=212524"},"modified":"2024-02-15T09:36:37","modified_gmt":"2024-02-15T08:36:37","slug":"envase-cilindrico-conservacion-al-vacio-vt3304","status":"publish","type":"product","link":"https:\/\/desdropi.com\/elparque\/envase-cilindrico-conservacion-al-vacio-vt3304\/","title":{"rendered":"ENVASE CILINDRICO CONSERVACI\u00d3N AL VACIO VT3304"},"content":{"rendered":"<div class=\"descripcion-tab\">\n<p><strong>Descripci\u00f3n:<\/strong><\/p>\n<p>Este contenedor para la conservaci\u00f3n al vac\u00edo es un accesorio indispensable para la funci\u00f3n &#8220;marinado r\u00e1pido&#8221; de las m\u00e1quinas de conservaci\u00f3n al vac\u00edo LAICA modelos VT3118 y VT3120. Estos contenedores, dise\u00f1ados para optimizar el proceso de marinado, son lavables en el lavavajillas.<\/p>\n<p><strong>Ficha de Datos:<\/strong><\/p>\n<ul>\n<li><strong>Dimensiones:<\/strong> 37 x 14.4 x 7.4 cm<\/li>\n<li><strong>Peso:<\/strong> 1.32 kg<\/li>\n<li><strong>C\u00f3digo de Barras:<\/strong> 8033224603964<\/li>\n<li><strong>Componentes del Producto:<\/strong> 1 contenedor para la conservaci\u00f3n al vac\u00edo, 1 Tubo de conexi\u00f3n con la envasadora de conservaci\u00f3n al vac\u00edo, 1 Manual de instrucciones<\/li>\n<li><strong>Recambios Disponibles:<\/strong> Tubo para contenedor AHI021<\/li>\n<li><strong>Compatible con:<\/strong> Envasadora de conservaci\u00f3n al vac\u00edo LAICA VT3111 y VT3114 con tubo incluida en los modelos VT3117, VT3118 y VT3120 con tubo de conexi\u00f3n incluido con las envasadoras<\/li>\n<li><strong>Funciones Disponibles:<\/strong> Se puede usar con la funci\u00f3n &#8220;marinado r\u00e1pido&#8221; solo disponible con m\u00e1quinas conservaci\u00f3n al vac\u00edo LAICA modelos VT3118 y VT3120<\/li>\n<\/ul>\n<\/div>\n","protected":false},"excerpt":{"rendered":"<p>Descripci\u00f3n: Este contenedor para la conservaci\u00f3n al vac\u00edo es un accesorio indispensable para la funci\u00f3n &#8220;marinado r\u00e1pido&#8221; de las m\u00e1quinas<\/p>\n","protected":false},"featured_media":212529,"comment_status":"open","ping_status":"closed","template":"","meta":{"_joinchat":[]},"product_cat":[6508,825,831],"product_tag":[],"class_list":{"0":"post-212524","1":"product","2":"type-product","3":"status-publish","4":"has-post-thumbnail","6":"product_cat-envasadoras-al-vacio","7":"product_cat-pequeno-electrodomestico","8":"product_cat-accesorios-de-cocina","10":"first","11":"instock","12":"taxable","13":"shipping-taxable","14":"purchasable","15":"product-type-simple"},"_links":{"self":[{"href":"https:\/\/desdropi.com\/elparque\/wp-json\/wp\/v2\/product\/212524"}],"collection":[{"href":"https:\/\/desdropi.com\/elparque\/wp-json\/wp\/v2\/product"}],"about":[{"href":"https:\/\/desdropi.com\/elparque\/wp-json\/wp\/v2\/types\/product"}],"replies":[{"embeddable":true,"href":"https:\/\/desdropi.com\/elparque\/wp-json\/wp\/v2\/comments?post=212524"}],"version-history":[{"count":0,"href":"https:\/\/desdropi.com\/elparque\/wp-json\/wp\/v2\/product\/212524\/revisions"}],"wp:featuredmedia":[{"embeddable":true,"href":"https:\/\/desdropi.com\/elparque\/wp-json\/wp\/v2\/media\/212529"}],"wp:attachment":[{"href":"https:\/\/desdropi.com\/elparque\/wp-json\/wp\/v2\/media?parent=212524"}],"wp:term":[{"taxonomy":"product_cat","embeddable":true,"href":"https:\/\/desdropi.com\/elparque\/wp-json\/wp\/v2\/product_cat?post=212524"},{"taxonomy":"product_tag","embeddable":true,"href":"https:\/\/desdropi.com\/elparque\/wp-json\/wp\/v2\/product_tag?post=212524"}],"curies":[{"name":"wp","href":"https:\/\/api.w.org\/{rel}","templated":true}]}}