{"id":212532,"date":"2024-01-22T20:12:59","date_gmt":"2024-01-22T19:12:59","guid":{"rendered":"https:\/\/desdropi.com\/elparque\/?post_type=product&#038;p=212532"},"modified":"2024-01-23T12:10:48","modified_gmt":"2024-01-23T11:10:48","slug":"2-envases-cuadrados-guardar-al-vacio-vt3305","status":"publish","type":"product","link":"https:\/\/desdropi.com\/elparque\/2-envases-cuadrados-guardar-al-vacio-vt3305\/","title":{"rendered":"2 ENVASES CUADRADOS GUARDAR AL VACIO VT3305"},"content":{"rendered":"<div class=\"descripcion-tab\">\n<p><strong>Descripci\u00f3n:<\/strong><\/p>\n<p>Los recipientes de vac\u00edo LAICA son elementos indispensables para la funci\u00f3n de &#8220;marinado r\u00e1pido&#8221; de las envasadoras al vac\u00edo LAICA, modelos VT3118 y VT3120. Estos recipientes permiten conservar los alimentos frescos hasta 5 veces m\u00e1s y evitan los olores no deseados en la nevera.<\/p>\n<p><strong>Ficha de Datos:<\/strong><\/p>\n<ul>\n<li>Dimensiones del Bid\u00f3n de 1 L: 19,4 x 20 x 12 cm<\/li>\n<li>Dimensiones del Bid\u00f3n de 2 L: 19,4 x 20 x 8,5 cm<\/li>\n<li>Peso: 890 gramos<\/li>\n<li>C\u00f3digo de Barras: 8013240890463<\/li>\n<li>Componentes del Producto: 1 recipiente de vac\u00edo de 1 L, 1 recipiente de vac\u00edo de 2 L, 1 manguera para envasadora al vac\u00edo, 1 manual de instrucciones<\/li>\n<li>Recambios Disponibles: Manguera para envasadora al vac\u00edo<\/li>\n<li>Compatible con: VT3120, VT3119, VT3118, VT3117 y VT3104 con manguera espec\u00edfica suministrada con la envasadora al vac\u00edo<\/li>\n<li>Funciones Disponibles: Marinado r\u00e1pido, disponible solo para envasadoras al vac\u00edo LAICA modelos VT3118 y VT3120<\/li>\n<\/ul>\n<\/div>\n","protected":false},"excerpt":{"rendered":"<p>Descripci\u00f3n: Los recipientes de vac\u00edo LAICA son elementos indispensables para la funci\u00f3n de &#8220;marinado r\u00e1pido&#8221; de las envasadoras al vac\u00edo<\/p>\n","protected":false},"featured_media":212537,"comment_status":"open","ping_status":"closed","template":"","meta":{"_joinchat":[]},"product_cat":[6508,825,831],"product_tag":[],"class_list":{"0":"post-212532","1":"product","2":"type-product","3":"status-publish","4":"has-post-thumbnail","6":"product_cat-envasadoras-al-vacio","7":"product_cat-pequeno-electrodomestico","8":"product_cat-accesorios-de-cocina","10":"first","11":"instock","12":"taxable","13":"shipping-taxable","14":"purchasable","15":"product-type-simple"},"_links":{"self":[{"href":"https:\/\/desdropi.com\/elparque\/wp-json\/wp\/v2\/product\/212532"}],"collection":[{"href":"https:\/\/desdropi.com\/elparque\/wp-json\/wp\/v2\/product"}],"about":[{"href":"https:\/\/desdropi.com\/elparque\/wp-json\/wp\/v2\/types\/product"}],"replies":[{"embeddable":true,"href":"https:\/\/desdropi.com\/elparque\/wp-json\/wp\/v2\/comments?post=212532"}],"version-history":[{"count":0,"href":"https:\/\/desdropi.com\/elparque\/wp-json\/wp\/v2\/product\/212532\/revisions"}],"wp:featuredmedia":[{"embeddable":true,"href":"https:\/\/desdropi.com\/elparque\/wp-json\/wp\/v2\/media\/212537"}],"wp:attachment":[{"href":"https:\/\/desdropi.com\/elparque\/wp-json\/wp\/v2\/media?parent=212532"}],"wp:term":[{"taxonomy":"product_cat","embeddable":true,"href":"https:\/\/desdropi.com\/elparque\/wp-json\/wp\/v2\/product_cat?post=212532"},{"taxonomy":"product_tag","embeddable":true,"href":"https:\/\/desdropi.com\/elparque\/wp-json\/wp\/v2\/product_tag?post=212532"}],"curies":[{"name":"wp","href":"https:\/\/api.w.org\/{rel}","templated":true}]}}