{"id":212545,"date":"2024-01-22T20:17:24","date_gmt":"2024-01-22T19:17:24","guid":{"rendered":"https:\/\/desdropi.com\/elparque\/?post_type=product&#038;p=212545"},"modified":"2024-01-23T12:09:10","modified_gmt":"2024-01-23T11:09:10","slug":"1-contenedor-guardar-al-vacio-vt3307","status":"publish","type":"product","link":"https:\/\/desdropi.com\/elparque\/1-contenedor-guardar-al-vacio-vt3307\/","title":{"rendered":"1 CONTENEDOR GUARDAR AL VACIO VT3307"},"content":{"rendered":"<div class=\"descripcion-tab\">\n<p><strong>Descripci\u00f3n:<\/strong><\/p>\n<ul>\n<li>El contenedor para la conservaci\u00f3n al vac\u00edo LAICA te permite mantener los alimentos frescos hasta 4 veces m\u00e1s. Este vers\u00e1til contenedor puede utilizarse en el frigor\u00edfico y el congelador, as\u00ed como en el microondas y el horno sin la tapa. Es apto para lavavajillas, excluyendo las tapas.<\/li>\n<li>El material del envase es vidrio, 100% reciclable, que conserva de manera \u00f3ptima las caracter\u00edsticas de los alimentos. Las tapas y v\u00e1lvulas de ventilaci\u00f3n est\u00e1n fabricadas con ABS y silicona.<\/li>\n<li>Con la aplicaci\u00f3n gratuita LAICA HOME WELLNESS, puedes obtener informaci\u00f3n sobre los alimentos conservados y recibir notificaciones sobre su fecha de caducidad directamente en tu smartphone.<\/li>\n<\/ul>\n<p><strong>Lista de dispositivos compatibles:<\/strong><\/p>\n<ul>\n<li>Para iOS: Sistema operativo iPhone a partir de la versi\u00f3n 10.<\/li>\n<li>Para dispositivos Android\u2122: Desde la versi\u00f3n 6.0 (Marshmallow).<\/li>\n<\/ul>\n<p><strong>Ficha de Datos:<\/strong><\/p>\n<ul>\n<li>Dimensiones del Contenedor 2.7 L: 24 x 18.2 x 12 cm<\/li>\n<li>Peso: 1.6 kg<\/li>\n<li>C\u00f3digo de Barras: 8013240890838<\/li>\n<li>Componentes del Producto: 1 Contenedor para la conservaci\u00f3n al vac\u00edo de 2.7L, 1 conector para m\u00e1quinas para envasar al vac\u00edo, 1 Manual de instrucciones<\/li>\n<li>Compatible con: M\u00e1quinas de vac\u00edo LAICA modelos VT3240, VT3120, VT3225, VT3118, VT3217, VT3119, VT3210, VT3104 e VT3117<\/li>\n<\/ul>\n<\/div>\n","protected":false},"excerpt":{"rendered":"<p>Descripci\u00f3n: El contenedor para la conservaci\u00f3n al vac\u00edo LAICA te permite mantener los alimentos frescos hasta 4 veces m\u00e1s. Este<\/p>\n","protected":false},"featured_media":212550,"comment_status":"open","ping_status":"closed","template":"","meta":{"_joinchat":[]},"product_cat":[825,6508,831],"product_tag":[],"class_list":{"0":"post-212545","1":"product","2":"type-product","3":"status-publish","4":"has-post-thumbnail","6":"product_cat-pequeno-electrodomestico","7":"product_cat-envasadoras-al-vacio","8":"product_cat-accesorios-de-cocina","10":"first","11":"instock","12":"taxable","13":"shipping-taxable","14":"purchasable","15":"product-type-simple"},"_links":{"self":[{"href":"https:\/\/desdropi.com\/elparque\/wp-json\/wp\/v2\/product\/212545"}],"collection":[{"href":"https:\/\/desdropi.com\/elparque\/wp-json\/wp\/v2\/product"}],"about":[{"href":"https:\/\/desdropi.com\/elparque\/wp-json\/wp\/v2\/types\/product"}],"replies":[{"embeddable":true,"href":"https:\/\/desdropi.com\/elparque\/wp-json\/wp\/v2\/comments?post=212545"}],"version-history":[{"count":0,"href":"https:\/\/desdropi.com\/elparque\/wp-json\/wp\/v2\/product\/212545\/revisions"}],"wp:featuredmedia":[{"embeddable":true,"href":"https:\/\/desdropi.com\/elparque\/wp-json\/wp\/v2\/media\/212550"}],"wp:attachment":[{"href":"https:\/\/desdropi.com\/elparque\/wp-json\/wp\/v2\/media?parent=212545"}],"wp:term":[{"taxonomy":"product_cat","embeddable":true,"href":"https:\/\/desdropi.com\/elparque\/wp-json\/wp\/v2\/product_cat?post=212545"},{"taxonomy":"product_tag","embeddable":true,"href":"https:\/\/desdropi.com\/elparque\/wp-json\/wp\/v2\/product_tag?post=212545"}],"curies":[{"name":"wp","href":"https:\/\/api.w.org\/{rel}","templated":true}]}}