{"id":212591,"date":"2024-01-23T09:20:21","date_gmt":"2024-01-23T08:20:21","guid":{"rendered":"https:\/\/desdropi.com\/elparque\/?post_type=product&#038;p=212591"},"modified":"2024-01-23T12:16:52","modified_gmt":"2024-01-23T11:16:52","slug":"rollos-de-conservacion-al-vacio-vt3509","status":"publish","type":"product","link":"https:\/\/desdropi.com\/elparque\/rollos-de-conservacion-al-vacio-vt3509\/","title":{"rendered":"ROLLOS DE CONSERVACI\u00d3N AL VACIO 28x600cm VT3509"},"content":{"rendered":"<div class=\"descripcion-tab\">\n<p><strong>Descripci\u00f3n:<\/strong><\/p>\n<p>Los Rollos LAICA VT3505 (28\u00d7300 cm) vienen en paquetes de 2 y ofrecen diversas ventajas para la conservaci\u00f3n de alimentos. Estos rollos son universales y pueden utilizarse con otras marcas de m\u00e1quinas de vac\u00edo, siendo aconsejable verificar el ancho de la barra de sellado de su m\u00e1quina.<\/p>\n<p><strong>Caracter\u00edsticas:<\/strong><\/p>\n<ul>\n<li>Los alimentos permanecen frescos hasta 5 veces m\u00e1s.<\/li>\n<li>Evita el da\u00f1o por congelaci\u00f3n.<\/li>\n<li>No m\u00e1s olores en la nevera.<\/li>\n<li>Reduce el desperdicio de comida.<\/li>\n<li>Espec\u00edficos para alimentos.<\/li>\n<li>No contienen bisfenol A.<\/li>\n<\/ul>\n<p><strong>Ficha de Datos:<\/strong><\/p>\n<ul>\n<li><strong>Peso:<\/strong>\n<ul>\n<li>VT3505: 0.38 kg<\/li>\n<\/ul>\n<\/li>\n<li><strong>C\u00f3digo de Barras:<\/strong>\n<ul>\n<li>VT3505: 8013240401270<\/li>\n<\/ul>\n<\/li>\n<li><strong>Componentes del Producto:<\/strong> 2 rollos<\/li>\n<li><strong>Funciones Disponibles:<\/strong>\n<ul>\n<li>Adecuado para usar en la nevera y el congelador.<\/li>\n<li>Adecuado para cocinar en agua (80 \u00b0 C) y hervir (100 \u00b0 C m\u00e1ximo 15 minutos).<\/li>\n<li>Adecuado para cocinar a \u201cbaja temperatura\u201d hasta 70 \u00b0 C durante 6 horas.<\/li>\n<\/ul>\n<\/li>\n<li><strong>Notas:<\/strong> Rollos universales, tambi\u00e9n se pueden usar con otras marcas de m\u00e1quinas de vac\u00edo (es aconsejable verificar el ancho de la barra de sellado de su m\u00e1quina de vac\u00edo).<\/li>\n<\/ul>\n<\/div>\n","protected":false},"excerpt":{"rendered":"<p><span style=\"color: #ff0000;\"><strong>\u00a1PACK DE 2 PAQUETES DE 2 ROLLOS!<\/strong><\/span><\/p>\n","protected":false},"featured_media":212578,"comment_status":"open","ping_status":"closed","template":"","meta":{"_joinchat":[]},"product_cat":[6508,825,831],"product_tag":[],"class_list":{"0":"post-212591","1":"product","2":"type-product","3":"status-publish","4":"has-post-thumbnail","6":"product_cat-envasadoras-al-vacio","7":"product_cat-pequeno-electrodomestico","8":"product_cat-accesorios-de-cocina","10":"first","11":"instock","12":"taxable","13":"shipping-taxable","14":"purchasable","15":"product-type-simple"},"_links":{"self":[{"href":"https:\/\/desdropi.com\/elparque\/wp-json\/wp\/v2\/product\/212591"}],"collection":[{"href":"https:\/\/desdropi.com\/elparque\/wp-json\/wp\/v2\/product"}],"about":[{"href":"https:\/\/desdropi.com\/elparque\/wp-json\/wp\/v2\/types\/product"}],"replies":[{"embeddable":true,"href":"https:\/\/desdropi.com\/elparque\/wp-json\/wp\/v2\/comments?post=212591"}],"version-history":[{"count":0,"href":"https:\/\/desdropi.com\/elparque\/wp-json\/wp\/v2\/product\/212591\/revisions"}],"wp:featuredmedia":[{"embeddable":true,"href":"https:\/\/desdropi.com\/elparque\/wp-json\/wp\/v2\/media\/212578"}],"wp:attachment":[{"href":"https:\/\/desdropi.com\/elparque\/wp-json\/wp\/v2\/media?parent=212591"}],"wp:term":[{"taxonomy":"product_cat","embeddable":true,"href":"https:\/\/desdropi.com\/elparque\/wp-json\/wp\/v2\/product_cat?post=212591"},{"taxonomy":"product_tag","embeddable":true,"href":"https:\/\/desdropi.com\/elparque\/wp-json\/wp\/v2\/product_tag?post=212591"}],"curies":[{"name":"wp","href":"https:\/\/api.w.org\/{rel}","templated":true}]}}