{"id":212694,"date":"2024-01-23T12:16:16","date_gmt":"2024-01-23T11:16:16","guid":{"rendered":"https:\/\/desdropi.com\/elparque\/?post_type=product&#038;p=212694"},"modified":"2024-01-23T13:47:42","modified_gmt":"2024-01-23T12:47:42","slug":"balanza-de-cocina-electronica-ks1320","status":"publish","type":"product","link":"https:\/\/desdropi.com\/elparque\/balanza-de-cocina-electronica-ks1320\/","title":{"rendered":"BALANZA DE COCINA ELECTR\u00d3NICA KS1320"},"content":{"rendered":"<div class=\"descripcion-tab\"><strong>Descripci\u00f3n:<\/strong>La balanza de cocina LAICA es una herramienta multifuncional que combina un dise\u00f1o italiano elegante con caracter\u00edsticas modernas y pr\u00e1cticas. Recargable mediante cable USB suministrado, esta balanza cuenta con una funci\u00f3n de reloj y tiene la capacidad de calcular el volumen de agua. Su pantalla LCD de 6.2 x 2.1 cm proporciona una f\u00e1cil lectura de los resultados.<\/p>\n<p><strong>Ficha de Datos:<\/strong><\/p>\n<ul>\n<li>Dimensiones: 20 x 15 x 3 cm<\/li>\n<li>Peso: 458 g<\/li>\n<li>C\u00f3digo de Barras: 8013240103150<\/li>\n<li>Componentes del Producto: 1 balanza de cocina, 1 Bater\u00eda incorporada recargable, 1 manual de instrucciones<\/li>\n<li>LCD: 6.2 x 2.1 cm<\/li>\n<li>Alimentaci\u00f3n: Bater\u00eda recargable de pol\u00edmero de iones de litio de 3.7V 500mAh (incluida)<\/li>\n<li>Peso M\u00e1ximo: 5 kg \/ 11 lb<\/li>\n<li>Divisiones: 1 g \u2013 0.1 oz<\/li>\n<li>Material de la Plataforma: Vidrio templado<\/li>\n<\/ul>\n<\/div>\n","protected":false},"excerpt":{"rendered":"<p>Descripci\u00f3n:La balanza de cocina LAICA es una herramienta multifuncional que combina un dise\u00f1o italiano elegante con caracter\u00edsticas modernas y pr\u00e1cticas.<\/p>\n","protected":false},"featured_media":212698,"comment_status":"open","ping_status":"closed","template":"","meta":{"_joinchat":[]},"product_cat":[825,7102,831],"product_tag":[],"class_list":{"0":"post-212694","1":"product","2":"type-product","3":"status-publish","4":"has-post-thumbnail","6":"product_cat-pequeno-electrodomestico","7":"product_cat-balanzas-electricas","8":"product_cat-accesorios-de-cocina","10":"first","11":"instock","12":"taxable","13":"shipping-taxable","14":"purchasable","15":"product-type-simple"},"_links":{"self":[{"href":"https:\/\/desdropi.com\/elparque\/wp-json\/wp\/v2\/product\/212694"}],"collection":[{"href":"https:\/\/desdropi.com\/elparque\/wp-json\/wp\/v2\/product"}],"about":[{"href":"https:\/\/desdropi.com\/elparque\/wp-json\/wp\/v2\/types\/product"}],"replies":[{"embeddable":true,"href":"https:\/\/desdropi.com\/elparque\/wp-json\/wp\/v2\/comments?post=212694"}],"version-history":[{"count":0,"href":"https:\/\/desdropi.com\/elparque\/wp-json\/wp\/v2\/product\/212694\/revisions"}],"wp:featuredmedia":[{"embeddable":true,"href":"https:\/\/desdropi.com\/elparque\/wp-json\/wp\/v2\/media\/212698"}],"wp:attachment":[{"href":"https:\/\/desdropi.com\/elparque\/wp-json\/wp\/v2\/media?parent=212694"}],"wp:term":[{"taxonomy":"product_cat","embeddable":true,"href":"https:\/\/desdropi.com\/elparque\/wp-json\/wp\/v2\/product_cat?post=212694"},{"taxonomy":"product_tag","embeddable":true,"href":"https:\/\/desdropi.com\/elparque\/wp-json\/wp\/v2\/product_tag?post=212694"}],"curies":[{"name":"wp","href":"https:\/\/api.w.org\/{rel}","templated":true}]}}