{"id":212705,"date":"2024-01-23T12:23:33","date_gmt":"2024-01-23T11:23:33","guid":{"rendered":"https:\/\/desdropi.com\/elparque\/?post_type=product&#038;p=212705"},"modified":"2024-01-23T14:05:10","modified_gmt":"2024-01-23T13:05:10","slug":"balanza-electronica-ks5020","status":"publish","type":"product","link":"https:\/\/desdropi.com\/elparque\/balanza-electronica-ks5020\/","title":{"rendered":"BALANZA ELECTR\u00d3NICA KS5020"},"content":{"rendered":"<div class=\"descripcion-tab\">\n<p><strong>Descripci\u00f3n:<\/strong><\/p>\n<p>La b\u00e1scula de cocina digital LAICA ofrece funcionalidad y precisi\u00f3n para todas tus necesidades de medici\u00f3n. Con un peso m\u00e1ximo de 20 kg, esta b\u00e1scula cuenta con una funci\u00f3n de bloqueo que muestra el peso incluso despu\u00e9s de quitar los objetos. Adem\u00e1s, tiene la capacidad de pesar alimentos l\u00edquidos en mililitros (ml) y onzas l\u00edquidas (fl. oz), ofreciendo versatilidad en la cocina. La pantalla t\u00e1ctil facilita su uso.<\/p>\n<p><strong>Ficha de Datos:<\/strong><\/p>\n<ul>\n<li>Dimensiones: 30 x 22 x 2.1 cm<\/li>\n<li>Peso: 0.65 kg<\/li>\n<li>C\u00f3digo de Barras: 8013240102221<\/li>\n<li>Componentes del Producto: 1 b\u00e1scula de cocina, 1 manual de instrucciones<\/li>\n<li>LCD: 6.1 x 2.8 cm<\/li>\n<li>Alimentaci\u00f3n: 2\u00d71.5V pilas alcalinas AAA (no incluidas)<\/li>\n<li>Peso M\u00e1ximo: 20 kg \u2013 705.5 oz<\/li>\n<li>Divisiones: 5 g \u2013 0.1 oz<\/li>\n<li>Material de la Plataforma: Vidrio templado<\/li>\n<\/ul>\n<\/div>\n","protected":false},"excerpt":{"rendered":"<p>Descripci\u00f3n: La b\u00e1scula de cocina digital LAICA ofrece funcionalidad y precisi\u00f3n para todas tus necesidades de medici\u00f3n. Con un peso<\/p>\n","protected":false},"featured_media":212706,"comment_status":"open","ping_status":"closed","template":"","meta":{"_joinchat":[]},"product_cat":[7102,825,831],"product_tag":[],"class_list":{"0":"post-212705","1":"product","2":"type-product","3":"status-publish","4":"has-post-thumbnail","6":"product_cat-balanzas-electricas","7":"product_cat-pequeno-electrodomestico","8":"product_cat-accesorios-de-cocina","10":"first","11":"instock","12":"taxable","13":"shipping-taxable","14":"purchasable","15":"product-type-simple"},"_links":{"self":[{"href":"https:\/\/desdropi.com\/elparque\/wp-json\/wp\/v2\/product\/212705"}],"collection":[{"href":"https:\/\/desdropi.com\/elparque\/wp-json\/wp\/v2\/product"}],"about":[{"href":"https:\/\/desdropi.com\/elparque\/wp-json\/wp\/v2\/types\/product"}],"replies":[{"embeddable":true,"href":"https:\/\/desdropi.com\/elparque\/wp-json\/wp\/v2\/comments?post=212705"}],"version-history":[{"count":0,"href":"https:\/\/desdropi.com\/elparque\/wp-json\/wp\/v2\/product\/212705\/revisions"}],"wp:featuredmedia":[{"embeddable":true,"href":"https:\/\/desdropi.com\/elparque\/wp-json\/wp\/v2\/media\/212706"}],"wp:attachment":[{"href":"https:\/\/desdropi.com\/elparque\/wp-json\/wp\/v2\/media?parent=212705"}],"wp:term":[{"taxonomy":"product_cat","embeddable":true,"href":"https:\/\/desdropi.com\/elparque\/wp-json\/wp\/v2\/product_cat?post=212705"},{"taxonomy":"product_tag","embeddable":true,"href":"https:\/\/desdropi.com\/elparque\/wp-json\/wp\/v2\/product_tag?post=212705"}],"curies":[{"name":"wp","href":"https:\/\/api.w.org\/{rel}","templated":true}]}}