{"id":212709,"date":"2024-01-23T12:26:52","date_gmt":"2024-01-23T11:26:52","guid":{"rendered":"https:\/\/desdropi.com\/elparque\/?post_type=product&#038;p=212709"},"modified":"2024-01-23T14:08:09","modified_gmt":"2024-01-23T13:08:09","slug":"balanza-de-alta-precision-bx9310","status":"publish","type":"product","link":"https:\/\/desdropi.com\/elparque\/balanza-de-alta-precision-bx9310\/","title":{"rendered":"BALANZA DE ALTA PRECISI\u00d3N BX9310"},"content":{"rendered":"<div class=\"descripcion-tab\">\n<p><strong>Descripci\u00f3n:<\/strong><\/p>\n<p>La balanza digital de precisi\u00f3n LAICA ofrece una medici\u00f3n precisa con divisiones de 0.05 g, brindando exactitud en cada pesada.<\/p>\n<p><strong>Ficha de Datos:<\/strong><\/p>\n<ul>\n<li>Dimensiones: 10 x 6.2 x 1.8 cm<\/li>\n<li>Peso: 70 g<\/li>\n<li>C\u00f3digo de Barras: 8013240301242<\/li>\n<li>Componentes del Producto: 1 balanza de cocina, 2 bater\u00edas, 1 manual de instrucciones<\/li>\n<li>LCD: 3 x 1.4 cm<\/li>\n<li>Alimentaci\u00f3n: 2 x 3V pilas de litio CR2032 reemplazables (incluidas)<\/li>\n<li>Peso M\u00e1ximo: 120 g \u2013 4.2 oz<\/li>\n<li>Divisiones: 0.05 g \u2013 0.001 oz<\/li>\n<\/ul>\n<\/div>\n","protected":false},"excerpt":{"rendered":"<p>Descripci\u00f3n: La balanza digital de precisi\u00f3n LAICA ofrece una medici\u00f3n precisa con divisiones de 0.05 g, brindando exactitud en cada<\/p>\n","protected":false},"featured_media":212710,"comment_status":"open","ping_status":"closed","template":"","meta":{"_joinchat":[]},"product_cat":[831,7102,825],"product_tag":[],"class_list":{"0":"post-212709","1":"product","2":"type-product","3":"status-publish","4":"has-post-thumbnail","6":"product_cat-accesorios-de-cocina","7":"product_cat-balanzas-electricas","8":"product_cat-pequeno-electrodomestico","10":"first","11":"instock","12":"taxable","13":"shipping-taxable","14":"purchasable","15":"product-type-simple"},"_links":{"self":[{"href":"https:\/\/desdropi.com\/elparque\/wp-json\/wp\/v2\/product\/212709"}],"collection":[{"href":"https:\/\/desdropi.com\/elparque\/wp-json\/wp\/v2\/product"}],"about":[{"href":"https:\/\/desdropi.com\/elparque\/wp-json\/wp\/v2\/types\/product"}],"replies":[{"embeddable":true,"href":"https:\/\/desdropi.com\/elparque\/wp-json\/wp\/v2\/comments?post=212709"}],"version-history":[{"count":0,"href":"https:\/\/desdropi.com\/elparque\/wp-json\/wp\/v2\/product\/212709\/revisions"}],"wp:featuredmedia":[{"embeddable":true,"href":"https:\/\/desdropi.com\/elparque\/wp-json\/wp\/v2\/media\/212710"}],"wp:attachment":[{"href":"https:\/\/desdropi.com\/elparque\/wp-json\/wp\/v2\/media?parent=212709"}],"wp:term":[{"taxonomy":"product_cat","embeddable":true,"href":"https:\/\/desdropi.com\/elparque\/wp-json\/wp\/v2\/product_cat?post=212709"},{"taxonomy":"product_tag","embeddable":true,"href":"https:\/\/desdropi.com\/elparque\/wp-json\/wp\/v2\/product_tag?post=212709"}],"curies":[{"name":"wp","href":"https:\/\/api.w.org\/{rel}","templated":true}]}}