{"id":212755,"date":"2024-01-23T13:29:57","date_gmt":"2024-01-23T12:29:57","guid":{"rendered":"https:\/\/desdropi.com\/elparque\/?post_type=product&#038;p=212755"},"modified":"2024-01-23T17:20:08","modified_gmt":"2024-01-23T16:20:08","slug":"6-filtros-bu-flux-gm2","status":"publish","type":"product","link":"https:\/\/desdropi.com\/elparque\/6-filtros-bu-flux-gm2\/","title":{"rendered":"6 FILTROS BI-FLUX G2M"},"content":{"rendered":"<div class=\"descripcion-tab\"><strong>Descripci\u00f3n:<\/strong><\/p>\n<ul>\n<li>La f\u00f3rmula \u00fanica Magnesiumactive de los filtros LAICA aumenta la concentraci\u00f3n de magnesio presente de forma natural en el agua, reduciendo las sustancias no deseadas, como algunos metales pesados. Tambi\u00e9n reduce el cloro y los derivados del cloro, como los trihalometanos, algunos pesticidas y algunos herbicidas, si est\u00e1n presentes en el agua de la red.<\/li>\n<li>Una f\u00f3rmula innovadora que incrementa la concentraci\u00f3n de magnesio de manera natural en el agua, proporcionando una soluci\u00f3n efectiva para mejorar la calidad del agua que consumimos.<\/li>\n<\/ul>\n<\/div>\n","protected":false},"excerpt":{"rendered":"<p><span style=\"color: #ff0000;\"><strong>\u00a1PACK DE 6 PAQUETES DE 2 FILTROS!<\/strong><\/span><\/p>\n","protected":false},"featured_media":212756,"comment_status":"open","ping_status":"closed","template":"","meta":{"_joinchat":[]},"product_cat":[5661,6529,5662],"product_tag":[],"class_list":{"0":"post-212755","1":"product","2":"type-product","3":"status-publish","4":"has-post-thumbnail","6":"product_cat-menaje","7":"product_cat-jarras-de-agua-filtrante","8":"product_cat-menaje-de-cocina","10":"first","11":"instock","12":"taxable","13":"shipping-taxable","14":"purchasable","15":"product-type-simple"},"_links":{"self":[{"href":"https:\/\/desdropi.com\/elparque\/wp-json\/wp\/v2\/product\/212755"}],"collection":[{"href":"https:\/\/desdropi.com\/elparque\/wp-json\/wp\/v2\/product"}],"about":[{"href":"https:\/\/desdropi.com\/elparque\/wp-json\/wp\/v2\/types\/product"}],"replies":[{"embeddable":true,"href":"https:\/\/desdropi.com\/elparque\/wp-json\/wp\/v2\/comments?post=212755"}],"version-history":[{"count":0,"href":"https:\/\/desdropi.com\/elparque\/wp-json\/wp\/v2\/product\/212755\/revisions"}],"wp:featuredmedia":[{"embeddable":true,"href":"https:\/\/desdropi.com\/elparque\/wp-json\/wp\/v2\/media\/212756"}],"wp:attachment":[{"href":"https:\/\/desdropi.com\/elparque\/wp-json\/wp\/v2\/media?parent=212755"}],"wp:term":[{"taxonomy":"product_cat","embeddable":true,"href":"https:\/\/desdropi.com\/elparque\/wp-json\/wp\/v2\/product_cat?post=212755"},{"taxonomy":"product_tag","embeddable":true,"href":"https:\/\/desdropi.com\/elparque\/wp-json\/wp\/v2\/product_tag?post=212755"}],"curies":[{"name":"wp","href":"https:\/\/api.w.org\/{rel}","templated":true}]}}