{"id":212759,"date":"2024-01-23T13:34:45","date_gmt":"2024-01-23T12:34:45","guid":{"rendered":"https:\/\/desdropi.com\/elparque\/?post_type=product&#038;p=212759"},"modified":"2024-01-23T17:22:13","modified_gmt":"2024-01-23T16:22:13","slug":"3-filtros-bi-flux-coffe-tea-c3m","status":"publish","type":"product","link":"https:\/\/desdropi.com\/elparque\/3-filtros-bi-flux-coffe-tea-c3m\/","title":{"rendered":"3 FILTROS BI-FLUX COFFE-TEA C3M"},"content":{"rendered":"<div class=\"descripcion-tab\">\n<strong>Descripci\u00f3n<\/strong><\/p>\n<ul>\n<li>La formulaci\u00f3n especial de los filtros LAICA est\u00e1 dise\u00f1ada para optimizar la calidad del agua utilizada en la preparaci\u00f3n de t\u00e9 y caf\u00e9. Reduce eficazmente la presencia de cal, as\u00ed como sustancias no deseadas como algunos metales pesados y cloro.<\/li>\n<li>Adem\u00e1s, mantiene el pH del agua bajo control, mejorando as\u00ed el sabor y el aroma del t\u00e9 y el caf\u00e9. Estos filtros est\u00e1n especialmente formulados para aquellos que buscan una experiencia de bebida m\u00e1s refinada y sabrosa.<\/li>\n<li>Disponible en pr\u00e1cticos envases de caja con 3 filtros cada uno.<\/li>\n<\/ul>\n<\/div>\n","protected":false},"excerpt":{"rendered":"<p>Descripci\u00f3n La formulaci\u00f3n especial de los filtros LAICA est\u00e1 dise\u00f1ada para optimizar la calidad del agua utilizada en la preparaci\u00f3n<\/p>\n","protected":false},"featured_media":212760,"comment_status":"open","ping_status":"closed","template":"","meta":{"_joinchat":[]},"product_cat":[5661,6529,5662],"product_tag":[],"class_list":{"0":"post-212759","1":"product","2":"type-product","3":"status-publish","4":"has-post-thumbnail","6":"product_cat-menaje","7":"product_cat-jarras-de-agua-filtrante","8":"product_cat-menaje-de-cocina","10":"first","11":"instock","12":"taxable","13":"shipping-taxable","14":"purchasable","15":"product-type-simple"},"_links":{"self":[{"href":"https:\/\/desdropi.com\/elparque\/wp-json\/wp\/v2\/product\/212759"}],"collection":[{"href":"https:\/\/desdropi.com\/elparque\/wp-json\/wp\/v2\/product"}],"about":[{"href":"https:\/\/desdropi.com\/elparque\/wp-json\/wp\/v2\/types\/product"}],"replies":[{"embeddable":true,"href":"https:\/\/desdropi.com\/elparque\/wp-json\/wp\/v2\/comments?post=212759"}],"version-history":[{"count":0,"href":"https:\/\/desdropi.com\/elparque\/wp-json\/wp\/v2\/product\/212759\/revisions"}],"wp:featuredmedia":[{"embeddable":true,"href":"https:\/\/desdropi.com\/elparque\/wp-json\/wp\/v2\/media\/212760"}],"wp:attachment":[{"href":"https:\/\/desdropi.com\/elparque\/wp-json\/wp\/v2\/media?parent=212759"}],"wp:term":[{"taxonomy":"product_cat","embeddable":true,"href":"https:\/\/desdropi.com\/elparque\/wp-json\/wp\/v2\/product_cat?post=212759"},{"taxonomy":"product_tag","embeddable":true,"href":"https:\/\/desdropi.com\/elparque\/wp-json\/wp\/v2\/product_tag?post=212759"}],"curies":[{"name":"wp","href":"https:\/\/api.w.org\/{rel}","templated":true}]}}