{"id":212765,"date":"2024-01-23T13:39:26","date_gmt":"2024-01-23T12:39:26","guid":{"rendered":"https:\/\/desdropi.com\/elparque\/?post_type=product&#038;p=212765"},"modified":"2024-01-23T17:32:40","modified_gmt":"2024-01-23T16:32:40","slug":"3-filtros-limescale-stop-n3n","status":"publish","type":"product","link":"https:\/\/desdropi.com\/elparque\/3-filtros-limescale-stop-n3n\/","title":{"rendered":"3 FILTROS LIMESCALE STOP N3N NITRATE"},"content":{"rendered":"<div class=\"descripcion-tab\">\n<strong>Descripci\u00f3n:<\/strong><\/p>\n<ul>\n<li>El filtro de nitrato LAICA est\u00e1 dise\u00f1ado para reducir los niveles de nitrato en el agua. Adem\u00e1s, reduce el cloro y los derivados del cloro, como los trihalometanos, algunos pesticidas y algunos herbicidas, si est\u00e1n presentes en el agua de la red.<\/li>\n<li>Este filtro espec\u00edfico para la reducci\u00f3n de nitrato contribuye a mejorar la calidad del agua potable.<\/li>\n<\/ul>\n<p><strong>Envases Disponibles:<\/strong><\/p>\n<ul>\n<li>Caja 3 Filtros<\/li>\n<\/ul>\n<p><strong>Ficha de Datos:<\/strong><\/p>\n<ul>\n<li><strong>C\u00f3digo de Producto:<\/strong>\n<ul>\n<li>3 Caja de Cartuchos: N3N<\/li>\n<\/ul>\n<\/li>\n<li><strong>Componentes del Producto:<\/strong>\n<ul>\n<li>3 Caja de Cartuchos: 3 Cartuchos de filtro, 1 manual de usuario<\/li>\n<\/ul>\n<\/li>\n<li><strong>Dimensiones:<\/strong>\n<ul>\n<li>Caja de 3 Cartuchos: 28x6x12H<\/li>\n<\/ul>\n<\/li>\n<\/ul>\n<\/div>\n","protected":false},"excerpt":{"rendered":"<p>Descripci\u00f3n: El filtro de nitrato LAICA est\u00e1 dise\u00f1ado para reducir los niveles de nitrato en el agua. Adem\u00e1s, reduce el<\/p>\n","protected":false},"featured_media":212766,"comment_status":"open","ping_status":"closed","template":"","meta":{"_joinchat":[]},"product_cat":[5661,6529,5662],"product_tag":[],"class_list":{"0":"post-212765","1":"product","2":"type-product","3":"status-publish","4":"has-post-thumbnail","6":"product_cat-menaje","7":"product_cat-jarras-de-agua-filtrante","8":"product_cat-menaje-de-cocina","10":"first","11":"instock","12":"taxable","13":"shipping-taxable","14":"purchasable","15":"product-type-simple"},"_links":{"self":[{"href":"https:\/\/desdropi.com\/elparque\/wp-json\/wp\/v2\/product\/212765"}],"collection":[{"href":"https:\/\/desdropi.com\/elparque\/wp-json\/wp\/v2\/product"}],"about":[{"href":"https:\/\/desdropi.com\/elparque\/wp-json\/wp\/v2\/types\/product"}],"replies":[{"embeddable":true,"href":"https:\/\/desdropi.com\/elparque\/wp-json\/wp\/v2\/comments?post=212765"}],"version-history":[{"count":0,"href":"https:\/\/desdropi.com\/elparque\/wp-json\/wp\/v2\/product\/212765\/revisions"}],"wp:featuredmedia":[{"embeddable":true,"href":"https:\/\/desdropi.com\/elparque\/wp-json\/wp\/v2\/media\/212766"}],"wp:attachment":[{"href":"https:\/\/desdropi.com\/elparque\/wp-json\/wp\/v2\/media?parent=212765"}],"wp:term":[{"taxonomy":"product_cat","embeddable":true,"href":"https:\/\/desdropi.com\/elparque\/wp-json\/wp\/v2\/product_cat?post=212765"},{"taxonomy":"product_tag","embeddable":true,"href":"https:\/\/desdropi.com\/elparque\/wp-json\/wp\/v2\/product_tag?post=212765"}],"curies":[{"name":"wp","href":"https:\/\/api.w.org\/{rel}","templated":true}]}}