{"id":212775,"date":"2024-01-23T14:01:00","date_gmt":"2024-01-23T13:01:00","guid":{"rendered":"https:\/\/desdropi.com\/elparque\/?post_type=product&#038;p=212775"},"modified":"2024-01-23T17:37:26","modified_gmt":"2024-01-23T16:37:26","slug":"jarra-filtrante-stream-mecanica-j31-cc-blanco-23l","status":"publish","type":"product","link":"https:\/\/desdropi.com\/elparque\/jarra-filtrante-stream-mecanica-j31-cc-blanco-23l\/","title":{"rendered":"JARRA FILTRANTE STREAM MECANICA J31-CC BLANCO 2,3L"},"content":{"rendered":"<div class=\"descripcion-tab\">\n<strong>Descripci\u00f3n:<\/strong><\/p>\n<p>La Jarra Stream mec\u00e1nica es una opci\u00f3n respetuosa con el medio ambiente para purificar agua, con un indicador manual de la vida del filtro. Fabricada en Italia, esta jarra depuradora es pr\u00e1ctica y ligera, dise\u00f1ada para caber c\u00f3modamente en la puerta de la nevera. Cuenta con una apertura superior que facilita el llenado r\u00e1pido.<\/p>\n<p><strong>Caracter\u00edsticas:<\/strong><\/p>\n<ul>\n<li><strong>Fabricado en Italia<\/strong><\/li>\n<li>Pr\u00e1ctica y ligera<\/li>\n<li>Se guarda c\u00f3modamente en la puerta de la nevera<\/li>\n<li>Apertura superior para llenado r\u00e1pido<\/li>\n<\/ul>\n<p><strong>Colores Disponibles:<\/strong><\/p>\n<ul>\n<li>Blanco: J31-CC<\/li>\n<\/ul>\n<p><strong>Ficha de Datos:<\/strong><\/p>\n<ul>\n<li><strong>C\u00f3digo de Producto:<\/strong>\n<ul>\n<li>Blanco: J31-CC<\/li>\n<\/ul>\n<\/li>\n<li><strong>Colores Disponibles:<\/strong>\n<ul>\n<li>Verde, Negro, Blanco<\/li>\n<\/ul>\n<\/li>\n<li><strong>Componentes del Producto:<\/strong>\n<ul>\n<li>1 Jarra filtrante (equipamiento para el tratamiento del agua potable de uso dom\u00e9stico), 1 filtro, 1 manual de instrucciones.<\/li>\n<\/ul>\n<\/li>\n<li><strong>Dimensiones:<\/strong>\n<ul>\n<li>26,5 x 9,3 x 27,2 cm<\/li>\n<\/ul>\n<\/li>\n<li><strong>Peso:<\/strong>\n<ul>\n<li>0,6 kg<\/li>\n<\/ul>\n<\/li>\n<li><strong>Capacidad Total:<\/strong>\n<ul>\n<li>2,3 litros<\/li>\n<\/ul>\n<\/li>\n<li><strong>Capacidad de Agua Filtrada:<\/strong>\n<ul>\n<li>1,2 litros<\/li>\n<\/ul>\n<\/li>\n<li><strong>Recambios Disponibles:<\/strong>\n<ul>\n<li>Filtro; tapa para la Jarra; Indicador manual desmontable<\/li>\n<\/ul>\n<\/li>\n<li><strong>Indicador de la Vida del Filtro:<\/strong>\n<ul>\n<li>Indicador manual desmontable \u2013 respetuoso con el medio ambiente<\/li>\n<\/ul>\n<\/li>\n<\/ul>\n<\/div>\n","protected":false},"excerpt":{"rendered":"<p>Descripci\u00f3n: La Jarra Stream mec\u00e1nica es una opci\u00f3n respetuosa con el medio ambiente para purificar agua, con un indicador manual<\/p>\n","protected":false},"featured_media":212776,"comment_status":"open","ping_status":"closed","template":"","meta":{"_joinchat":[]},"product_cat":[5661,6529,5662],"product_tag":[],"class_list":{"0":"post-212775","1":"product","2":"type-product","3":"status-publish","4":"has-post-thumbnail","6":"product_cat-menaje","7":"product_cat-jarras-de-agua-filtrante","8":"product_cat-menaje-de-cocina","10":"first","11":"instock","12":"taxable","13":"shipping-taxable","14":"purchasable","15":"product-type-simple"},"_links":{"self":[{"href":"https:\/\/desdropi.com\/elparque\/wp-json\/wp\/v2\/product\/212775"}],"collection":[{"href":"https:\/\/desdropi.com\/elparque\/wp-json\/wp\/v2\/product"}],"about":[{"href":"https:\/\/desdropi.com\/elparque\/wp-json\/wp\/v2\/types\/product"}],"replies":[{"embeddable":true,"href":"https:\/\/desdropi.com\/elparque\/wp-json\/wp\/v2\/comments?post=212775"}],"version-history":[{"count":0,"href":"https:\/\/desdropi.com\/elparque\/wp-json\/wp\/v2\/product\/212775\/revisions"}],"wp:featuredmedia":[{"embeddable":true,"href":"https:\/\/desdropi.com\/elparque\/wp-json\/wp\/v2\/media\/212776"}],"wp:attachment":[{"href":"https:\/\/desdropi.com\/elparque\/wp-json\/wp\/v2\/media?parent=212775"}],"wp:term":[{"taxonomy":"product_cat","embeddable":true,"href":"https:\/\/desdropi.com\/elparque\/wp-json\/wp\/v2\/product_cat?post=212775"},{"taxonomy":"product_tag","embeddable":true,"href":"https:\/\/desdropi.com\/elparque\/wp-json\/wp\/v2\/product_tag?post=212775"}],"curies":[{"name":"wp","href":"https:\/\/api.w.org\/{rel}","templated":true}]}}