{"id":212778,"date":"2024-01-23T14:03:11","date_gmt":"2024-01-23T13:03:11","guid":{"rendered":"https:\/\/desdropi.com\/elparque\/?post_type=product&#038;p=212778"},"modified":"2024-01-23T20:23:50","modified_gmt":"2024-01-23T19:23:50","slug":"jarra-filtrante-carmen-aida-j35-eb-azul-23l","status":"publish","type":"product","link":"https:\/\/desdropi.com\/elparque\/jarra-filtrante-carmen-aida-j35-eb-azul-23l\/","title":{"rendered":"JARRA FILTRANTE CARMEN AIDA J35 EB AZUL 2,3L"},"content":{"rendered":"<div class=\"descripcion-tab\">\n<p><strong>Descripci\u00f3n:<\/strong><\/p>\n<p>La Jarra Stream mec\u00e1nica, fabricada en Italia, es una opci\u00f3n ligera y f\u00e1cil de usar para purificar agua. Con una apertura superior para un llenado r\u00e1pido, se guarda c\u00f3modamente en la puerta de la nevera. Los nuevos temporizadores de colores, sin bater\u00edas, son respetuosos con el medio ambiente.<\/p>\n<p><strong>Caracter\u00edsticas:<\/strong><\/p>\n<p><strong>Fabricado en Italia<\/strong><\/p>\n<ul>\n<li>Ligera y f\u00e1cil de usar<\/li>\n<li>Apertura superior para llenado r\u00e1pido<\/li>\n<li>Se guarda c\u00f3modamente en la puerta de la nevera<\/li>\n<li>Nuevos temporizadores de colores sin bater\u00edas, respetuosos con el medio ambiente<\/li>\n<\/ul>\n<p><strong>Colores Disponibles:<\/strong><\/p>\n<ul>\n<li>Blanco-Naranja: J35-EA<\/li>\n<li>Avio blanco y azul: J35-EB<\/li>\n<li>Blanco-Menta: J35-EC<\/li>\n<li>Blanco-Rojo: J35-ED<\/li>\n<li><strong>Ficha de Datos:<\/strong><\/li>\n<\/ul>\n<p><strong>C\u00f3digo de Producto:<\/strong><\/p>\n<ul>\n<li>Blanco-Naranja: J35-EA<\/li>\n<li>Avio blanco y azul: J35-EB<\/li>\n<li>Blanco-Menta: J35-EC<\/li>\n<li>Blanco-Rojo: J35-ED<\/li>\n<\/ul>\n<p><strong>EAN:<\/strong><\/p>\n<ul>\n<li>Blanco-Naranja: 801324 070568 2<\/li>\n<li>Avio blanco y azul: 801324 070569 9<\/li>\n<li>Blanco-Menta: 801324 070570 5<\/li>\n<li>Blanco-Rojo: 801324 070571 2<\/li>\n<\/ul>\n<p><strong>Colores Disponibles:<\/strong><\/p>\n<ul>\n<li>Blanco-Naranja, Avio blanco y azul, Blanco-Menta, Blanco-Rojo<\/li>\n<\/ul>\n<p><strong>Componentes del Producto:<\/strong><\/p>\n<ul>\n<li>1 Jarra filtrante (equipamiento para el tratamiento del agua potable de uso dom\u00e9stico), 1 filtro, 1 sistema antisedimentos, 1 manual de instrucciones.<\/li>\n<\/ul>\n<p><strong>Dimensiones:<\/strong><\/p>\n<ul>\n<li>27,6 x 27,4 x 9,4 cm<\/li>\n<\/ul>\n<p><strong>Peso:<\/strong><\/p>\n<ul>\n<li>0,6 kg<\/li>\n<\/ul>\n<p><strong>Capacidad Total:<\/strong><\/p>\n<ul>\n<li>2,3 litros<\/li>\n<\/ul>\n<p><strong>Capacidad de Agua Filtrada:<\/strong><\/p>\n<ul>\n<li>1,2 litros<\/li>\n<\/ul>\n<p><strong>Indicador de la Vida del Filtro:<\/strong><\/p>\n<ul>\n<li>Indicador manual desmontable \u2013 respetuoso con el medio ambiente<\/li>\n<\/ul>\n<p><strong>Recambios Disponibles:<\/strong><\/p>\n<ul>\n<li>Filtro; tapa para la Jarra; indicador manual de la duraci\u00f3n del filtro<\/li>\n<\/ul>\n<\/div>\n","protected":false},"excerpt":{"rendered":"<p>Descripci\u00f3n: La Jarra Stream mec\u00e1nica, fabricada en Italia, es una opci\u00f3n ligera y f\u00e1cil de usar para purificar agua. Con<\/p>\n","protected":false},"featured_media":212779,"comment_status":"open","ping_status":"closed","template":"","meta":{"_joinchat":[]},"product_cat":[5661,6529,5662],"product_tag":[],"class_list":{"0":"post-212778","1":"product","2":"type-product","3":"status-publish","4":"has-post-thumbnail","6":"product_cat-menaje","7":"product_cat-jarras-de-agua-filtrante","8":"product_cat-menaje-de-cocina","10":"first","11":"instock","12":"taxable","13":"shipping-taxable","14":"purchasable","15":"product-type-simple"},"_links":{"self":[{"href":"https:\/\/desdropi.com\/elparque\/wp-json\/wp\/v2\/product\/212778"}],"collection":[{"href":"https:\/\/desdropi.com\/elparque\/wp-json\/wp\/v2\/product"}],"about":[{"href":"https:\/\/desdropi.com\/elparque\/wp-json\/wp\/v2\/types\/product"}],"replies":[{"embeddable":true,"href":"https:\/\/desdropi.com\/elparque\/wp-json\/wp\/v2\/comments?post=212778"}],"version-history":[{"count":0,"href":"https:\/\/desdropi.com\/elparque\/wp-json\/wp\/v2\/product\/212778\/revisions"}],"wp:featuredmedia":[{"embeddable":true,"href":"https:\/\/desdropi.com\/elparque\/wp-json\/wp\/v2\/media\/212779"}],"wp:attachment":[{"href":"https:\/\/desdropi.com\/elparque\/wp-json\/wp\/v2\/media?parent=212778"}],"wp:term":[{"taxonomy":"product_cat","embeddable":true,"href":"https:\/\/desdropi.com\/elparque\/wp-json\/wp\/v2\/product_cat?post=212778"},{"taxonomy":"product_tag","embeddable":true,"href":"https:\/\/desdropi.com\/elparque\/wp-json\/wp\/v2\/product_tag?post=212778"}],"curies":[{"name":"wp","href":"https:\/\/api.w.org\/{rel}","templated":true}]}}