{"id":212840,"date":"2024-01-23T20:18:13","date_gmt":"2024-01-23T19:18:13","guid":{"rendered":"https:\/\/desdropi.com\/elparque\/?post_type=product&#038;p=212840"},"modified":"2024-01-24T11:48:38","modified_gmt":"2024-01-24T10:48:38","slug":"jarra-xxl-filtrante-florencia-j81-ca-oro-37lb","status":"publish","type":"product","link":"https:\/\/desdropi.com\/elparque\/jarra-xxl-filtrante-florencia-j81-ca-oro-37lb\/","title":{"rendered":"JARRA XXL FILTRANTE FLORENCIA J81-CA ORO 3,7LB"},"content":{"rendered":"<div class=\"descripcion-tab\">\n<strong>Jarra Xxl Filtrante Florencia Oro 3,7 L\u00a0<\/strong>Si buscas una soluci\u00f3n pr\u00e1ctica y eficiente para disfrutar de agua purificada en casa, la Jarra Xxl Filtrante Florencia Oro 3,7 L es la elecci\u00f3n perfecta. Descubre sus caracter\u00edsticas y detalles exclusivos disponibles solo online en Carrefour.es.<strong>Caracter\u00edsticas y Precio:<\/strong><\/p>\n<ul>\n<li><strong>Nombre del Producto:<\/strong> Jarra Xxl Filtrante Florencia Oro 3,7 L<\/li>\n<li><strong>Precio:<\/strong> 32,78 \u20ac<\/li>\n<li><strong>Vendido por:<\/strong> MS2 Digital<\/li>\n<li><strong>Env\u00edo:<\/strong> GRATIS a domicilio (Fecha estimada de entrega del 2 al 7 de Febrero)<\/li>\n<li><strong>Disponibilidad en Tienda:<\/strong> Verifica introduciendo tu c\u00f3digo postal<\/li>\n<li><strong>Otras Alternativas:<\/strong>\n<ul>\n<li>Vendido por Kiwiku a 28,03 \u20ac (Fecha estimada de entrega del 2 al 7 de Febrero por 4.8 \u20ac)<\/li>\n<li>Vendido por ECOMMERC3 a 34,82 \u20ac con ENV\u00cdO GRATIS (Fecha estimada de entrega del 26 al 29 de Enero)<\/li>\n<li>Vendido por Cholloday a 36,53 \u20ac en oferta (Fecha estimada de entrega del 25 al 26 de Enero)<\/li>\n<\/ul>\n<\/li>\n<\/ul>\n<p><strong>Caracter\u00edsticas del Producto:<\/strong><\/p>\n<ul>\n<li><strong>REF.\/EAN:<\/strong> 8013240705583 \/ 8013240705583<\/li>\n<li><strong>Fabricado en Italia:<\/strong>\n<ul>\n<li>Compacta y ahorra espacio<\/li>\n<li>Gran capacidad: 3,7 litros de agua siempre disponible c\u00f3modamente en casa<\/li>\n<li>Llenado r\u00e1pido<\/li>\n<li>Nuevos temporizadores de colores sin bater\u00edas, respetuosos con el medio ambiente.<\/li>\n<\/ul>\n<\/li>\n<\/ul>\n<p><strong>Componentes del Producto:<\/strong><\/p>\n<ul>\n<li>1 Jarra filtrante (equipamiento para el tratamiento del agua potable de uso dom\u00e9stico)<\/li>\n<li>1 Filtro<\/li>\n<li>1 Manual de Instrucciones<\/li>\n<\/ul>\n<p><strong>Dimensiones:<\/strong><\/p>\n<ul>\n<li>Altura: 25,4 cm<\/li>\n<li>Anchura: 24,7 cm<\/li>\n<li>Profundidad: 14,3 cm<\/li>\n<\/ul>\n<p><strong>Peso:<\/strong> 0,7 kg<\/p>\n<p><strong>Capacidad:<\/strong><\/p>\n<ul>\n<li>Total: 3,7 litros<\/li>\n<li>Agua Filtrada: 2,2 litros<\/li>\n<\/ul>\n<p><strong>Indicador de la Vida del Filtro:<\/strong><\/p>\n<ul>\n<li>Indicador manual desmontable \u2013 respetuoso con el medio ambiente<\/li>\n<\/ul>\n<p><strong>Recambios Disponibles:<\/strong><\/p>\n<ul>\n<li>Filtro<\/li>\n<li>Tapa para la Jarra<\/li>\n<li>Indicador manual de la duraci\u00f3n del filtro<\/li>\n<\/ul>\n<p><strong>Informaci\u00f3n B\u00e1sica:<\/strong><\/p>\n<ul>\n<li><strong>Tipo:<\/strong> Jarras Filtradoras<\/li>\n<li><strong>Color:<\/strong> Blanco<\/li>\n<li><strong>Ubicaci\u00f3n en el Hogar:<\/strong> Cocina \/ Sal\u00f3n \/ Exterior<\/li>\n<li><strong>Estilo:<\/strong> Moderno<\/li>\n<li><strong>Dise\u00f1o:<\/strong> Diario<\/li>\n<li><strong>Hecho en:<\/strong> Europa<\/li>\n<li><strong>Gama\/Modelo:<\/strong> Colecci\u00f3n: Florencia<\/li>\n<\/ul>\n<\/div>\n","protected":false},"excerpt":{"rendered":"<p>Jarra Xxl Filtrante Florencia Oro 3,7 L\u00a0Si buscas una soluci\u00f3n pr\u00e1ctica y eficiente para disfrutar de agua purificada en casa,<\/p>\n","protected":false},"featured_media":212844,"comment_status":"open","ping_status":"closed","template":"","meta":{"_joinchat":[]},"product_cat":[5661,6529,5662],"product_tag":[],"class_list":{"0":"post-212840","1":"product","2":"type-product","3":"status-publish","4":"has-post-thumbnail","6":"product_cat-menaje","7":"product_cat-jarras-de-agua-filtrante","8":"product_cat-menaje-de-cocina","10":"first","11":"instock","12":"taxable","13":"shipping-taxable","14":"purchasable","15":"product-type-simple"},"_links":{"self":[{"href":"https:\/\/desdropi.com\/elparque\/wp-json\/wp\/v2\/product\/212840"}],"collection":[{"href":"https:\/\/desdropi.com\/elparque\/wp-json\/wp\/v2\/product"}],"about":[{"href":"https:\/\/desdropi.com\/elparque\/wp-json\/wp\/v2\/types\/product"}],"replies":[{"embeddable":true,"href":"https:\/\/desdropi.com\/elparque\/wp-json\/wp\/v2\/comments?post=212840"}],"version-history":[{"count":0,"href":"https:\/\/desdropi.com\/elparque\/wp-json\/wp\/v2\/product\/212840\/revisions"}],"wp:featuredmedia":[{"embeddable":true,"href":"https:\/\/desdropi.com\/elparque\/wp-json\/wp\/v2\/media\/212844"}],"wp:attachment":[{"href":"https:\/\/desdropi.com\/elparque\/wp-json\/wp\/v2\/media?parent=212840"}],"wp:term":[{"taxonomy":"product_cat","embeddable":true,"href":"https:\/\/desdropi.com\/elparque\/wp-json\/wp\/v2\/product_cat?post=212840"},{"taxonomy":"product_tag","embeddable":true,"href":"https:\/\/desdropi.com\/elparque\/wp-json\/wp\/v2\/product_tag?post=212840"}],"curies":[{"name":"wp","href":"https:\/\/api.w.org\/{rel}","templated":true}]}}