{"id":212846,"date":"2024-01-23T20:25:20","date_gmt":"2024-01-23T19:25:20","guid":{"rendered":"https:\/\/desdropi.com\/elparque\/?post_type=product&#038;p=212846"},"modified":"2024-01-24T11:50:52","modified_gmt":"2024-01-24T10:50:52","slug":"jarra-xxl-filtrante-roma-j81-ea-verde-37l","status":"publish","type":"product","link":"https:\/\/desdropi.com\/elparque\/jarra-xxl-filtrante-roma-j81-ea-verde-37l\/","title":{"rendered":"JARRA XXL FILTRANTE ROMA J81-EA VERDE 3,7L"},"content":{"rendered":"<div class=\"descripcion-tab\">\n<strong>Jarra Depuradora de Agua &#8211; Una Soluci\u00f3n Italiana para un Agua Pura y Fresca<\/strong>Descubre la elegancia y funcionalidad de la Jarra Depuradora de Agua, fabricada en Italia para ofrecerte la m\u00e1xima calidad en el tratamiento del agua potable en tu hogar. Con sus caracter\u00edsticas \u00fanicas, esta jarra es una opci\u00f3n compacta que ahorra espacio y garantiza una gran capacidad de 3,7 litros de agua siempre disponible c\u00f3modamente. Conoce m\u00e1s sobre este exclusivo producto:<\/p>\n<p><strong>Descripci\u00f3n del Producto:<\/strong><\/p>\n<ul>\n<li><strong>Fabricado en Italia:<\/strong>\n<ul>\n<li>Compacta y ahorra espacio<\/li>\n<li>Gran capacidad: 3,7 litros de agua siempre disponible c\u00f3modamente en casa<\/li>\n<li>Llenado r\u00e1pido<\/li>\n<li>Nuevos temporizadores de colores sin bater\u00edas, respetuosos con el medio ambiente.<\/li>\n<\/ul>\n<\/li>\n<\/ul>\n<p><strong>Colores Disponibles:<\/strong><\/p>\n<ul>\n<li>Crema-Verde Oscuro: J81-EA<\/li>\n<li>Crema-Burdeos: J81-EB<\/li>\n<li>Azul Crema Nocturno: J81-EC<\/li>\n<\/ul>\n<p><strong>Ficha de Datos:<\/strong><\/p>\n<ul>\n<li><strong>C\u00f3digo de Producto:<\/strong>\n<ul>\n<li>Crema-Verde Oscuro: J81-EA<\/li>\n<li>Crema-Burdeos: J81-EB<\/li>\n<li>Azul Crema Nocturno: J81-EC<\/li>\n<\/ul>\n<\/li>\n<li><strong>EAN:<\/strong>\n<ul>\n<li>Crema-Verde Oscuro: 801324 070554 5<\/li>\n<li>Crema-Burdeos: 801324 070555 2<\/li>\n<li>Azul Crema Nocturno: 801324 070556 9<\/li>\n<\/ul>\n<\/li>\n<li><strong>Colores Disponibles:<\/strong>\n<ul>\n<li>Crema-Verde Oscuro, Crema-Burdeos, Azul Crema Nocturno<\/li>\n<\/ul>\n<\/li>\n<\/ul>\n<p><strong>Componentes del Producto:<\/strong><\/p>\n<ul>\n<li>1 Jarra filtrante (equipamiento para el tratamiento del agua potable de uso dom\u00e9stico)<\/li>\n<li>1 Filtro<\/li>\n<li>1 Manual de Instrucciones<\/li>\n<\/ul>\n<p><strong>Dimensiones:<\/strong><\/p>\n<ul>\n<li>Altura: 25,4 cm<\/li>\n<li>Anchura: 24,7 cm<\/li>\n<li>Profundidad: 14,3 cm<\/li>\n<\/ul>\n<p><strong>Peso:<\/strong> 0,7 kg<\/p>\n<p><strong>Capacidad:<\/strong><\/p>\n<ul>\n<li>Total: 3,7 litros<\/li>\n<li>Agua Filtrada: 2,2 litros<\/li>\n<\/ul>\n<p><strong>Indicador de la Vida del Filtro:<\/strong><\/p>\n<ul>\n<li>Indicador manual desmontable \u2013 respetuoso con el medio ambiente<\/li>\n<\/ul>\n<p><strong>Recambios Disponibles:<\/strong><\/p>\n<ul>\n<li>Filtro<\/li>\n<li>Tapa para la Jarra<\/li>\n<li>Indicador manual de la duraci\u00f3n del filtro<\/li>\n<\/ul>\n<p>Convierte la hora del agua en un momento elegante y sencillo con la Jarra Depuradora de Agua en el exclusivo color de tu elecci\u00f3n. \u00a1Ord\u00e9nala ahora y disfruta de un agua pura y fresca en casa!<\/p>\n<\/div>\n","protected":false},"excerpt":{"rendered":"<p>Jarra Depuradora de Agua &#8211; Una Soluci\u00f3n Italiana para un Agua Pura y FrescaDescubre la elegancia y funcionalidad de la<\/p>\n","protected":false},"featured_media":212848,"comment_status":"open","ping_status":"closed","template":"","meta":{"_joinchat":[]},"product_cat":[5661,6529,5662],"product_tag":[],"class_list":{"0":"post-212846","1":"product","2":"type-product","3":"status-publish","4":"has-post-thumbnail","6":"product_cat-menaje","7":"product_cat-jarras-de-agua-filtrante","8":"product_cat-menaje-de-cocina","10":"first","11":"instock","12":"taxable","13":"shipping-taxable","14":"purchasable","15":"product-type-simple"},"_links":{"self":[{"href":"https:\/\/desdropi.com\/elparque\/wp-json\/wp\/v2\/product\/212846"}],"collection":[{"href":"https:\/\/desdropi.com\/elparque\/wp-json\/wp\/v2\/product"}],"about":[{"href":"https:\/\/desdropi.com\/elparque\/wp-json\/wp\/v2\/types\/product"}],"replies":[{"embeddable":true,"href":"https:\/\/desdropi.com\/elparque\/wp-json\/wp\/v2\/comments?post=212846"}],"version-history":[{"count":0,"href":"https:\/\/desdropi.com\/elparque\/wp-json\/wp\/v2\/product\/212846\/revisions"}],"wp:featuredmedia":[{"embeddable":true,"href":"https:\/\/desdropi.com\/elparque\/wp-json\/wp\/v2\/media\/212848"}],"wp:attachment":[{"href":"https:\/\/desdropi.com\/elparque\/wp-json\/wp\/v2\/media?parent=212846"}],"wp:term":[{"taxonomy":"product_cat","embeddable":true,"href":"https:\/\/desdropi.com\/elparque\/wp-json\/wp\/v2\/product_cat?post=212846"},{"taxonomy":"product_tag","embeddable":true,"href":"https:\/\/desdropi.com\/elparque\/wp-json\/wp\/v2\/product_tag?post=212846"}],"curies":[{"name":"wp","href":"https:\/\/api.w.org\/{rel}","templated":true}]}}