{"id":213110,"date":"2024-01-26T23:30:03","date_gmt":"2024-01-26T22:30:03","guid":{"rendered":"https:\/\/desdropi.com\/elparque\/campana-mepamsa-superline-60-blanco-v2-400m3\/"},"modified":"2024-05-18T23:28:47","modified_gmt":"2024-05-18T21:28:47","slug":"campana-mepamsa-superline-60-blanco-v2-400m3","status":"publish","type":"product","link":"https:\/\/desdropi.com\/elparque\/campana-mepamsa-superline-60-blanco-v2-400m3\/","title":{"rendered":"campana mepamsa superline 60 blanco v2 400m3"},"content":{"rendered":"<div class=\"descripcion-tab\">\n<ul>\n<li>Clase Energ\u00e9tica &#8211; D<\/li>\n<li>Potencia M\u00e1x. (W) &#8211; 140 W<\/li>\n<li>Total Power &#8211; 142-W<\/li>\n<li>Iluminaci\u00f3n &#8211; LEDS 2x1W<\/li>\n<li>Aspiraci\u00f3n en M\u00edn. (UNE EN-61591) &#8211; 235 m3\/h<\/li>\n<li>Aspiraci\u00f3n en M\u00e1x. (UNE EN-61591) &#8211; 415-M3\/H<\/li>\n<li>Pot. Sonora en M\u00edn. (UNE EN-60704-3) &#8211; 58-DBA<\/li>\n<li>Pot. Sonora en M\u00e1x. (UNE EN-60704-3) &#8211; 69 dB(A)<\/li>\n<li>Tipo de Mandos &#8211; ELECTROMECHANICAL<\/li>\n<li>Ancho &#8211; 60.00 cm<\/li>\n<li>Tipo de campana &#8211; integraci\u00f3n<\/li>\n<li>Salida &#8211; \u00d8 120 mm<\/li>\n<li>Voltage &#8211; 220-240V<\/li>\n<li>Pressure &#8211; 240.00 Pa<\/li>\n<li>Grease filter &#8211; Filtros de Aluminio<\/li>\n<li>Type of motor &#8211; Energy 800<\/li>\n<li>Dimensions &#8211; 600X280<\/li>\n<\/ul>\n<\/div>\n","protected":false},"excerpt":{"rendered":"<p>Clase Energ\u00e9tica &#8211; D Potencia M\u00e1x. (W) &#8211; 140 W Total Power &#8211; 142-W Iluminaci\u00f3n &#8211; LEDS 2x1W Aspiraci\u00f3n en<\/p>\n","protected":false},"featured_media":213111,"comment_status":"open","ping_status":"open","template":"","meta":{"_joinchat":[]},"product_cat":[6469,6468,3268,3886],"product_tag":[],"class_list":{"0":"post-213110","1":"product","2":"type-product","3":"status-publish","4":"has-post-thumbnail","6":"product_cat-extraibles","7":"product_cat-integrables-campanas","8":"product_cat-coccion","9":"product_cat-campanas","10":"pa_marca-mepamsa","12":"first","13":"instock","14":"taxable","15":"shipping-taxable","16":"purchasable","17":"product-type-simple"},"_links":{"self":[{"href":"https:\/\/desdropi.com\/elparque\/wp-json\/wp\/v2\/product\/213110"}],"collection":[{"href":"https:\/\/desdropi.com\/elparque\/wp-json\/wp\/v2\/product"}],"about":[{"href":"https:\/\/desdropi.com\/elparque\/wp-json\/wp\/v2\/types\/product"}],"replies":[{"embeddable":true,"href":"https:\/\/desdropi.com\/elparque\/wp-json\/wp\/v2\/comments?post=213110"}],"version-history":[{"count":0,"href":"https:\/\/desdropi.com\/elparque\/wp-json\/wp\/v2\/product\/213110\/revisions"}],"wp:featuredmedia":[{"embeddable":true,"href":"https:\/\/desdropi.com\/elparque\/wp-json\/wp\/v2\/media\/213111"}],"wp:attachment":[{"href":"https:\/\/desdropi.com\/elparque\/wp-json\/wp\/v2\/media?parent=213110"}],"wp:term":[{"taxonomy":"product_cat","embeddable":true,"href":"https:\/\/desdropi.com\/elparque\/wp-json\/wp\/v2\/product_cat?post=213110"},{"taxonomy":"product_tag","embeddable":true,"href":"https:\/\/desdropi.com\/elparque\/wp-json\/wp\/v2\/product_tag?post=213110"}],"curies":[{"name":"wp","href":"https:\/\/api.w.org\/{rel}","templated":true}]}}