{"id":213209,"date":"2024-01-29T18:23:43","date_gmt":"2024-01-29T17:23:43","guid":{"rendered":"https:\/\/desdropi.com\/elparque\/?post_type=product&#038;p=213209"},"modified":"2024-01-29T18:23:43","modified_gmt":"2024-01-29T17:23:43","slug":"altavoz-portatil-inalambrico-bluetooth-sy-xtr11bt","status":"publish","type":"product","link":"https:\/\/desdropi.com\/elparque\/altavoz-portatil-inalambrico-bluetooth-sy-xtr11bt\/","title":{"rendered":"Altavoz Port\u00e1til Inal\u00e1mbrico Bluetooth SY-XTR11BT"},"content":{"rendered":"<div class=\"sc-ghmHFB fWGezm\"><strong>Sobre el producto<\/strong><\/div>\n<div class=\"sc-Ffjrs eGvbdp\">\n<p>Altavoz port\u00e1til inal\u00e1mbrico Bluetooth V5.0, ideal para fiestas, clases de baile, eventos, y mucho m\u00e1s.<\/p>\n<p><strong>Caracter\u00edsticas<\/strong><\/p>\n<ul>\n<li>Sintonizador FM con b\u00fasqueda autom\u00e1tica.<\/li>\n<li><strong>Funci\u00f3n TWS\u00a0<\/strong>que permite el emparejamiento de dos altavoces iguales para disfrutar de un sonido TRUE WIRELESS STEREO.<\/li>\n<li>Puerto USB 2.0 y ranura tarjeta SD.<\/li>\n<li><strong>Efecto luces RGB<\/strong>.<\/li>\n<li>Bater\u00eda recargable de Ion litio<\/li>\n<\/ul>\n<p><strong>Especificaciones<\/strong><\/p>\n<ul>\n<li>Altavoz de 6,5\u201d.<\/li>\n<li>Potencia: 10W. RMS<\/li>\n<li><strong>Entrada de micr\u00f3fono y auxiliar.<\/strong><\/li>\n<li><strong>Bater\u00eda<\/strong>: 1200mah \u2013 3.7V.<\/li>\n<li>Unidades Embalaje: 1.<\/li>\n<li>Medidas Embalaje: 21,7 X 31,8 X 15,4 Cm.<\/li>\n<li>Peso Embalaje: 1,39 Kg<\/li>\n<li><strong>Accesorios incluidos:<\/strong>\u00a0Cable USB y manual de usuario.<\/li>\n<\/ul>\n<\/div>\n","protected":false},"excerpt":{"rendered":"<p>Sobre el producto Altavoz port\u00e1til inal\u00e1mbrico Bluetooth V5.0, ideal para fiestas, clases de baile, eventos, y mucho m\u00e1s. Caracter\u00edsticas Sintonizador<\/p>\n","protected":false},"featured_media":213212,"comment_status":"open","ping_status":"closed","template":"","meta":{"_joinchat":[]},"product_cat":[1022,6885],"product_tag":[],"class_list":{"0":"post-213209","1":"product","2":"type-product","3":"status-publish","4":"has-post-thumbnail","6":"product_cat-sonido","7":"product_cat-altavoces","9":"first","10":"instock","11":"taxable","12":"shipping-taxable","13":"purchasable","14":"product-type-simple"},"_links":{"self":[{"href":"https:\/\/desdropi.com\/elparque\/wp-json\/wp\/v2\/product\/213209"}],"collection":[{"href":"https:\/\/desdropi.com\/elparque\/wp-json\/wp\/v2\/product"}],"about":[{"href":"https:\/\/desdropi.com\/elparque\/wp-json\/wp\/v2\/types\/product"}],"replies":[{"embeddable":true,"href":"https:\/\/desdropi.com\/elparque\/wp-json\/wp\/v2\/comments?post=213209"}],"version-history":[{"count":0,"href":"https:\/\/desdropi.com\/elparque\/wp-json\/wp\/v2\/product\/213209\/revisions"}],"wp:featuredmedia":[{"embeddable":true,"href":"https:\/\/desdropi.com\/elparque\/wp-json\/wp\/v2\/media\/213212"}],"wp:attachment":[{"href":"https:\/\/desdropi.com\/elparque\/wp-json\/wp\/v2\/media?parent=213209"}],"wp:term":[{"taxonomy":"product_cat","embeddable":true,"href":"https:\/\/desdropi.com\/elparque\/wp-json\/wp\/v2\/product_cat?post=213209"},{"taxonomy":"product_tag","embeddable":true,"href":"https:\/\/desdropi.com\/elparque\/wp-json\/wp\/v2\/product_tag?post=213209"}],"curies":[{"name":"wp","href":"https:\/\/api.w.org\/{rel}","templated":true}]}}