{"id":213254,"date":"2024-01-29T19:48:38","date_gmt":"2024-01-29T18:48:38","guid":{"rendered":"https:\/\/desdropi.com\/elparque\/?post_type=product&#038;p=213254"},"modified":"2024-01-29T19:48:38","modified_gmt":"2024-01-29T18:48:38","slug":"radio-analogica-de-bolsillo-gris-sty-1660","status":"publish","type":"product","link":"https:\/\/desdropi.com\/elparque\/radio-analogica-de-bolsillo-gris-sty-1660\/","title":{"rendered":"Radio Anal\u00f3gica de Bolsillo Gris STY-1660"},"content":{"rendered":"<p><strong>Descripci\u00f3n<\/strong><\/p>\n<p>Radio de bolsillo<br \/>\nSintonizador 2 bandas AM\/FM<br \/>\nSintonizador anal\u00f3gico<br \/>\nAltavoz integrado<br \/>\nAntena telesc\u00f3pica<br \/>\nConexi\u00f3n auricular<br \/>\nAccesorios incluidos: Manual de instrucciones<\/p>\n<p><strong>Caracter\u00edsticas:<\/strong><\/p>\n<ul>\n<li>Alimentaci\u00f3n: 2 pilas \u201cAA\u201d &#8211; LR-6(no incluidas)<\/li>\n<li>Rango de frecuencia: AM: 530-1600kHz FM: 88 &#8211; 108Mhz.SNR: 34dB<\/li>\n<li>Altavoz: 57mm. Potencia altavoz: 0,5W.<\/li>\n<li>Potencia salida auricular: 100mW.<\/li>\n<li>Conector auricular: 3.5mm<\/li>\n<li>Peso: 120,4 g.<\/li>\n<li>Dimensiones: 6,2 x 2,8 x 11,7 cm (Ancho\/Fondo\/Alto)<\/li>\n<\/ul>\n<p><strong>Caracter\u00edsticas T\u00e9cnicas<\/strong><\/p>\n<ul>\n<li>Tipo de dispositivo Radio port\u00e1til<\/li>\n<\/ul>\n<p><strong>Sintonizador<\/strong><\/p>\n<ul>\n<li>Modos de recepci\u00f3n FM<\/li>\n<\/ul>\n<p><strong>Fuente de alimentaci\u00f3n<\/strong><\/p>\n<ul>\n<li>Modo de funcionamiento Bater\u00eda<\/li>\n<\/ul>\n<p><strong>Caracter\u00edsticas generales<\/strong><\/p>\n<ul>\n<li>Anchura 11,7 cm<\/li>\n<li>Altura 2,8cm<\/li>\n<li>Profundidad 6,2 cm<\/li>\n<li>Color (por fabricante) Gris<\/li>\n<li>Contenido Radio de Bolsillo Am-Fm, Altavoz. Vertical, Plata<\/li>\n<\/ul>\n","protected":false},"excerpt":{"rendered":"<p>Descripci\u00f3n Radio de bolsillo Sintonizador 2 bandas AM\/FM Sintonizador anal\u00f3gico Altavoz integrado Antena telesc\u00f3pica Conexi\u00f3n auricular Accesorios incluidos: Manual de<\/p>\n","protected":false},"featured_media":213257,"comment_status":"open","ping_status":"closed","template":"","meta":{"_joinchat":[]},"product_cat":[1022,6027],"product_tag":[],"class_list":{"0":"post-213254","1":"product","2":"type-product","3":"status-publish","4":"has-post-thumbnail","6":"product_cat-sonido","7":"product_cat-radios","9":"first","10":"instock","11":"taxable","12":"shipping-taxable","13":"purchasable","14":"product-type-simple"},"_links":{"self":[{"href":"https:\/\/desdropi.com\/elparque\/wp-json\/wp\/v2\/product\/213254"}],"collection":[{"href":"https:\/\/desdropi.com\/elparque\/wp-json\/wp\/v2\/product"}],"about":[{"href":"https:\/\/desdropi.com\/elparque\/wp-json\/wp\/v2\/types\/product"}],"replies":[{"embeddable":true,"href":"https:\/\/desdropi.com\/elparque\/wp-json\/wp\/v2\/comments?post=213254"}],"version-history":[{"count":0,"href":"https:\/\/desdropi.com\/elparque\/wp-json\/wp\/v2\/product\/213254\/revisions"}],"wp:featuredmedia":[{"embeddable":true,"href":"https:\/\/desdropi.com\/elparque\/wp-json\/wp\/v2\/media\/213257"}],"wp:attachment":[{"href":"https:\/\/desdropi.com\/elparque\/wp-json\/wp\/v2\/media?parent=213254"}],"wp:term":[{"taxonomy":"product_cat","embeddable":true,"href":"https:\/\/desdropi.com\/elparque\/wp-json\/wp\/v2\/product_cat?post=213254"},{"taxonomy":"product_tag","embeddable":true,"href":"https:\/\/desdropi.com\/elparque\/wp-json\/wp\/v2\/product_tag?post=213254"}],"curies":[{"name":"wp","href":"https:\/\/api.w.org\/{rel}","templated":true}]}}